{"id":30597,"date":"2021-02-21T16:06:39","date_gmt":"2021-02-21T16:06:39","guid":{"rendered":"https:\/\/www.autonvaraosahaku.fi\/?product=beru-gn013-hehkutulppa"},"modified":"2021-02-21T16:06:42","modified_gmt":"2021-02-21T16:06:42","slug":"beru-gn013-hehkutulppa","status":"publish","type":"product","link":"https:\/\/www.autonvaraosahaku.fi\/?product=beru-gn013-hehkutulppa","title":{"rendered":"BERU GN013 Hehkutulppa"},"content":{"rendered":"<p>Hehkutulppatyyppi: j\u00e4lkihehkutuksenkest\u00e4v\u00e4, Hehkutulppa, puikko; J\u00e4nnite (V): 11; Liittimet: M5 \/ 3 Nm; Kokonaispituus (mm): 71; Asennussyvyys (mm): 25; Kierremitta: M12x1,25; Avainv\u00e4li: 12 mm; Virta (A): 14; Kartionousu: 63; Kiristysmomentti > [Nm]: 15; Kiristysmomentti enint\u00e4\u00e4n [Nm]: 25; Katkeamismomentti [Nm]: 45; Tarvittava kappalem\u00e4\u00e4r\u00e4: 6; BMW: 5 E39,5 Touring E39,3 Compact E36,3 E36,3 E30,7 E38,5 E34,3 Touring E36,5 Touring E34,3 Touring E30; CHEVROLET: C1500 Pick-up; LADA: NIVA 2121; LAND ROVER: RANGE ROVER II LP; HYUNDAI: LANTRA II Wagon J-2,LANTRA II J-2; DAIHATSU: HIJET Kasten S85,HIJET Pick-up _U60; SUZUKI: SAMURAI SJ,VITARA ET, TA,VITARA Cabrio ET, TA; OPEL: ASTRA G CC F48_, F08_,OMEGA A 16_, 17_, 19_,ASTRA G Caravan F35_,ASTRA F CC 53_, 54_, 58_, 59_,OMEGA B Caravan 21_, 22_, 23_,OMEGA B 25_, 26_, 27_,ASTRA F Caravan 51_, 52_,ASTRA G Stufenheck F69_,VECTRA A 86_, 87_,ASTRA F 56_, 57_,KADETT E CC 33_, 34_, 43_, 44_,FRONTERA A 5_MWL4,VECTRA A CC 88_, 89_,ASCONA C 81_, 86_, 87_, 88_,REKORD E 17_-19_, 11_, 14_, 16_,SENATOR A 29_,OMEGA A Caravan 66_, 67_,KADETT D 31_-34_, 41_-44_,KADETT E 39_, 49_,ASCONA C CC 84_, 89_,ASTRA G Kasten F70,KADETT E Caravan 35_, 36_, 45_, 46_,ASTRA F Van 55_,REKORD E Caravan 61_, 66_, 67_,KADETT D 32_,37_,39, _42,KADETT D Caravan 35_, 36_, 45_, 46_,KADETT E Kasten 37_, 47_,KADETT E Combo 38_, 48_; CHRYSLER: VOYAGER III GS,VOYAGER II ES; LANCIA: THEMA 834,DELTA II 836,DEDRA 835,DEDRA SW 835,THEMA SW 834; 9616572480, 9633214380, 596203, 59627A<\/p>\n","protected":false},"excerpt":{"rendered":"<p>BERU Hehkutulppa GN013  BMW,CHEVROLET,LADA,5 E39,5 Touring E39,3 Compact E36,3 E36,3 E30,7 E38,5 E34,3 Touring E36,5 Touring E34,3 Touring E30<\/p>\n","protected":false},"featured_media":0,"template":"","meta":{"site-sidebar-layout":"default","site-content-layout":"default","ast-global-header-display":"","ast-main-header-display":"","ast-hfb-above-header-display":"","ast-hfb-below-header-display":"","ast-hfb-mobile-header-display":"","site-post-title":"","ast-breadcrumbs-content":"","ast-featured-img":"","footer-sml-layout":"","theme-transparent-header-meta":"","adv-header-id-meta":"","stick-header-meta":"","header-above-stick-meta":"","header-main-stick-meta":"","header-below-stick-meta":""},"pwb-brand":[327],"product_cat":[52],"product_tag":[],"class_list":{"0":"post-30597","1":"product","2":"type-product","3":"status-publish","5":"pwb-brand-beru","6":"product_cat-hehkutulppa","7":"desktop-align-left","8":"tablet-align-left","9":"mobile-align-left","11":"first","12":"instock","13":"product-type-external"},"brands":[{"id":327,"name":"BERU","slug":"beru"}],"_links":{"self":[{"href":"https:\/\/www.autonvaraosahaku.fi\/index.php?rest_route=\/wp\/v2\/product\/30597","targetHints":{"allow":["GET"]}}],"collection":[{"href":"https:\/\/www.autonvaraosahaku.fi\/index.php?rest_route=\/wp\/v2\/product"}],"about":[{"href":"https:\/\/www.autonvaraosahaku.fi\/index.php?rest_route=\/wp\/v2\/types\/product"}],"wp:attachment":[{"href":"https:\/\/www.autonvaraosahaku.fi\/index.php?rest_route=%2Fwp%2Fv2%2Fmedia&parent=30597"}],"wp:term":[{"taxonomy":"pwb-brand","embeddable":true,"href":"https:\/\/www.autonvaraosahaku.fi\/index.php?rest_route=%2Fwp%2Fv2%2Fpwb-brand&post=30597"},{"taxonomy":"product_cat","embeddable":true,"href":"https:\/\/www.autonvaraosahaku.fi\/index.php?rest_route=%2Fwp%2Fv2%2Fproduct_cat&post=30597"},{"taxonomy":"product_tag","embeddable":true,"href":"https:\/\/www.autonvaraosahaku.fi\/index.php?rest_route=%2Fwp%2Fv2%2Fproduct_tag&post=30597"}],"curies":[{"name":"wp","href":"https:\/\/api.w.org\/{rel}","templated":true}]}}