{"id":30604,"date":"2021-02-21T16:06:44","date_gmt":"2021-02-21T16:06:44","guid":{"rendered":"https:\/\/www.autonvaraosahaku.fi\/?product=vaico-v24-80005-jarrulevyt"},"modified":"2021-02-21T16:06:45","modified_gmt":"2021-02-21T16:06:45","slug":"vaico-v24-80005-jarrulevyt","status":"publish","type":"product","link":"https:\/\/www.autonvaraosahaku.fi\/?product=vaico-v24-80005-jarrulevyt","title":{"rendered":"VAICO V24-80005 Jarrulevyt"},"content":{"rendered":"<p>Jarrulevyn navan korkeus [mm]: 21,4; Asennuspuoli: Etuakseli; Vanne, aukkoja: 4; Korkeus (mm): 43,5; Jarrulevytyyppi: Tuuletettu; Jarrulevyn paksuus (mm): 22; V\u00e4himm\u00e4ispaksuus (mm): 20,2; Ulkol\u00e4pimitta [mm]: 284; keskitt\u00e4misl\u00e4pimitta [mm]: 59; Reik\u00e4ympyr\u00e4-\u00d8 [mm]: 98; Pakkausleveys [cm]: 30, 30; Pakkauskorkeus [mm]: 9, 9; Pakkaussyvyys [cm]: 30, 30; lis\u00e4tieto: CST99; Valmistusvuosi alkaen: 11\/1992; ABARTH: 500 \/ 595 312_,500C \/ 595C 312_; LANCIA: DELTA III 844,MUSA 350,LYBRA SW 839BX,DELTA I 831AB0,LYBRA 839AX,THEMA 834,DELTA II 836,DEDRA 835,DEDRA SW 835,THEMA SW 834; FIAT: STILO 192,BRAVO II 198,DOBLO Cargo 223,STILO Multi Wagon 192,DOBLO 119,DOBLO Kasten\/Kombi 263,IDEA,COUPE FA\/175,QUBO 225,BRAVO I 182,MAREA Weekend 185,FIORINO Kasten\/Kombi 225,LINEA 323,DOBLO Pritsche\/Fahrgestell 263,CROMA 154,STRADA Pick-up 578_,MAREA 185; ALFA ROMEO: 155 167; PEUGEOT: BIPPER AA_; 51920094, 5741446, 60810404, 71739569, 71772274, 0082433918, 0082451746, 46403088, 46448168, 46455892, 60812422, 60813038, 71739569, 71772274, 71739569, 71772274; Jarrulevy<\/p>\n","protected":false},"excerpt":{"rendered":"<p>VAICO Jarrulevyt V24-80005 Jarrulevy ABARTH,LANCIA,FIAT,500 \/ 595 312_,500C \/ 595C 312_,DELTA III 844,MUSA 350,LYBRA SW 839BX,DELTA I 831AB0<\/p>\n","protected":false},"featured_media":0,"template":"","meta":{"site-sidebar-layout":"default","site-content-layout":"default","ast-global-header-display":"","ast-main-header-display":"","ast-hfb-above-header-display":"","ast-hfb-below-header-display":"","ast-hfb-mobile-header-display":"","site-post-title":"","ast-breadcrumbs-content":"","ast-featured-img":"","footer-sml-layout":"","theme-transparent-header-meta":"","adv-header-id-meta":"","stick-header-meta":"","header-above-stick-meta":"","header-main-stick-meta":"","header-below-stick-meta":""},"pwb-brand":[330],"product_cat":[66],"product_tag":[],"class_list":{"0":"post-30604","1":"product","2":"type-product","3":"status-publish","5":"pwb-brand-vaico","6":"product_cat-jarrulevyt","7":"desktop-align-left","8":"tablet-align-left","9":"mobile-align-left","11":"first","12":"instock","13":"product-type-external"},"brands":[{"id":330,"name":"VAICO","slug":"vaico"}],"_links":{"self":[{"href":"https:\/\/www.autonvaraosahaku.fi\/index.php?rest_route=\/wp\/v2\/product\/30604","targetHints":{"allow":["GET"]}}],"collection":[{"href":"https:\/\/www.autonvaraosahaku.fi\/index.php?rest_route=\/wp\/v2\/product"}],"about":[{"href":"https:\/\/www.autonvaraosahaku.fi\/index.php?rest_route=\/wp\/v2\/types\/product"}],"wp:attachment":[{"href":"https:\/\/www.autonvaraosahaku.fi\/index.php?rest_route=%2Fwp%2Fv2%2Fmedia&parent=30604"}],"wp:term":[{"taxonomy":"pwb-brand","embeddable":true,"href":"https:\/\/www.autonvaraosahaku.fi\/index.php?rest_route=%2Fwp%2Fv2%2Fpwb-brand&post=30604"},{"taxonomy":"product_cat","embeddable":true,"href":"https:\/\/www.autonvaraosahaku.fi\/index.php?rest_route=%2Fwp%2Fv2%2Fproduct_cat&post=30604"},{"taxonomy":"product_tag","embeddable":true,"href":"https:\/\/www.autonvaraosahaku.fi\/index.php?rest_route=%2Fwp%2Fv2%2Fproduct_tag&post=30604"}],"curies":[{"name":"wp","href":"https:\/\/api.w.org\/{rel}","templated":true}]}}