{"id":30617,"date":"2021-02-21T16:06:44","date_gmt":"2021-02-21T16:06:44","guid":{"rendered":"https:\/\/www.autonvaraosahaku.fi\/?product=aks-dasis-040210n-jaahdytin"},"modified":"2021-02-21T16:06:48","modified_gmt":"2021-02-21T16:06:48","slug":"aks-dasis-040210n-jaahdytin","status":"publish","type":"product","link":"https:\/\/www.autonvaraosahaku.fi\/?product=aks-dasis-040210n-jaahdytin","title":{"rendered":"AKS DASIS 040210N J\u00e4\u00e4hdytin"},"content":{"rendered":"<p>Verkon pituus [mm]: 525; Verkon leveys [mm]: 320; Verkon syvyys [mm]: 34; Kennon mitat: 525x320x34; Sis\u00e4\u00e4ntulol\u00e4pimitta [mm]: 32; Ulostulon l\u00e4pimitta [mm]: 32; J\u00e4\u00e4hdytintyyppi: J\u00e4\u00e4hdytysrivat mekaan. kiinnitetyt; Vahvistettu malli: ; Pakkauspituus [cm]: 65; Pakkausleveys [cm]: 36; Pakkauskorkeus [mm]: 9,5; Paino [kg]: 1,98; Valmistusvuosi alkaen: 03\/1983; VW: GOLF II 19E, 1G1,PASSAT Variant 3A5, 35I,GOLF I Cabriolet 155,PASSAT 3A2, 35I,SCIROCCO 53B,GOLF I 17,JETTA II 19E, 1G2, 165,SCIROCCO 53,JETTA I 16; SEAT: TOLEDO I 1L; Syyl\u00e4ri,J\u00e4\u00e4hdytin,Moottorin J\u00e4\u00e4hdytys<\/p>\n","protected":false},"excerpt":{"rendered":"<p>AKS DASIS J\u00e4\u00e4hdytin 040210N Syyl\u00e4ri,J\u00e4\u00e4hdytin,Moottorin J\u00e4\u00e4hdytys VW,SEAT,GOLF II 19E, 1G1,PASSAT Variant 3A5, 35I,GOLF I Cabriolet 155<\/p>\n","protected":false},"featured_media":0,"template":"","meta":{"site-sidebar-layout":"default","site-content-layout":"default","ast-global-header-display":"","ast-main-header-display":"","ast-hfb-above-header-display":"","ast-hfb-below-header-display":"","ast-hfb-mobile-header-display":"","site-post-title":"","ast-breadcrumbs-content":"","ast-featured-img":"","footer-sml-layout":"","theme-transparent-header-meta":"","adv-header-id-meta":"","stick-header-meta":"","header-above-stick-meta":"","header-main-stick-meta":"","header-below-stick-meta":""},"pwb-brand":[461],"product_cat":[421],"product_tag":[],"class_list":{"0":"post-30617","1":"product","2":"type-product","3":"status-publish","5":"pwb-brand-aks-dasis","6":"product_cat-jaahdytin","7":"desktop-align-left","8":"tablet-align-left","9":"mobile-align-left","11":"first","12":"instock","13":"product-type-external"},"brands":[{"id":461,"name":"AKS DASIS","slug":"aks-dasis"}],"_links":{"self":[{"href":"https:\/\/www.autonvaraosahaku.fi\/index.php?rest_route=\/wp\/v2\/product\/30617","targetHints":{"allow":["GET"]}}],"collection":[{"href":"https:\/\/www.autonvaraosahaku.fi\/index.php?rest_route=\/wp\/v2\/product"}],"about":[{"href":"https:\/\/www.autonvaraosahaku.fi\/index.php?rest_route=\/wp\/v2\/types\/product"}],"wp:attachment":[{"href":"https:\/\/www.autonvaraosahaku.fi\/index.php?rest_route=%2Fwp%2Fv2%2Fmedia&parent=30617"}],"wp:term":[{"taxonomy":"pwb-brand","embeddable":true,"href":"https:\/\/www.autonvaraosahaku.fi\/index.php?rest_route=%2Fwp%2Fv2%2Fpwb-brand&post=30617"},{"taxonomy":"product_cat","embeddable":true,"href":"https:\/\/www.autonvaraosahaku.fi\/index.php?rest_route=%2Fwp%2Fv2%2Fproduct_cat&post=30617"},{"taxonomy":"product_tag","embeddable":true,"href":"https:\/\/www.autonvaraosahaku.fi\/index.php?rest_route=%2Fwp%2Fv2%2Fproduct_tag&post=30617"}],"curies":[{"name":"wp","href":"https:\/\/api.w.org\/{rel}","templated":true}]}}