{"id":30637,"date":"2021-02-21T16:06:49","date_gmt":"2021-02-21T16:06:49","guid":{"rendered":"https:\/\/www.autonvaraosahaku.fi\/?product=febi-bilstein-05743-jarruletku"},"modified":"2021-02-21T16:06:52","modified_gmt":"2021-02-21T16:06:52","slug":"febi-bilstein-05743-jarruletku","status":"publish","type":"product","link":"https:\/\/www.autonvaraosahaku.fi\/?product=febi-bilstein-05743-jarruletku","title":{"rendered":"FEBI BILSTEIN 05743 Jarruletku"},"content":{"rendered":"<p>Pituus (mm): 370; Sis\u00e4kierre (mm): M10 x 1; Ulkokierre [mm]: M10 x 1; Kierteen pituus (mm): 14,5; Avainv\u00e4li: 14, 17; V\u00e4ri: Musta; Asennuspuoli: etuakseli molemminpuoleinen; Paino [kg]: 0,08, 0,08; Moottorinumero: M102; MERCEDES-BENZ: 190 W201,Stufenheck W124,SL R129,SL R107,Stufenheck W123,S-CLASS W126,KOMBI Kombi S124,COUPE C124,COUPE C123,S-CLASS Coupe C126,KOMBI Kombi S123; 1234280635, 1294280035, A1234280635, A1294280035<\/p>\n","protected":false},"excerpt":{"rendered":"<p>FEBI BILSTEIN Jarruletku 05743  MERCEDES-BENZ,190 W201,Stufenheck W124,SL R129,SL R107,Stufenheck W123,S-CLASS W126,KOMBI Kombi S124,COUPE C124<\/p>\n","protected":false},"featured_media":0,"template":"","meta":{"site-sidebar-layout":"default","site-content-layout":"default","ast-global-header-display":"","ast-main-header-display":"","ast-hfb-above-header-display":"","ast-hfb-below-header-display":"","ast-hfb-mobile-header-display":"","site-post-title":"","ast-breadcrumbs-content":"","ast-featured-img":"","footer-sml-layout":"","theme-transparent-header-meta":"","adv-header-id-meta":"","stick-header-meta":"","header-above-stick-meta":"","header-main-stick-meta":"","header-below-stick-meta":""},"pwb-brand":[50],"product_cat":[70],"product_tag":[],"class_list":{"0":"post-30637","1":"product","2":"type-product","3":"status-publish","5":"pwb-brand-febi-bilstein","6":"product_cat-jarruletku","7":"desktop-align-left","8":"tablet-align-left","9":"mobile-align-left","11":"first","12":"instock","13":"product-type-external"},"brands":[{"id":50,"name":"FEBI BILSTEIN","slug":"febi-bilstein"}],"_links":{"self":[{"href":"https:\/\/www.autonvaraosahaku.fi\/index.php?rest_route=\/wp\/v2\/product\/30637","targetHints":{"allow":["GET"]}}],"collection":[{"href":"https:\/\/www.autonvaraosahaku.fi\/index.php?rest_route=\/wp\/v2\/product"}],"about":[{"href":"https:\/\/www.autonvaraosahaku.fi\/index.php?rest_route=\/wp\/v2\/types\/product"}],"wp:attachment":[{"href":"https:\/\/www.autonvaraosahaku.fi\/index.php?rest_route=%2Fwp%2Fv2%2Fmedia&parent=30637"}],"wp:term":[{"taxonomy":"pwb-brand","embeddable":true,"href":"https:\/\/www.autonvaraosahaku.fi\/index.php?rest_route=%2Fwp%2Fv2%2Fpwb-brand&post=30637"},{"taxonomy":"product_cat","embeddable":true,"href":"https:\/\/www.autonvaraosahaku.fi\/index.php?rest_route=%2Fwp%2Fv2%2Fproduct_cat&post=30637"},{"taxonomy":"product_tag","embeddable":true,"href":"https:\/\/www.autonvaraosahaku.fi\/index.php?rest_route=%2Fwp%2Fv2%2Fproduct_tag&post=30637"}],"curies":[{"name":"wp","href":"https:\/\/api.w.org\/{rel}","templated":true}]}}