{"id":30674,"date":"2021-02-21T16:06:59","date_gmt":"2021-02-21T16:06:59","guid":{"rendered":"https:\/\/www.autonvaraosahaku.fi\/?product=mahle-original-oc-217-oljynsuodatin"},"modified":"2021-02-21T16:07:01","modified_gmt":"2021-02-21T16:07:01","slug":"mahle-original-oc-217-oljynsuodatin","status":"publish","type":"product","link":"https:\/\/www.autonvaraosahaku.fi\/?product=mahle-original-oc-217-oljynsuodatin","title":{"rendered":"MAHLE ORIGINAL OC 217 \u00d6ljynsuodatin"},"content":{"rendered":"<p>Suodatintyyppi: Ruuvattava suodatin; L\u00e4pimitta [mm]: 65,5; Korkeus (mm): 86,5; Ulkol\u00e4pimitta 2 [mm]: 62,9; Sis\u00e4l\u00e4pimitta 2 [mm]: 54,5; Liitinkierre: 3\/4-16UNF-2B; Kiristysmomentti: 16; Suositellun erikoisty\u00f6kalun tuotenumero: OCS 4, OCS 4; Paino [g]: 0,5; Korkeus (tuumaa): 3,46; Leveys (tuumaa): 2,76; Pituus (tuumaa): 2,76; Valmistusvuosi alkaen: 02\/1990; VW: TARO; NISSAN: MICRA III K12,MICRA II K11,NOTE E11,MICRA C+C K12,100 NX B13,SERENA C23M,PRIMERA P10,SUNNY III Liftback N14,PULSAR V Schr\u00e4gheck N14,PRIMERA Hatchback P10,PRIMERA Traveller W10; SUZUKI: GRAND VITARA II JT,SX4 EY, GY,BALENO EG,SX4 Stufenheck GY,VITARA LY,GRAND VITARA I Cabriolet GT,JIMNY Gel\u00e4ndewagen offen SN; SEAT: MALAGA 023A; LEXUS: HS ANF10; SUBARU: JUSTY III G3X; TOYOTA: AVENSIS Kombi T25,RAV 4 III ACA3_, ACE_, ALA3_, GSA3_, ZSA3_,RAV 4 II CLA2_, XA2_, ZCA2_, ACA2_,COROLLA ZZE12_, NDE12_, ZDE12_,AVENSIS T25_,AVENSIS Stufenheck T25,AVENSIS _T22_,AVENSIS Station Wagon _T22_,CELICA ZZT23_,PREVIA MCR3_, ACR3_, CLR3_,AVENSIS Liftback _T22_,AVENSIS VERSO _CLM2_, _ACM2_,VIOS\/YARIS Stufenheck ZSP9_, NCP9_,MR 2 II SW2_,MR 2 III ZZW3_,CELICA ST20_, AT20_,COROLLA _E11_,CELICA Coupe AT18_, ST18_,PREVIA TCR2_, TCR1_,CAMRY MCV3_, ACV3_, _XV3_,COROLLA Liftback _E9_,MR 2 I AW1_,VIOS\/YARIS Stufenheck NCP15_,COROLLA Stufenheck E15_,COROLLA Compact _E9_,CELICA Liftback ST16_, AT16_,CAMRY Stufenheck _XV4_,CAMRY Stufenheck AVV5_, XV5_,PREVIA III ACR5_, GSR5_,CELICA Cabriolet AT20_, ST20_,MATRIX ZZE13_,MATRIX ZRE14_, AZE14_,LITEACE Bus _R2_LG,ALPHARD ATH1_, MNH1_, ANH1_,ALPHARD \/ VELLFIRE GGH2_, ANH2_, ATH2_,LITEACE Kasten _R2__V,COROLLA Coupe _E9_; LOTUS: ELISE,EXIGE SCC_; JJ9091510002, JJ9091510002, 1560187110, 1560187202, 5027150, 920X6714BA, EFL488, 20M01R2251, 9008091210, 9091510004, 90915YZZA1, 90915YZZF1, 90915YZZJ2, B120E6277S, 1520853J00, 1520853J01, 1520853J0A, 1520860U01, 1520870J00, 1520870J00XX, 1520870J01, 1520870J0A, 15208BX00A, 1651051A01, 1651061A02, 1651061A31, 1560016011, 1560176008, 156017600871, 9008091210, 9091503004, 9091510002, 9091510004, 90915CA001, 90915TA002, 90915YZZA1, 90915YZZE2, 90915YZZF1, 90915YZZJ2, 8614745, JJ9091510002<\/p>\n","protected":false},"excerpt":{"rendered":"<p>MAHLE ORIGINAL \u00d6ljynsuodatin OC 217  VW,NISSAN,SUZUKI,TARO,MICRA III K12,MICRA II K11,NOTE E11,MICRA C+C K12,100 NX B13,SERENA C23M,PRIMERA P10<\/p>\n","protected":false},"featured_media":0,"template":"","meta":{"site-sidebar-layout":"default","site-content-layout":"default","ast-global-header-display":"","ast-main-header-display":"","ast-hfb-above-header-display":"","ast-hfb-below-header-display":"","ast-hfb-mobile-header-display":"","site-post-title":"","ast-breadcrumbs-content":"","ast-featured-img":"","footer-sml-layout":"","theme-transparent-header-meta":"","adv-header-id-meta":"","stick-header-meta":"","header-above-stick-meta":"","header-main-stick-meta":"","header-below-stick-meta":""},"pwb-brand":[153],"product_cat":[30],"product_tag":[],"class_list":{"0":"post-30674","1":"product","2":"type-product","3":"status-publish","5":"pwb-brand-mahle-original","6":"product_cat-oljynsuodatin","7":"desktop-align-left","8":"tablet-align-left","9":"mobile-align-left","11":"first","12":"instock","13":"product-type-external"},"brands":[{"id":153,"name":"MAHLE ORIGINAL","slug":"mahle-original"}],"_links":{"self":[{"href":"https:\/\/www.autonvaraosahaku.fi\/index.php?rest_route=\/wp\/v2\/product\/30674","targetHints":{"allow":["GET"]}}],"collection":[{"href":"https:\/\/www.autonvaraosahaku.fi\/index.php?rest_route=\/wp\/v2\/product"}],"about":[{"href":"https:\/\/www.autonvaraosahaku.fi\/index.php?rest_route=\/wp\/v2\/types\/product"}],"wp:attachment":[{"href":"https:\/\/www.autonvaraosahaku.fi\/index.php?rest_route=%2Fwp%2Fv2%2Fmedia&parent=30674"}],"wp:term":[{"taxonomy":"pwb-brand","embeddable":true,"href":"https:\/\/www.autonvaraosahaku.fi\/index.php?rest_route=%2Fwp%2Fv2%2Fpwb-brand&post=30674"},{"taxonomy":"product_cat","embeddable":true,"href":"https:\/\/www.autonvaraosahaku.fi\/index.php?rest_route=%2Fwp%2Fv2%2Fproduct_cat&post=30674"},{"taxonomy":"product_tag","embeddable":true,"href":"https:\/\/www.autonvaraosahaku.fi\/index.php?rest_route=%2Fwp%2Fv2%2Fproduct_tag&post=30674"}],"curies":[{"name":"wp","href":"https:\/\/api.w.org\/{rel}","templated":true}]}}