{"id":30680,"date":"2021-02-21T16:07:03","date_gmt":"2021-02-21T16:07:03","guid":{"rendered":"https:\/\/www.autonvaraosahaku.fi\/?product=valeo-586080-oljynsuodatin"},"modified":"2021-02-21T16:07:04","modified_gmt":"2021-02-21T16:07:04","slug":"valeo-586080-oljynsuodatin","status":"publish","type":"product","link":"https:\/\/www.autonvaraosahaku.fi\/?product=valeo-586080-oljynsuodatin","title":{"rendered":"VALEO 586080 \u00d6ljynsuodatin"},"content":{"rendered":"<p>Kierremitta: M 20&#215;1,5; Ulkol\u00e4pimitta [mm]: 78; Sis\u00e4l\u00e4pimitta 1 [mm]: 72; Sis\u00e4l\u00e4pimitta 2 [mm]: 63; Korkeus (mm): 93,8; Avauspaine ohitusventtiili [bar]: 1,2; Suodatintyyppi: Ruuvattava suodatin; Paino [kg]: 0,35; Valmistusvuoteen: 04\/2010; FORD: FOCUS II Kombi DA_,MONDEO IV Turnier BA7,FOCUS II DA_,S-MAX WA6,FOCUS C-MAX,GALAXY WA6,C-MAX DM2,MONDEO IV BA7,FOCUS II Stufenheck DA_,MONDEO IV Stufenheck BA7; 1339125, 1807516, 4M5Q6714CA<\/p>\n","protected":false},"excerpt":{"rendered":"<p>VALEO \u00d6ljynsuodatin 586080  FORD,FOCUS II Kombi DA_,MONDEO IV Turnier BA7,FOCUS II DA_,S-MAX WA6,FOCUS C-MAX,GALAXY WA6,C-MAX DM2,MONDEO IV BA7<\/p>\n","protected":false},"featured_media":0,"template":"","meta":{"site-sidebar-layout":"default","site-content-layout":"default","ast-global-header-display":"","ast-main-header-display":"","ast-hfb-above-header-display":"","ast-hfb-below-header-display":"","ast-hfb-mobile-header-display":"","site-post-title":"","ast-breadcrumbs-content":"","ast-featured-img":"","footer-sml-layout":"","theme-transparent-header-meta":"","adv-header-id-meta":"","stick-header-meta":"","header-above-stick-meta":"","header-main-stick-meta":"","header-below-stick-meta":""},"pwb-brand":[28],"product_cat":[30],"product_tag":[],"class_list":{"0":"post-30680","1":"product","2":"type-product","3":"status-publish","5":"pwb-brand-valeo","6":"product_cat-oljynsuodatin","7":"desktop-align-left","8":"tablet-align-left","9":"mobile-align-left","11":"first","12":"instock","13":"product-type-external"},"brands":[{"id":28,"name":"VALEO","slug":"valeo"}],"_links":{"self":[{"href":"https:\/\/www.autonvaraosahaku.fi\/index.php?rest_route=\/wp\/v2\/product\/30680","targetHints":{"allow":["GET"]}}],"collection":[{"href":"https:\/\/www.autonvaraosahaku.fi\/index.php?rest_route=\/wp\/v2\/product"}],"about":[{"href":"https:\/\/www.autonvaraosahaku.fi\/index.php?rest_route=\/wp\/v2\/types\/product"}],"wp:attachment":[{"href":"https:\/\/www.autonvaraosahaku.fi\/index.php?rest_route=%2Fwp%2Fv2%2Fmedia&parent=30680"}],"wp:term":[{"taxonomy":"pwb-brand","embeddable":true,"href":"https:\/\/www.autonvaraosahaku.fi\/index.php?rest_route=%2Fwp%2Fv2%2Fpwb-brand&post=30680"},{"taxonomy":"product_cat","embeddable":true,"href":"https:\/\/www.autonvaraosahaku.fi\/index.php?rest_route=%2Fwp%2Fv2%2Fproduct_cat&post=30680"},{"taxonomy":"product_tag","embeddable":true,"href":"https:\/\/www.autonvaraosahaku.fi\/index.php?rest_route=%2Fwp%2Fv2%2Fproduct_tag&post=30680"}],"curies":[{"name":"wp","href":"https:\/\/api.w.org\/{rel}","templated":true}]}}