{"id":30703,"date":"2021-02-21T16:07:08","date_gmt":"2021-02-21T16:07:08","guid":{"rendered":"https:\/\/www.autonvaraosahaku.fi\/?product=ridex-82b0128-jarrulevyt"},"modified":"2021-02-21T16:07:09","modified_gmt":"2021-02-21T16:07:09","slug":"ridex-82b0128-jarrulevyt","status":"publish","type":"product","link":"https:\/\/www.autonvaraosahaku.fi\/?product=ridex-82b0128-jarrulevyt","title":{"rendered":"RIDEX 82B0128 Jarrulevyt"},"content":{"rendered":"<p>Asennuspuoli: Etuakseli; L\u00e4pimitta [mm]: 282; Jarrulevyn paksuus (mm): 23; Jarrulevytyyppi: Tuuletettu, sis\u00e4; Reikien m\u00e4\u00e4r\u00e4: 5; Korvaava tuote\/korvaava tiedote 2: Ruuveilla; M\u00e4\u00e4r\u00e4tty kiertosuunta: ; ei sidoksissa kulkusuuntaan: ; V\u00e4himm\u00e4ispaksuus (mm): 21; Py\u00f6r\u00e4nnapa-\u00d8 (mm): 70,1; Syvyys (mm): 47; Reik\u00e4ympyr\u00e4-\u00d8 1 [mm]: 114,3; Py\u00f6r\u00e4npulttireik\u00e4-\u00d8 [mm]: 12,7; Moottorinumero: F22B8; HONDA: CR-V I RD,HR-V GH,PRELUDE V BB,SHUTTLE RA,INTEGRA Coupe DC2, DC4,LEGEND III KA9,LEGEND II Coupe KA8,LEGEND II KA7,ODYSSEY RA_; 45251S2HN00, 45251SP0000, 45251SZ3000, 45251SZ3E00; Jarrulevy<\/p>\n","protected":false},"excerpt":{"rendered":"<p>RIDEX Jarrulevyt 82B0128 Jarrulevy HONDA,CR-V I RD,HR-V GH,PRELUDE V BB,SHUTTLE RA,INTEGRA Coupe DC2, DC4,LEGEND III KA9,LEGEND II Coupe KA8<\/p>\n","protected":false},"featured_media":0,"template":"","meta":{"site-sidebar-layout":"default","site-content-layout":"default","ast-global-header-display":"","ast-main-header-display":"","ast-hfb-above-header-display":"","ast-hfb-below-header-display":"","ast-hfb-mobile-header-display":"","site-post-title":"","ast-breadcrumbs-content":"","ast-featured-img":"","footer-sml-layout":"","theme-transparent-header-meta":"","adv-header-id-meta":"","stick-header-meta":"","header-above-stick-meta":"","header-main-stick-meta":"","header-below-stick-meta":""},"pwb-brand":[157],"product_cat":[66],"product_tag":[],"class_list":{"0":"post-30703","1":"product","2":"type-product","3":"status-publish","5":"pwb-brand-ridex","6":"product_cat-jarrulevyt","7":"desktop-align-left","8":"tablet-align-left","9":"mobile-align-left","11":"first","12":"instock","13":"product-type-external"},"brands":[{"id":157,"name":"RIDEX","slug":"ridex"}],"_links":{"self":[{"href":"https:\/\/www.autonvaraosahaku.fi\/index.php?rest_route=\/wp\/v2\/product\/30703","targetHints":{"allow":["GET"]}}],"collection":[{"href":"https:\/\/www.autonvaraosahaku.fi\/index.php?rest_route=\/wp\/v2\/product"}],"about":[{"href":"https:\/\/www.autonvaraosahaku.fi\/index.php?rest_route=\/wp\/v2\/types\/product"}],"wp:attachment":[{"href":"https:\/\/www.autonvaraosahaku.fi\/index.php?rest_route=%2Fwp%2Fv2%2Fmedia&parent=30703"}],"wp:term":[{"taxonomy":"pwb-brand","embeddable":true,"href":"https:\/\/www.autonvaraosahaku.fi\/index.php?rest_route=%2Fwp%2Fv2%2Fpwb-brand&post=30703"},{"taxonomy":"product_cat","embeddable":true,"href":"https:\/\/www.autonvaraosahaku.fi\/index.php?rest_route=%2Fwp%2Fv2%2Fproduct_cat&post=30703"},{"taxonomy":"product_tag","embeddable":true,"href":"https:\/\/www.autonvaraosahaku.fi\/index.php?rest_route=%2Fwp%2Fv2%2Fproduct_tag&post=30703"}],"curies":[{"name":"wp","href":"https:\/\/api.w.org\/{rel}","templated":true}]}}