{"id":30706,"date":"2021-02-21T16:07:08","date_gmt":"2021-02-21T16:07:08","guid":{"rendered":"https:\/\/www.autonvaraosahaku.fi\/?product=ridex-82b0357-jarrulevyt"},"modified":"2021-02-21T16:07:09","modified_gmt":"2021-02-21T16:07:09","slug":"ridex-82b0357-jarrulevyt","status":"publish","type":"product","link":"https:\/\/www.autonvaraosahaku.fi\/?product=ridex-82b0357-jarrulevyt","title":{"rendered":"RIDEX 82B0357 Jarrulevyt"},"content":{"rendered":"<p>Jarrulevyn navan korkeus [mm]: 58,5; Vanne, aukkoja: 5; Korkeus (mm): 78,5; Jarrulevytyyppi: Tuuletettu; Jarrulevyn paksuus (mm): 20; V\u00e4himm\u00e4ispaksuus (mm): 18,4; Ulkol\u00e4pimitta [mm]: 315; keskitt\u00e4misl\u00e4pimitta [mm]: 96,3; Reik\u00e4ympyr\u00e4-\u00d8 [mm]: 139,7, 139,7; Pakkaussyvyys [cm]: 32; Sis\u00e4l\u00e4pimitta [mm]: 190,0; Py\u00f6r\u00e4npulttireik\u00e4-\u00d8 [mm]: 12,5; Asennuspuoli: Taka-akseli, Hinterachse; KIA: SORENTO I JC; 584113E300, 584113E500; Jarrulevy<\/p>\n","protected":false},"excerpt":{"rendered":"<p>RIDEX Jarrulevyt 82B0357 Jarrulevy KIA,SORENTO I JC<\/p>\n","protected":false},"featured_media":0,"template":"","meta":{"site-sidebar-layout":"default","site-content-layout":"default","ast-global-header-display":"","ast-main-header-display":"","ast-hfb-above-header-display":"","ast-hfb-below-header-display":"","ast-hfb-mobile-header-display":"","site-post-title":"","ast-breadcrumbs-content":"","ast-featured-img":"","footer-sml-layout":"","theme-transparent-header-meta":"","adv-header-id-meta":"","stick-header-meta":"","header-above-stick-meta":"","header-main-stick-meta":"","header-below-stick-meta":""},"pwb-brand":[157],"product_cat":[66],"product_tag":[],"class_list":{"0":"post-30706","1":"product","2":"type-product","3":"status-publish","5":"pwb-brand-ridex","6":"product_cat-jarrulevyt","7":"desktop-align-left","8":"tablet-align-left","9":"mobile-align-left","11":"first","12":"instock","13":"product-type-external"},"brands":[{"id":157,"name":"RIDEX","slug":"ridex"}],"_links":{"self":[{"href":"https:\/\/www.autonvaraosahaku.fi\/index.php?rest_route=\/wp\/v2\/product\/30706","targetHints":{"allow":["GET"]}}],"collection":[{"href":"https:\/\/www.autonvaraosahaku.fi\/index.php?rest_route=\/wp\/v2\/product"}],"about":[{"href":"https:\/\/www.autonvaraosahaku.fi\/index.php?rest_route=\/wp\/v2\/types\/product"}],"wp:attachment":[{"href":"https:\/\/www.autonvaraosahaku.fi\/index.php?rest_route=%2Fwp%2Fv2%2Fmedia&parent=30706"}],"wp:term":[{"taxonomy":"pwb-brand","embeddable":true,"href":"https:\/\/www.autonvaraosahaku.fi\/index.php?rest_route=%2Fwp%2Fv2%2Fpwb-brand&post=30706"},{"taxonomy":"product_cat","embeddable":true,"href":"https:\/\/www.autonvaraosahaku.fi\/index.php?rest_route=%2Fwp%2Fv2%2Fproduct_cat&post=30706"},{"taxonomy":"product_tag","embeddable":true,"href":"https:\/\/www.autonvaraosahaku.fi\/index.php?rest_route=%2Fwp%2Fv2%2Fproduct_tag&post=30706"}],"curies":[{"name":"wp","href":"https:\/\/api.w.org\/{rel}","templated":true}]}}