{"id":30731,"date":"2021-02-21T16:07:12","date_gmt":"2021-02-21T16:07:12","guid":{"rendered":"https:\/\/www.autonvaraosahaku.fi\/?product=hella-8my-376-743-451-paisuntasailion-korkki"},"modified":"2021-02-21T16:07:15","modified_gmt":"2021-02-21T16:07:15","slug":"hella-8my-376-743-451-paisuntasailion-korkki","status":"publish","type":"product","link":"https:\/\/www.autonvaraosahaku.fi\/?product=hella-8my-376-743-451-paisuntasailion-korkki","title":{"rendered":"HELLA 8MY 376 743-451 Paisuntas\u00e4ili\u00f6n korkki"},"content":{"rendered":"<p>L\u00e4pimitta 1 [mm]: 66; L\u00e4pimitta 2 [mm]: 30; Avauspaine (bar): 2,0; Versio: produced by BEHR; lis\u00e4tieto: BEHR HELLA SERVICE *** PREMIUM LINE ***; Valmistusvuoteen: 07\/2013; BMW: 3 E46,5 E39,3 Touring E46,X3 E83,5 Touring E39,5 F10, F18,3 Compact E46,3 Coupe E46,3 Compact E36,3 E36,X5 E53,3 Cabriolet E46,7 E38,3 Coupe E36,Z3 E36,Z4 E85,7 E65, E66, E67,3 Cabriolet E36,3 Touring E36,7 F01, F02, F03, F04,5 Gran Turismo F07,Z3 Coupe E36,Z4 Coupe E86,6 Gran Coupe F06,6 Coupe F13,6 Cabriolet F12; ALPINA: B7 E65; 17110152374, 17111712492, 17111712669, 17111742231, 17117639022, 1712669, 1742231; Korkki, Paisuntas\u00e4ili\u00f6<\/p>\n","protected":false},"excerpt":{"rendered":"<p>HELLA Paisuntas\u00e4ili\u00f6n Korkki 8MY 376 743-451 Korkki, Paisuntas\u00e4ili\u00f6 BMW,ALPINA,3 E46,5 E39,3 Touring E46,X3 E83,5 Touring E39,5 F10, F18,3 Compact E46<\/p>\n","protected":false},"featured_media":0,"template":"","meta":{"site-sidebar-layout":"default","site-content-layout":"default","ast-global-header-display":"","ast-main-header-display":"","ast-hfb-above-header-display":"","ast-hfb-below-header-display":"","ast-hfb-mobile-header-display":"","site-post-title":"","ast-breadcrumbs-content":"","ast-featured-img":"","footer-sml-layout":"","theme-transparent-header-meta":"","adv-header-id-meta":"","stick-header-meta":"","header-above-stick-meta":"","header-main-stick-meta":"","header-below-stick-meta":""},"pwb-brand":[24],"product_cat":[99],"product_tag":[],"class_list":{"0":"post-30731","1":"product","2":"type-product","3":"status-publish","5":"pwb-brand-hella","6":"product_cat-paisuntasailion-korkki","7":"desktop-align-left","8":"tablet-align-left","9":"mobile-align-left","11":"first","12":"instock","13":"product-type-external"},"brands":[{"id":24,"name":"HELLA","slug":"hella"}],"_links":{"self":[{"href":"https:\/\/www.autonvaraosahaku.fi\/index.php?rest_route=\/wp\/v2\/product\/30731","targetHints":{"allow":["GET"]}}],"collection":[{"href":"https:\/\/www.autonvaraosahaku.fi\/index.php?rest_route=\/wp\/v2\/product"}],"about":[{"href":"https:\/\/www.autonvaraosahaku.fi\/index.php?rest_route=\/wp\/v2\/types\/product"}],"wp:attachment":[{"href":"https:\/\/www.autonvaraosahaku.fi\/index.php?rest_route=%2Fwp%2Fv2%2Fmedia&parent=30731"}],"wp:term":[{"taxonomy":"pwb-brand","embeddable":true,"href":"https:\/\/www.autonvaraosahaku.fi\/index.php?rest_route=%2Fwp%2Fv2%2Fpwb-brand&post=30731"},{"taxonomy":"product_cat","embeddable":true,"href":"https:\/\/www.autonvaraosahaku.fi\/index.php?rest_route=%2Fwp%2Fv2%2Fproduct_cat&post=30731"},{"taxonomy":"product_tag","embeddable":true,"href":"https:\/\/www.autonvaraosahaku.fi\/index.php?rest_route=%2Fwp%2Fv2%2Fproduct_tag&post=30731"}],"curies":[{"name":"wp","href":"https:\/\/api.w.org\/{rel}","templated":true}]}}