{"id":30762,"date":"2021-02-21T16:07:22","date_gmt":"2021-02-21T16:07:22","guid":{"rendered":"https:\/\/www.autonvaraosahaku.fi\/?product=autofren-seinsa-d4096-jarrusatula-korjaussarja"},"modified":"2021-02-21T16:07:23","modified_gmt":"2021-02-21T16:07:23","slug":"autofren-seinsa-d4096-jarrusatula-korjaussarja","status":"publish","type":"product","link":"https:\/\/www.autonvaraosahaku.fi\/?product=autofren-seinsa-d4096-jarrusatula-korjaussarja","title":{"rendered":"AUTOFREN SEINSA D4096 Jarrusatula korjaussarja"},"content":{"rendered":"<p>Asennuspuoli: Taka-akseli, Vorderachse; L\u00e4pimitta [mm]: 38; Jarruj\u00e4rjestelm\u00e4: ATE-LUCAS; AUDI: A8 4D2, 4D8; MERCEDES-BENZ: C-CLASS W202,190 W201,SLK R170,E-CLASS W210,Stufenheck W124,E-CLASS Kombi S210,CLK C208,SL R129,SL R107,C-CLASS Kombi S202,Stufenheck W123,S-CLASS W126,KOMBI Kombi S124,E-CLASS W124,CLK Cabriolet A208,COUPE C124,E-CLASS Kombi S124,COUPE C123,S-CLASS W108, W109,S-CLASS W116,COUPE W111,S-CLASS Coupe C126,E-CLASS Cabriolet A124,SL Coupe C107,E-CLASS Coupe C124,CABRIOLET A124; OPEL: MONZA A 22_,SENATOR A 29_; VOLVO: V70 I LV,850 Kombi LW,940 II Kombi 945,940 Kombi 945,240 Kombi P245,740 Kombi 745,C70 I Cabriolet,C70 I Coupe,850 LS,740 744,240 P242, P244,S70 LS,940 944,760 704, 764,960 Kombi 965,164,140 142, 144,760 Kombi 704, 765,940 II 944,960 964,140 Kombi 145,260 P262, P264,260 Kombi P265,780; ALFA ROMEO: SPIDER 115,SPIDER 105,1750-2000; MITSUBISHI: L 200 K3_T, K2_T, K1_T, K0_T; PORSCHE: 911,914; NSU: RO 80,TT,TTS; 0004217286, 0004217289, 0005863943, 0015867343, 0015868742, 1304413811, 13044138172, 91135290700, 91135299800, 91435204313, 272527, 272604, 273114; Korjaussarja, Jarrusatula<\/p>\n","protected":false},"excerpt":{"rendered":"<p>AUTOFREN SEINSA Jarrusatula Korjaussarja D4096 Korjaussarja, Jarrusatula AUDI,MERCEDES-BENZ,OPEL,A8 4D2, 4D8,C-CLASS W202,190 W201,SLK R170<\/p>\n","protected":false},"featured_media":0,"template":"","meta":{"site-sidebar-layout":"default","site-content-layout":"default","ast-global-header-display":"","ast-main-header-display":"","ast-hfb-above-header-display":"","ast-hfb-below-header-display":"","ast-hfb-mobile-header-display":"","site-post-title":"","ast-breadcrumbs-content":"","ast-featured-img":"","footer-sml-layout":"","theme-transparent-header-meta":"","adv-header-id-meta":"","stick-header-meta":"","header-above-stick-meta":"","header-main-stick-meta":"","header-below-stick-meta":""},"pwb-brand":[243],"product_cat":[57],"product_tag":[],"class_list":{"0":"post-30762","1":"product","2":"type-product","3":"status-publish","5":"pwb-brand-autofren-seinsa","6":"product_cat-jarrusatula-korjaussarja","7":"desktop-align-left","8":"tablet-align-left","9":"mobile-align-left","11":"first","12":"instock","13":"product-type-external"},"brands":[{"id":243,"name":"AUTOFREN SEINSA","slug":"autofren-seinsa"}],"_links":{"self":[{"href":"https:\/\/www.autonvaraosahaku.fi\/index.php?rest_route=\/wp\/v2\/product\/30762","targetHints":{"allow":["GET"]}}],"collection":[{"href":"https:\/\/www.autonvaraosahaku.fi\/index.php?rest_route=\/wp\/v2\/product"}],"about":[{"href":"https:\/\/www.autonvaraosahaku.fi\/index.php?rest_route=\/wp\/v2\/types\/product"}],"wp:attachment":[{"href":"https:\/\/www.autonvaraosahaku.fi\/index.php?rest_route=%2Fwp%2Fv2%2Fmedia&parent=30762"}],"wp:term":[{"taxonomy":"pwb-brand","embeddable":true,"href":"https:\/\/www.autonvaraosahaku.fi\/index.php?rest_route=%2Fwp%2Fv2%2Fpwb-brand&post=30762"},{"taxonomy":"product_cat","embeddable":true,"href":"https:\/\/www.autonvaraosahaku.fi\/index.php?rest_route=%2Fwp%2Fv2%2Fproduct_cat&post=30762"},{"taxonomy":"product_tag","embeddable":true,"href":"https:\/\/www.autonvaraosahaku.fi\/index.php?rest_route=%2Fwp%2Fv2%2Fproduct_tag&post=30762"}],"curies":[{"name":"wp","href":"https:\/\/api.w.org\/{rel}","templated":true}]}}