{"id":30777,"date":"2021-02-21T16:07:22","date_gmt":"2021-02-21T16:07:22","guid":{"rendered":"https:\/\/www.autonvaraosahaku.fi\/?product=reinz-71-39447-00-tiivisteet"},"modified":"2021-02-21T16:07:25","modified_gmt":"2021-02-21T16:07:25","slug":"reinz-71-39447-00-tiivisteet","status":"publish","type":"product","link":"https:\/\/www.autonvaraosahaku.fi\/?product=reinz-71-39447-00-tiivisteet","title":{"rendered":"REINZ 71-39447-00 Tiivisteet"},"content":{"rendered":"<p>Materiaali: Metalli; TECDOC-moottorinumero: 19922; BMW: 3 Touring E91,3 E90,5 E60,1 E87,5 Touring E61,X3 E83,5 Touring F11,5 F10, F18,X1 E84,1 E81,1 F20,X3 F25,3 Coupe E92,3 Touring F31,3 F30, F35, F80,3 Cabriolet E93,1 F21,1 Cabriolet E88,1 Coupe E82,5 Gran Turismo F07,3 Gran Turismo F34,4 Coupe F32, F82,X5 F15, F85,2 Coupe F22,4 Cabriolet F33, F83,4 Gran Coupe F36,X6 F16, F86; 11147797491, 7797491; Tiivistesarja Jakop\u00e4\u00e4nkotelo<\/p>\n","protected":false},"excerpt":{"rendered":"<p>REINZ Tiiviste Jakop\u00e4\u00e4nkotelo 71-39447-00 Tiivistesarja Jakop\u00e4\u00e4nkotelo BMW,3 Touring E91,3 E90,5 E60,1 E87,5 Touring E61,X3 E83,5 Touring F11<\/p>\n","protected":false},"featured_media":0,"template":"","meta":{"site-sidebar-layout":"default","site-content-layout":"default","ast-global-header-display":"","ast-main-header-display":"","ast-hfb-above-header-display":"","ast-hfb-below-header-display":"","ast-hfb-mobile-header-display":"","site-post-title":"","ast-breadcrumbs-content":"","ast-featured-img":"","footer-sml-layout":"","theme-transparent-header-meta":"","adv-header-id-meta":"","stick-header-meta":"","header-above-stick-meta":"","header-main-stick-meta":"","header-below-stick-meta":""},"pwb-brand":[138],"product_cat":[27],"product_tag":[],"class_list":{"0":"post-30777","1":"product","2":"type-product","3":"status-publish","5":"pwb-brand-reinz","6":"product_cat-tiivisteet","7":"desktop-align-left","8":"tablet-align-left","9":"mobile-align-left","11":"first","12":"instock","13":"product-type-external"},"brands":[{"id":138,"name":"REINZ","slug":"reinz"}],"_links":{"self":[{"href":"https:\/\/www.autonvaraosahaku.fi\/index.php?rest_route=\/wp\/v2\/product\/30777","targetHints":{"allow":["GET"]}}],"collection":[{"href":"https:\/\/www.autonvaraosahaku.fi\/index.php?rest_route=\/wp\/v2\/product"}],"about":[{"href":"https:\/\/www.autonvaraosahaku.fi\/index.php?rest_route=\/wp\/v2\/types\/product"}],"wp:attachment":[{"href":"https:\/\/www.autonvaraosahaku.fi\/index.php?rest_route=%2Fwp%2Fv2%2Fmedia&parent=30777"}],"wp:term":[{"taxonomy":"pwb-brand","embeddable":true,"href":"https:\/\/www.autonvaraosahaku.fi\/index.php?rest_route=%2Fwp%2Fv2%2Fpwb-brand&post=30777"},{"taxonomy":"product_cat","embeddable":true,"href":"https:\/\/www.autonvaraosahaku.fi\/index.php?rest_route=%2Fwp%2Fv2%2Fproduct_cat&post=30777"},{"taxonomy":"product_tag","embeddable":true,"href":"https:\/\/www.autonvaraosahaku.fi\/index.php?rest_route=%2Fwp%2Fv2%2Fproduct_tag&post=30777"}],"curies":[{"name":"wp","href":"https:\/\/api.w.org\/{rel}","templated":true}]}}