{"id":30807,"date":"2021-02-21T16:07:31","date_gmt":"2021-02-21T16:07:31","guid":{"rendered":"https:\/\/www.autonvaraosahaku.fi\/?product=ridex-219g0198-takaluukun-kaasujousi"},"modified":"2021-02-21T16:07:33","modified_gmt":"2021-02-21T16:07:33","slug":"ridex-219g0198-takaluukun-kaasujousi","status":"publish","type":"product","link":"https:\/\/www.autonvaraosahaku.fi\/?product=ridex-219g0198-takaluukun-kaasujousi","title":{"rendered":"RIDEX 219G0198 Takaluukun kaasujousi"},"content":{"rendered":"<p>Kokonaispituus (mm): 515; Isku (mm): 200; Ty\u00f6nt\u00f6voima [N]: 445; M\u00e4nn\u00e4nvarren l\u00e4pimitta [mm]: 8; Kopan l\u00e4pimitta (mm): 18; Oviluku: 5; HONDA: CIVIC VI Fastback MA, MB; ROVER: 45 Stufenheck RT,45 RT,400 RT,400 Hatchback RT; 74820ST3E01, 74820ST3E02, 74820ST3E52, BHE140010; Kaasujousi, Tavaratila<\/p>\n","protected":false},"excerpt":{"rendered":"<p>RIDEX Takaluukun Kaasujousi 219G0198 Kaasujousi, Tavaratila HONDA,ROVER,CIVIC VI Fastback MA, MB,45 Stufenheck RT,45 RT,400 RT,400 Hatchback RT<\/p>\n","protected":false},"featured_media":0,"template":"","meta":{"site-sidebar-layout":"default","site-content-layout":"default","ast-global-header-display":"","ast-main-header-display":"","ast-hfb-above-header-display":"","ast-hfb-below-header-display":"","ast-hfb-mobile-header-display":"","site-post-title":"","ast-breadcrumbs-content":"","ast-featured-img":"","footer-sml-layout":"","theme-transparent-header-meta":"","adv-header-id-meta":"","stick-header-meta":"","header-above-stick-meta":"","header-main-stick-meta":"","header-below-stick-meta":""},"pwb-brand":[157],"product_cat":[59],"product_tag":[],"class_list":{"0":"post-30807","1":"product","2":"type-product","3":"status-publish","5":"pwb-brand-ridex","6":"product_cat-takaluukun-kaasujousi","7":"desktop-align-left","8":"tablet-align-left","9":"mobile-align-left","11":"first","12":"instock","13":"product-type-external"},"brands":[{"id":157,"name":"RIDEX","slug":"ridex"}],"_links":{"self":[{"href":"https:\/\/www.autonvaraosahaku.fi\/index.php?rest_route=\/wp\/v2\/product\/30807","targetHints":{"allow":["GET"]}}],"collection":[{"href":"https:\/\/www.autonvaraosahaku.fi\/index.php?rest_route=\/wp\/v2\/product"}],"about":[{"href":"https:\/\/www.autonvaraosahaku.fi\/index.php?rest_route=\/wp\/v2\/types\/product"}],"wp:attachment":[{"href":"https:\/\/www.autonvaraosahaku.fi\/index.php?rest_route=%2Fwp%2Fv2%2Fmedia&parent=30807"}],"wp:term":[{"taxonomy":"pwb-brand","embeddable":true,"href":"https:\/\/www.autonvaraosahaku.fi\/index.php?rest_route=%2Fwp%2Fv2%2Fpwb-brand&post=30807"},{"taxonomy":"product_cat","embeddable":true,"href":"https:\/\/www.autonvaraosahaku.fi\/index.php?rest_route=%2Fwp%2Fv2%2Fproduct_cat&post=30807"},{"taxonomy":"product_tag","embeddable":true,"href":"https:\/\/www.autonvaraosahaku.fi\/index.php?rest_route=%2Fwp%2Fv2%2Fproduct_tag&post=30807"}],"curies":[{"name":"wp","href":"https:\/\/api.w.org\/{rel}","templated":true}]}}