{"id":30817,"date":"2021-02-21T16:07:31","date_gmt":"2021-02-21T16:07:31","guid":{"rendered":"https:\/\/www.autonvaraosahaku.fi\/?product=ridex-854s0071-iskunvaimennin"},"modified":"2021-02-21T16:07:34","modified_gmt":"2021-02-21T16:07:34","slug":"ridex-854s0071-iskunvaimennin","status":"publish","type":"product","link":"https:\/\/www.autonvaraosahaku.fi\/?product=ridex-854s0071-iskunvaimennin","title":{"rendered":"RIDEX 854S0071 Iskunvaimennin"},"content":{"rendered":"<p>Asennuspuoli: Taka-akseli; Iskunvaimennusj\u00e4rjestelm\u00e4: Kaksiputki; Iskunvaimennin asennustapa: Tappi ylh\u00e4\u00e4ll\u00e4, Silmukka alhaalla; Iskunvaimennin tyyppi: Kaasupaine; parilliset tuotenumerot: 854S0071; Alustarakenne: f\u00fcr Fahrzeuge ohne Schlechtwegeausf\u00fchrung; VOLVO: V40 Kombi VW,S40 I VS; MITSUBISHI: SPACE STAR DG_A,CARISMA DA_,CARISMA Stufenheck DA_; 62660, 62674, 62738, MB369991, MR103627, MR103628, MR103629, MR103630, MR369062, MR369991, MR455351, MR910775, MR911869, MR913122, MR913124; Iskarit,Iskunvaimennin<\/p>\n","protected":false},"excerpt":{"rendered":"<p>RIDEX Iskunvaimentimet 854S0071 Iskarit,Iskunvaimennin VOLVO,MITSUBISHI,V40 Kombi VW,S40 I VS,SPACE STAR DG_A,CARISMA DA_,CARISMA Stufenheck DA_<\/p>\n","protected":false},"featured_media":0,"template":"","meta":{"site-sidebar-layout":"default","site-content-layout":"default","ast-global-header-display":"","ast-main-header-display":"","ast-hfb-above-header-display":"","ast-hfb-below-header-display":"","ast-hfb-mobile-header-display":"","site-post-title":"","ast-breadcrumbs-content":"","ast-featured-img":"","footer-sml-layout":"","theme-transparent-header-meta":"","adv-header-id-meta":"","stick-header-meta":"","header-above-stick-meta":"","header-main-stick-meta":"","header-below-stick-meta":""},"pwb-brand":[157],"product_cat":[80],"product_tag":[],"class_list":{"0":"post-30817","1":"product","2":"type-product","3":"status-publish","5":"pwb-brand-ridex","6":"product_cat-iskunvaimennin","7":"desktop-align-left","8":"tablet-align-left","9":"mobile-align-left","11":"first","12":"instock","13":"product-type-external"},"brands":[{"id":157,"name":"RIDEX","slug":"ridex"}],"_links":{"self":[{"href":"https:\/\/www.autonvaraosahaku.fi\/index.php?rest_route=\/wp\/v2\/product\/30817","targetHints":{"allow":["GET"]}}],"collection":[{"href":"https:\/\/www.autonvaraosahaku.fi\/index.php?rest_route=\/wp\/v2\/product"}],"about":[{"href":"https:\/\/www.autonvaraosahaku.fi\/index.php?rest_route=\/wp\/v2\/types\/product"}],"wp:attachment":[{"href":"https:\/\/www.autonvaraosahaku.fi\/index.php?rest_route=%2Fwp%2Fv2%2Fmedia&parent=30817"}],"wp:term":[{"taxonomy":"pwb-brand","embeddable":true,"href":"https:\/\/www.autonvaraosahaku.fi\/index.php?rest_route=%2Fwp%2Fv2%2Fpwb-brand&post=30817"},{"taxonomy":"product_cat","embeddable":true,"href":"https:\/\/www.autonvaraosahaku.fi\/index.php?rest_route=%2Fwp%2Fv2%2Fproduct_cat&post=30817"},{"taxonomy":"product_tag","embeddable":true,"href":"https:\/\/www.autonvaraosahaku.fi\/index.php?rest_route=%2Fwp%2Fv2%2Fproduct_tag&post=30817"}],"curies":[{"name":"wp","href":"https:\/\/api.w.org\/{rel}","templated":true}]}}