{"id":30851,"date":"2021-02-21T16:07:40","date_gmt":"2021-02-21T16:07:40","guid":{"rendered":"https:\/\/www.autonvaraosahaku.fi\/?product=vaico-v10-7013-alatukivarsi"},"modified":"2021-02-21T16:07:42","modified_gmt":"2021-02-21T16:07:42","slug":"vaico-v10-7013-alatukivarsi","status":"publish","type":"product","link":"https:\/\/www.autonvaraosahaku.fi\/?product=vaico-v10-7013-alatukivarsi","title":{"rendered":"VAICO V10-7013 Alatukivarsi"},"content":{"rendered":"<p>Materiaali: Alumiini; Ohjausmalli: Poikittaistukivarsi; OE-numerolle: 8E0 407 505 A; Suositellun erikoisty\u00f6kalun tuotenumero: V99-1020; Asennuspuoli: Yl\u00e4puolella, Edess\u00e4, Etuakseli, vasen; Korvaava tuote\/korvaava tiedote 2: laakerilla; Akselimittaus asennuksen j\u00e4lkeen: ; parilliset tuotenumerot: V10-7012; Paino [kg]: 0,474; Pakkausleveys [cm]: 4,6; Pakkauskorkeus [mm]: 6,1; lis\u00e4tieto: CST99; Alustanumeroon: 8D-1-082 000; VW: PASSAT Variant 3B6,PASSAT Variant 3B5,PASSAT 3B2,PASSAT 3B3; AUDI: A4 8D2, B5,A4 Avant 8ED, B7,A4 Avant 8E5, B6,A6 Avant 4B5, C5,A4 Avant 8D5, B5,A4 8E2, B6,A6 4B2, C5,A4 Cabriolet 8H7, B6, 8HE, B7,A4 8EC, B7,ALLROAD 4BH, C5; SKODA: SUPERB 3U4; SEAT: EXEO ST 3R5,EXEO 3R2; 4Z7407505, 4Z7407505A, 8D0407505B, 8D0407505F, 8D0407505H, 8D0407505K, 8D0407507E, 8E0407505A, 8E0407505C, 8E0407505P, 4Z7407505, 4Z7407505A, 8D0407505B, 8D0407505E, 8D0407505F, 8D0407505H, 8D0407505K, 8D0407505L, 8D0407507E, 8E0407505A, 8E0407505C, 8E0407505P, 4Z7407505, 4Z7407505A, 8D0407505B, 8D0407505E, 8D0407505F, 8D0407505H, 8D0407505K, 8D0407505L, 8D0407507E, 8E0407505A, 8E0407505C, 8E0407505P, 4Z7407505, 4Z7407505A, 8D0407505B, 8D0407505E, 8D0407505F, 8D0407505H, 8D0407505K, 8D0407507E, 8E0407505A, 8E0407505C, 8E0407505P; Tukivarsi,Tukivarsi, Py\u00f6r\u00e4ntuenta<\/p>\n","protected":false},"excerpt":{"rendered":"<p>VAICO Alatukivarsi V10-7013 Tukivarsi,Tukivarsi, Py\u00f6r\u00e4ntuenta VW,AUDI,SKODA,PASSAT Variant 3B6,PASSAT Variant 3B5,PASSAT 3B2,PASSAT 3B3,A4 8D2, B5<\/p>\n","protected":false},"featured_media":0,"template":"","meta":{"site-sidebar-layout":"default","site-content-layout":"default","ast-global-header-display":"","ast-main-header-display":"","ast-hfb-above-header-display":"","ast-hfb-below-header-display":"","ast-hfb-mobile-header-display":"","site-post-title":"","ast-breadcrumbs-content":"","ast-featured-img":"","footer-sml-layout":"","theme-transparent-header-meta":"","adv-header-id-meta":"","stick-header-meta":"","header-above-stick-meta":"","header-main-stick-meta":"","header-below-stick-meta":""},"pwb-brand":[330],"product_cat":[62],"product_tag":[],"class_list":{"0":"post-30851","1":"product","2":"type-product","3":"status-publish","5":"pwb-brand-vaico","6":"product_cat-alatukivarsi","7":"desktop-align-left","8":"tablet-align-left","9":"mobile-align-left","11":"first","12":"instock","13":"product-type-external"},"brands":[{"id":330,"name":"VAICO","slug":"vaico"}],"_links":{"self":[{"href":"https:\/\/www.autonvaraosahaku.fi\/index.php?rest_route=\/wp\/v2\/product\/30851","targetHints":{"allow":["GET"]}}],"collection":[{"href":"https:\/\/www.autonvaraosahaku.fi\/index.php?rest_route=\/wp\/v2\/product"}],"about":[{"href":"https:\/\/www.autonvaraosahaku.fi\/index.php?rest_route=\/wp\/v2\/types\/product"}],"wp:attachment":[{"href":"https:\/\/www.autonvaraosahaku.fi\/index.php?rest_route=%2Fwp%2Fv2%2Fmedia&parent=30851"}],"wp:term":[{"taxonomy":"pwb-brand","embeddable":true,"href":"https:\/\/www.autonvaraosahaku.fi\/index.php?rest_route=%2Fwp%2Fv2%2Fpwb-brand&post=30851"},{"taxonomy":"product_cat","embeddable":true,"href":"https:\/\/www.autonvaraosahaku.fi\/index.php?rest_route=%2Fwp%2Fv2%2Fproduct_cat&post=30851"},{"taxonomy":"product_tag","embeddable":true,"href":"https:\/\/www.autonvaraosahaku.fi\/index.php?rest_route=%2Fwp%2Fv2%2Fproduct_tag&post=30851"}],"curies":[{"name":"wp","href":"https:\/\/api.w.org\/{rel}","templated":true}]}}