{"id":30922,"date":"2021-02-21T16:07:58","date_gmt":"2021-02-21T16:07:58","guid":{"rendered":"https:\/\/www.autonvaraosahaku.fi\/?product=ridex-78b0373-jarrusatula"},"modified":"2021-02-21T16:07:59","modified_gmt":"2021-02-21T16:07:59","slug":"ridex-78b0373-jarrusatula","status":"publish","type":"product","link":"https:\/\/www.autonvaraosahaku.fi\/?product=ridex-78b0373-jarrusatula","title":{"rendered":"RIDEX 78B0373 Jarrusatula"},"content":{"rendered":"<p>Reik\u00e4-\u00d8 [mm]: 41; Jarrusatulatyyppi: Jarrusatula, sis. rak. jarrusatulalla; Lis\u00e4tarvike\/lis\u00e4tieto: Ilman pidikett\u00e4; Vaihto-osa: ; Materiaali: Alumiini; Jarrusatulan v\u00e4ri: ter\u00e4ksenharmaa; parilliset tuotenumerot: 78B0508; Asennuspuoli: Hinterachse links; OPEL: ZAFIRA B A05,ZAFIRA B Van; VAUXHALL: ZAFIRA Mk II B M75; 5542451, 93183696, 95520049, 93183696<\/p>\n","protected":false},"excerpt":{"rendered":"<p>RIDEX Jarrusatula 78B0373  OPEL,VAUXHALL,ZAFIRA B A05,ZAFIRA B Van,ZAFIRA Mk II B M75<\/p>\n","protected":false},"featured_media":0,"template":"","meta":{"site-sidebar-layout":"default","site-content-layout":"default","ast-global-header-display":"","ast-main-header-display":"","ast-hfb-above-header-display":"","ast-hfb-below-header-display":"","ast-hfb-mobile-header-display":"","site-post-title":"","ast-breadcrumbs-content":"","ast-featured-img":"","footer-sml-layout":"","theme-transparent-header-meta":"","adv-header-id-meta":"","stick-header-meta":"","header-above-stick-meta":"","header-main-stick-meta":"","header-below-stick-meta":""},"pwb-brand":[157],"product_cat":[177],"product_tag":[],"class_list":{"0":"post-30922","1":"product","2":"type-product","3":"status-publish","5":"pwb-brand-ridex","6":"product_cat-jarrusatula","7":"desktop-align-left","8":"tablet-align-left","9":"mobile-align-left","11":"first","12":"instock","13":"product-type-external"},"brands":[{"id":157,"name":"RIDEX","slug":"ridex"}],"_links":{"self":[{"href":"https:\/\/www.autonvaraosahaku.fi\/index.php?rest_route=\/wp\/v2\/product\/30922","targetHints":{"allow":["GET"]}}],"collection":[{"href":"https:\/\/www.autonvaraosahaku.fi\/index.php?rest_route=\/wp\/v2\/product"}],"about":[{"href":"https:\/\/www.autonvaraosahaku.fi\/index.php?rest_route=\/wp\/v2\/types\/product"}],"wp:attachment":[{"href":"https:\/\/www.autonvaraosahaku.fi\/index.php?rest_route=%2Fwp%2Fv2%2Fmedia&parent=30922"}],"wp:term":[{"taxonomy":"pwb-brand","embeddable":true,"href":"https:\/\/www.autonvaraosahaku.fi\/index.php?rest_route=%2Fwp%2Fv2%2Fpwb-brand&post=30922"},{"taxonomy":"product_cat","embeddable":true,"href":"https:\/\/www.autonvaraosahaku.fi\/index.php?rest_route=%2Fwp%2Fv2%2Fproduct_cat&post=30922"},{"taxonomy":"product_tag","embeddable":true,"href":"https:\/\/www.autonvaraosahaku.fi\/index.php?rest_route=%2Fwp%2Fv2%2Fproduct_tag&post=30922"}],"curies":[{"name":"wp","href":"https:\/\/api.w.org\/{rel}","templated":true}]}}