{"id":30931,"date":"2021-02-21T16:07:58","date_gmt":"2021-02-21T16:07:58","guid":{"rendered":"https:\/\/www.autonvaraosahaku.fi\/?product=ridex-2412p0034-peruutustutka-anturit"},"modified":"2021-02-21T16:08:01","modified_gmt":"2021-02-21T16:08:01","slug":"ridex-2412p0034-peruutustutka-anturit","status":"publish","type":"product","link":"https:\/\/www.autonvaraosahaku.fi\/?product=ridex-2412p0034-peruutustutka-anturit","title":{"rendered":"RIDEX 2412P0034 Peruutustutka anturit"},"content":{"rendered":"<p>Tunnistinmalli: Ultra\u00e4\u00e4nitunnistin; Napojen m\u00e4\u00e4r\u00e4: 3; Asennuspuoli: Takana; Kemialliset ominaisuudet: maalattavissa; PEUGEOT: 307 SW 3H,307 CC 3B,307 3A\/C,308 SW,308 4A_, 4C_,307 Break 3E,308 CC; 659095; Tunnistin, Et\u00e4isyystunnistin<\/p>\n","protected":false},"excerpt":{"rendered":"<p>RIDEX Peruutustutka Anturit 2412P0034 Tunnistin, Et\u00e4isyystunnistin PEUGEOT,307 SW 3H,307 CC 3B,307 3A\/C,308 SW,308 4A_, 4C_,307 Break 3E,308 CC<\/p>\n","protected":false},"featured_media":0,"template":"","meta":{"site-sidebar-layout":"default","site-content-layout":"default","ast-global-header-display":"","ast-main-header-display":"","ast-hfb-above-header-display":"","ast-hfb-below-header-display":"","ast-hfb-mobile-header-display":"","site-post-title":"","ast-breadcrumbs-content":"","ast-featured-img":"","footer-sml-layout":"","theme-transparent-header-meta":"","adv-header-id-meta":"","stick-header-meta":"","header-above-stick-meta":"","header-main-stick-meta":"","header-below-stick-meta":""},"pwb-brand":[157],"product_cat":[217],"product_tag":[],"class_list":{"0":"post-30931","1":"product","2":"type-product","3":"status-publish","5":"pwb-brand-ridex","6":"product_cat-peruutustutka-anturit","7":"desktop-align-left","8":"tablet-align-left","9":"mobile-align-left","11":"first","12":"instock","13":"product-type-external"},"brands":[{"id":157,"name":"RIDEX","slug":"ridex"}],"_links":{"self":[{"href":"https:\/\/www.autonvaraosahaku.fi\/index.php?rest_route=\/wp\/v2\/product\/30931","targetHints":{"allow":["GET"]}}],"collection":[{"href":"https:\/\/www.autonvaraosahaku.fi\/index.php?rest_route=\/wp\/v2\/product"}],"about":[{"href":"https:\/\/www.autonvaraosahaku.fi\/index.php?rest_route=\/wp\/v2\/types\/product"}],"wp:attachment":[{"href":"https:\/\/www.autonvaraosahaku.fi\/index.php?rest_route=%2Fwp%2Fv2%2Fmedia&parent=30931"}],"wp:term":[{"taxonomy":"pwb-brand","embeddable":true,"href":"https:\/\/www.autonvaraosahaku.fi\/index.php?rest_route=%2Fwp%2Fv2%2Fpwb-brand&post=30931"},{"taxonomy":"product_cat","embeddable":true,"href":"https:\/\/www.autonvaraosahaku.fi\/index.php?rest_route=%2Fwp%2Fv2%2Fproduct_cat&post=30931"},{"taxonomy":"product_tag","embeddable":true,"href":"https:\/\/www.autonvaraosahaku.fi\/index.php?rest_route=%2Fwp%2Fv2%2Fproduct_tag&post=30931"}],"curies":[{"name":"wp","href":"https:\/\/api.w.org\/{rel}","templated":true}]}}