{"id":30957,"date":"2021-02-21T16:08:03","date_gmt":"2021-02-21T16:08:03","guid":{"rendered":"https:\/\/www.autonvaraosahaku.fi\/?product=ridex-854s0070-iskunvaimennin"},"modified":"2021-02-21T16:08:06","modified_gmt":"2021-02-21T16:08:06","slug":"ridex-854s0070-iskunvaimennin","status":"publish","type":"product","link":"https:\/\/www.autonvaraosahaku.fi\/?product=ridex-854s0070-iskunvaimennin","title":{"rendered":"RIDEX 854S0070 Iskunvaimennin"},"content":{"rendered":"<p>Iskunvaimennin tyyppi: Kaasupaine; Iskunvaimennusj\u00e4rjestelm\u00e4: Kaksiputki; Iskunvaimennin asennustapa: Silmukka alhaalla, Tappi ylh\u00e4\u00e4ll\u00e4; Paino [kg]: 1,600; Reik\u00e4-\u00d8 [mm]: 25,4; suurin pituus [mm]: 636; v\u00e4h. pituus [mm]: 388; Tappil\u00e4pimitta [mm]: 11; Asennuspuoli: Hinterachse; FORD: FOCUS DAW, DBW,FOCUS Stufenheck DFW; 1077625, 1077629, 1077630, 1078726, 1078731, 1079558, 1085913, 1087966, 1112119, 1126205, 1135070, 1138667, 1201672, 1201680, 1201877, 1202657, 1216098, 1M5118008AA, 1M5118008BA, 1M5118008BB, 1M5118080AA, 1M5118080BA, 1M5O18080AA, 1M5O18080AE, 2M5V18008AA, 2M5V18080AA, 4327867, 4417789, 98AG18008JV, 98AG18080GR, 98AG18080GS, 98AG18080HS, 98AG18080HT, 98AG18080HU, 98AG18080HV, 98AG18080JR, 98AG18080JS, 98AG18080JT, 98AG18080JV, 98AG18080LN, 98AG18080MR, 98AG18080MS, 98AG18080RB, 98AX18080HU, 98AX18080JT; Iskarit,Iskunvaimennin<\/p>\n","protected":false},"excerpt":{"rendered":"<p>RIDEX Iskunvaimentimet 854S0070 Iskarit,Iskunvaimennin FORD,FOCUS DAW, DBW,FOCUS Stufenheck DFW<\/p>\n","protected":false},"featured_media":0,"template":"","meta":{"site-sidebar-layout":"default","site-content-layout":"default","ast-global-header-display":"","ast-main-header-display":"","ast-hfb-above-header-display":"","ast-hfb-below-header-display":"","ast-hfb-mobile-header-display":"","site-post-title":"","ast-breadcrumbs-content":"","ast-featured-img":"","footer-sml-layout":"","theme-transparent-header-meta":"","adv-header-id-meta":"","stick-header-meta":"","header-above-stick-meta":"","header-main-stick-meta":"","header-below-stick-meta":""},"pwb-brand":[157],"product_cat":[80],"product_tag":[],"class_list":{"0":"post-30957","1":"product","2":"type-product","3":"status-publish","5":"pwb-brand-ridex","6":"product_cat-iskunvaimennin","7":"desktop-align-left","8":"tablet-align-left","9":"mobile-align-left","11":"first","12":"instock","13":"product-type-external"},"brands":[{"id":157,"name":"RIDEX","slug":"ridex"}],"_links":{"self":[{"href":"https:\/\/www.autonvaraosahaku.fi\/index.php?rest_route=\/wp\/v2\/product\/30957","targetHints":{"allow":["GET"]}}],"collection":[{"href":"https:\/\/www.autonvaraosahaku.fi\/index.php?rest_route=\/wp\/v2\/product"}],"about":[{"href":"https:\/\/www.autonvaraosahaku.fi\/index.php?rest_route=\/wp\/v2\/types\/product"}],"wp:attachment":[{"href":"https:\/\/www.autonvaraosahaku.fi\/index.php?rest_route=%2Fwp%2Fv2%2Fmedia&parent=30957"}],"wp:term":[{"taxonomy":"pwb-brand","embeddable":true,"href":"https:\/\/www.autonvaraosahaku.fi\/index.php?rest_route=%2Fwp%2Fv2%2Fpwb-brand&post=30957"},{"taxonomy":"product_cat","embeddable":true,"href":"https:\/\/www.autonvaraosahaku.fi\/index.php?rest_route=%2Fwp%2Fv2%2Fproduct_cat&post=30957"},{"taxonomy":"product_tag","embeddable":true,"href":"https:\/\/www.autonvaraosahaku.fi\/index.php?rest_route=%2Fwp%2Fv2%2Fproduct_tag&post=30957"}],"curies":[{"name":"wp","href":"https:\/\/api.w.org\/{rel}","templated":true}]}}