{"id":30975,"date":"2021-02-21T16:08:08","date_gmt":"2021-02-21T16:08:08","guid":{"rendered":"https:\/\/www.autonvaraosahaku.fi\/?product=beru-z24-sytytystulpat"},"modified":"2021-02-21T16:08:10","modified_gmt":"2021-02-21T16:08:10","slug":"beru-z24-sytytystulpat","status":"publish","type":"product","link":"https:\/\/www.autonvaraosahaku.fi\/?product=beru-z24-sytytystulpat","title":{"rendered":"BERU Z24 Sytytystulpat"},"content":{"rendered":"<p>K\u00e4rkiv\u00e4li (mm): 0,8; Liittimet: SAE; Kierremitta: M14x1,25; Avainv\u00e4li: 16 mm; Sytytystulppa: 1-maaelektroodi, suoralla istukalla; Kierteen pituus (mm): 19; Teknisten tietojen numero: 14 FR-6 DU; Itsepalvelupakattu, katso osaluettelo: ; Kiristysmomentti > [Nm]: 20; Kiristysmomentti enint\u00e4\u00e4n [Nm]: 30; Tuotelinja: ULTRA; TECDOC-moottorinumero: 1200; AUDI: COUPE 89, 8B; NISSAN: SUNNY III N14,SUNNY III Liftback N14,SUNNY III Traveller Y10,SUNNY Kasten Y10; SAAB: 900 I Cabriolet,900 I Combi Coupe,900 I AC4, AM4; ROVER: 200 Hatchback XW,400 XW; LANCIA: DELTA II 836,DEDRA 835,DEDRA SW 835; FORD: FIESTA III GFJ,TRANSIT Kasten FA_ _,TRANSIT Bus FD_ _, FB_ _, FS_ _, FZ_ _, FC_ _,TRANSIT Pritsche\/Fahrgestell FM_ _, FN_ _,ESCORT IV Cabriolet ALF,SIERRA GBG, GB4,ESCORT VII Kombi GAL, ANL,ESCORT VI GAL,SIERRA Schr\u00e4gheck GBC, GBG,ESCORT IV GAF, AWF, ABFT,FIESTA II FBD,SCORPIO I GAE, GGE,ESCORT III GAA,SCORPIO I Stufenheck GGE,ESCORT VII Stufenheck GAL, AFL,SIERRA Kombi BNG,ESCORT III Cabriolet ALD,ESCORT VI Kombi GAL,ESCORT VI Stufenheck GAL,SCORPIO I Kombi GGE,ORION II AFF,ESCORT IV Kombi AWF, AVF,ORION III GAL,ESCORT III Kombi AWA,ORION I AFD,ESCORT &#8217;81 Express AVA; FIAT: PUNTO 176,PUNTO Cabriolet 176C,SCUDO Kasten 220L,UNO 146A\/E,SCUDO Combinato 220P,FIORINO Kasten 146,TIPO 160,TEMPRA 159,TEMPRA S.W. 159,PALIO 178BX; CITRO\u00cbN: SAXO S0, S1,ZX N2,BX XB-_,JUMPY U6U,JUMPY Kasten BS_, BT_, BY_, BZ_,BX Break XB-_; PEUGEOT: 205 II 20A\/C,EXPERT Kasten 222,605 6B,EXPERT 224,309 I 10C, 10A,EXPERT Pritsche\/Fahrgestell 223; RENAULT: 19 I Cabriolet D53_; 5894586, 5894588, 7760384, 7772453, 5962S9, 96088669, 5894588, 7760384, 7772453, 7GYSSR, 5099295, 5099727, 5099728, 5099952, 6080256, 73OF12405JA, 81OF12405AA, 81OF12405AAA, 81SF12405BA, 9807956148, 5894586, 7760384, 7772453, 5962C5, 5962F6, 5962K1, 7700745305, 7701414141, 7505142; Tulpat,Sytytystulppa<\/p>\n","protected":false},"excerpt":{"rendered":"<p>BERU Sytytystulpat Z24 Tulpat,Sytytystulppa AUDI,NISSAN,SAAB,COUPE 89, 8B,SUNNY III N14,SUNNY III Liftback N14,SUNNY III Traveller Y10<\/p>\n","protected":false},"featured_media":0,"template":"","meta":{"site-sidebar-layout":"default","site-content-layout":"default","ast-global-header-display":"","ast-main-header-display":"","ast-hfb-above-header-display":"","ast-hfb-below-header-display":"","ast-hfb-mobile-header-display":"","site-post-title":"","ast-breadcrumbs-content":"","ast-featured-img":"","footer-sml-layout":"","theme-transparent-header-meta":"","adv-header-id-meta":"","stick-header-meta":"","header-above-stick-meta":"","header-main-stick-meta":"","header-below-stick-meta":""},"pwb-brand":[327],"product_cat":[165],"product_tag":[],"class_list":{"0":"post-30975","1":"product","2":"type-product","3":"status-publish","5":"pwb-brand-beru","6":"product_cat-sytytystulpat","7":"desktop-align-left","8":"tablet-align-left","9":"mobile-align-left","11":"first","12":"instock","13":"product-type-external"},"brands":[{"id":327,"name":"BERU","slug":"beru"}],"_links":{"self":[{"href":"https:\/\/www.autonvaraosahaku.fi\/index.php?rest_route=\/wp\/v2\/product\/30975","targetHints":{"allow":["GET"]}}],"collection":[{"href":"https:\/\/www.autonvaraosahaku.fi\/index.php?rest_route=\/wp\/v2\/product"}],"about":[{"href":"https:\/\/www.autonvaraosahaku.fi\/index.php?rest_route=\/wp\/v2\/types\/product"}],"wp:attachment":[{"href":"https:\/\/www.autonvaraosahaku.fi\/index.php?rest_route=%2Fwp%2Fv2%2Fmedia&parent=30975"}],"wp:term":[{"taxonomy":"pwb-brand","embeddable":true,"href":"https:\/\/www.autonvaraosahaku.fi\/index.php?rest_route=%2Fwp%2Fv2%2Fpwb-brand&post=30975"},{"taxonomy":"product_cat","embeddable":true,"href":"https:\/\/www.autonvaraosahaku.fi\/index.php?rest_route=%2Fwp%2Fv2%2Fproduct_cat&post=30975"},{"taxonomy":"product_tag","embeddable":true,"href":"https:\/\/www.autonvaraosahaku.fi\/index.php?rest_route=%2Fwp%2Fv2%2Fproduct_tag&post=30975"}],"curies":[{"name":"wp","href":"https:\/\/api.w.org\/{rel}","templated":true}]}}