{"id":30983,"date":"2021-02-21T16:08:12","date_gmt":"2021-02-21T16:08:12","guid":{"rendered":"https:\/\/www.autonvaraosahaku.fi\/?product=vaico-v46-0098-alatukivarsi"},"modified":"2021-02-21T16:08:13","modified_gmt":"2021-02-21T16:08:13","slug":"vaico-v46-0098-alatukivarsi","status":"publish","type":"product","link":"https:\/\/www.autonvaraosahaku.fi\/?product=vaico-v46-0098-alatukivarsi","title":{"rendered":"VAICO V46-0098 Alatukivarsi"},"content":{"rendered":"<p>Korvaava tuote\/korvaava tiedote 2: Kumilaakerilla; Materiaali: Ter\u00e4slevy; Asennuspuoli: Vasen, Etuakseli, ala; Ohjausmalli: Poikittaistukivarsi; Paino [kg]: 2,5; parilliset tuotenumerot: V46-0097; Suositellun erikoisty\u00f6kalun tuotenumero: V99-1020; Akselimittaus asennuksen j\u00e4lkeen: ; Pakkausleveys [cm]: 41,5; Pakkauskorkeus [mm]: 49; lis\u00e4tieto: CST99; Kartiomitta (mm): 18; Varustelumahdollisuudet: 0.9 TCe; RENAULT: SC\u00c9NIC II JM0\/1_,MEGANE II Kombi KM0\/1_,MEGANE II Coup\u00e9-Cabriolet EM0\/1_,SC\u00c9NIC III JZ0\/1_,MEGANE III Schr\u00e4gheck BZ0_,MEGANE II BM0\/1_, CM0\/1_,GRAND SC\u00c9NIC III JZ0\/1_,MEGANE III Coupe DZ0\/1_,GRAND SC\u00c9NIC II JM0\/1_,CAPTUR,MEGANE II Stufenheck LM0\/1_,MEGANE IV B9A\/M_; 545003037R, 545013698R, 545017775R, 8200298454, 8200457208, 8200679063; Tukivarsi,Tukivarsi, Py\u00f6r\u00e4ntuenta<\/p>\n","protected":false},"excerpt":{"rendered":"<p>VAICO Alatukivarsi V46-0098 Tukivarsi,Tukivarsi, Py\u00f6r\u00e4ntuenta RENAULT,SC\u00c9NIC II JM0\/1_,MEGANE II Kombi KM0\/1_,MEGANE II Coup\u00e9-Cabriolet EM0\/1_<\/p>\n","protected":false},"featured_media":0,"template":"","meta":{"site-sidebar-layout":"default","site-content-layout":"default","ast-global-header-display":"","ast-main-header-display":"","ast-hfb-above-header-display":"","ast-hfb-below-header-display":"","ast-hfb-mobile-header-display":"","site-post-title":"","ast-breadcrumbs-content":"","ast-featured-img":"","footer-sml-layout":"","theme-transparent-header-meta":"","adv-header-id-meta":"","stick-header-meta":"","header-above-stick-meta":"","header-main-stick-meta":"","header-below-stick-meta":""},"pwb-brand":[330],"product_cat":[62],"product_tag":[],"class_list":{"0":"post-30983","1":"product","2":"type-product","3":"status-publish","5":"pwb-brand-vaico","6":"product_cat-alatukivarsi","7":"desktop-align-left","8":"tablet-align-left","9":"mobile-align-left","11":"first","12":"instock","13":"product-type-external"},"brands":[{"id":330,"name":"VAICO","slug":"vaico"}],"_links":{"self":[{"href":"https:\/\/www.autonvaraosahaku.fi\/index.php?rest_route=\/wp\/v2\/product\/30983","targetHints":{"allow":["GET"]}}],"collection":[{"href":"https:\/\/www.autonvaraosahaku.fi\/index.php?rest_route=\/wp\/v2\/product"}],"about":[{"href":"https:\/\/www.autonvaraosahaku.fi\/index.php?rest_route=\/wp\/v2\/types\/product"}],"wp:attachment":[{"href":"https:\/\/www.autonvaraosahaku.fi\/index.php?rest_route=%2Fwp%2Fv2%2Fmedia&parent=30983"}],"wp:term":[{"taxonomy":"pwb-brand","embeddable":true,"href":"https:\/\/www.autonvaraosahaku.fi\/index.php?rest_route=%2Fwp%2Fv2%2Fpwb-brand&post=30983"},{"taxonomy":"product_cat","embeddable":true,"href":"https:\/\/www.autonvaraosahaku.fi\/index.php?rest_route=%2Fwp%2Fv2%2Fproduct_cat&post=30983"},{"taxonomy":"product_tag","embeddable":true,"href":"https:\/\/www.autonvaraosahaku.fi\/index.php?rest_route=%2Fwp%2Fv2%2Fproduct_tag&post=30983"}],"curies":[{"name":"wp","href":"https:\/\/api.w.org\/{rel}","templated":true}]}}