{"id":30987,"date":"2021-02-21T16:08:12","date_gmt":"2021-02-21T16:08:12","guid":{"rendered":"https:\/\/www.autonvaraosahaku.fi\/?product=brembo-s-59-513-jarrukengat"},"modified":"2021-02-21T16:08:14","modified_gmt":"2021-02-21T16:08:14","slug":"brembo-s-59-513-jarrukengat","status":"publish","type":"product","link":"https:\/\/www.autonvaraosahaku.fi\/?product=brembo-s-59-513-jarrukengat","title":{"rendered":"BREMBO S 59 513 Jarrukeng\u00e4t"},"content":{"rendered":"<p>L\u00e4pimitta [mm]: 200; Leveys (mm): 46; Jarruj\u00e4rjestelm\u00e4: TRW; Korvaava tuote\/korvaava tiedote 2: Seisontajarrukahvalla; Asennuspuoli: Hinterachse; CHEVROLET: NUBIRA Kombi,EPICA KL1_,LACETTI J200,NUBIRA Stufenheck; DAEWOO: LANOS KLAT,LACETTI Schr\u00e4gheck KLAN,NUBIRA Stufenheck KLAN,NUBIRA Wagon KLAN,NUBIRA Wagon KLAJ,LANOS Stufenheck KLAT,NEXIA KLETN,NUBIRA Stufenheck KLAJ,ESPERO KLEJ,NUBIRA KLAJ,NEXIA Stufenheck KLETN,CIELO Stufenheck,TOSCA,NEXIA Stufenheck,NUBIRA J150,NUBIRA Kombi J150,NUBIRA Stufenheck J150; OPEL: CORSA C F08, F68,ASTRA G CC F48_, F08_,ASTRA F CC 53_, 54_, 58_, 59_,TIGRA TwinTop,ASTRA F Caravan 51_, 52_,ASTRA G Stufenheck F69_,VECTRA A 86_, 87_,ASTRA F Cabriolet 53_B,ASTRA F 56_, 57_,CORSA C Kasten F08, W5L,VECTRA A CC 88_, 89_,ASTRA F CLASSIC CC,ASTRA F CLASSIC Stufenheck,ASTRA F Van 55_; VAUXHALL: CORSA Mk II C W5L, F08,ASTRA Mk III F CC,CORSAVAN Mk II C,TIGRA Convertible,CAVALIER Mk III 87,ASTRA Mk III F Estate,CAVALIER Mk III CC,ASTRAVAN Mk III F; 96405132, S4520001, S4520003, 96179120, 96226110, 96430417, NP1441, NP1464, S4520005, S4520006, SF327, 1605042, 1605056, 1605812, 1605910, 1605929, 1605953, 90273255, 90399216, 90509923, 90541081, 90542863, 91158366, ND1441, ND1464, 1605812, 90421797, 9196292, 9198598; Jarrukenk\u00e4sarja<\/p>\n","protected":false},"excerpt":{"rendered":"<p>BREMBO Jarrukeng\u00e4t S 59 513 Jarrukenk\u00e4sarja CHEVROLET,DAEWOO,OPEL,NUBIRA Kombi,EPICA KL1_,LACETTI J200,NUBIRA Stufenheck,LANOS KLAT<\/p>\n","protected":false},"featured_media":0,"template":"","meta":{"site-sidebar-layout":"default","site-content-layout":"default","ast-global-header-display":"","ast-main-header-display":"","ast-hfb-above-header-display":"","ast-hfb-below-header-display":"","ast-hfb-mobile-header-display":"","site-post-title":"","ast-breadcrumbs-content":"","ast-featured-img":"","footer-sml-layout":"","theme-transparent-header-meta":"","adv-header-id-meta":"","stick-header-meta":"","header-above-stick-meta":"","header-main-stick-meta":"","header-below-stick-meta":""},"pwb-brand":[146],"product_cat":[176],"product_tag":[],"class_list":{"0":"post-30987","1":"product","2":"type-product","3":"status-publish","5":"pwb-brand-brembo","6":"product_cat-jarrukengat","7":"desktop-align-left","8":"tablet-align-left","9":"mobile-align-left","11":"first","12":"instock","13":"product-type-external"},"brands":[{"id":146,"name":"BREMBO","slug":"brembo"}],"_links":{"self":[{"href":"https:\/\/www.autonvaraosahaku.fi\/index.php?rest_route=\/wp\/v2\/product\/30987","targetHints":{"allow":["GET"]}}],"collection":[{"href":"https:\/\/www.autonvaraosahaku.fi\/index.php?rest_route=\/wp\/v2\/product"}],"about":[{"href":"https:\/\/www.autonvaraosahaku.fi\/index.php?rest_route=\/wp\/v2\/types\/product"}],"wp:attachment":[{"href":"https:\/\/www.autonvaraosahaku.fi\/index.php?rest_route=%2Fwp%2Fv2%2Fmedia&parent=30987"}],"wp:term":[{"taxonomy":"pwb-brand","embeddable":true,"href":"https:\/\/www.autonvaraosahaku.fi\/index.php?rest_route=%2Fwp%2Fv2%2Fpwb-brand&post=30987"},{"taxonomy":"product_cat","embeddable":true,"href":"https:\/\/www.autonvaraosahaku.fi\/index.php?rest_route=%2Fwp%2Fv2%2Fproduct_cat&post=30987"},{"taxonomy":"product_tag","embeddable":true,"href":"https:\/\/www.autonvaraosahaku.fi\/index.php?rest_route=%2Fwp%2Fv2%2Fproduct_tag&post=30987"}],"curies":[{"name":"wp","href":"https:\/\/api.w.org\/{rel}","templated":true}]}}