{"id":31010,"date":"2021-02-21T16:08:17","date_gmt":"2021-02-21T16:08:17","guid":{"rendered":"https:\/\/www.autonvaraosahaku.fi\/?product=hjs-83-12-2857-pakoputken-asennussarja"},"modified":"2021-02-21T16:08:19","modified_gmt":"2021-02-21T16:08:19","slug":"hjs-83-12-2857-pakoputken-asennussarja","status":"publish","type":"product","link":"https:\/\/www.autonvaraosahaku.fi\/?product=hjs-83-12-2857-pakoputken-asennussarja","title":{"rendered":"HJS 83 12 2857 Pakoputken asennussarja"},"content":{"rendered":"<p>Putkiliitokset: Kaksoiskiristin; L\u00e4pimitta [mm]: 45; Pituus (mm): 90; Pakoputkisto: f\u00fcr Endschalld\u00e4mpfer; VW: GOLF IV 1J1,GOLF V 1K1,POLO 9N_,GOLF VI 5K1,GOLF PLUS 5M1, 521,LUPO 6X1, 6E1,POLO 6R, 6C,GOLF III 1H1,GOLF IV Variant 1J5,POLO 6N2,POLO 6N1,CADDY III Kombi 2KB, 2KJ, 2CB, 2CJ,FOX 5Z1, 5Z3,GOLF VI Variant AJ5,GOLF V Variant 1K5,UP,CADDY III Kasten 2KA, 2KH, 2CA, 2CH,BORA 1J2,NEW BEETLE 9C1, 1C1,BORA Kombi 1J6,GOLF III Variant 1H5,NEW BEETLE Cabriolet 1Y7,VENTO 1H2,POLO Stufenheck 9A4,POLO AW1, BZ1; AUDI: A6 Avant 4F5, C6,A3 8L1,A4 Avant 8ED, B7,A4 Avant 8E5, B6,A4 8E2, B6,A2 8Z0,A6 4F2, C6,A4 Cabriolet 8H7, B6, 8HE, B7,A4 8EC, B7,A1 8X1, 8XF,A1 Sportback 8XA, 8XK; SKODA: OCTAVIA Combi 1Z5,FABIA Combi 6Y5,FABIA,FABIA 6Y2,OCTAVIA Combi 1U5,FABIA Combi,ROOMSTER 5J,YETI 5L,OCTAVIA 1Z3,OCTAVIA 1U2,RAPID Spaceback NH1,FABIA Stufenheck 6Y3,ROOMSTER Praktik 5J,RAPID NH3,FABIA Praktik,FABIA NJ3,FABIA Kombi NJ5; SEAT: IBIZA IV 6L1,LEON 1P1,IBIZA V 6J5, 6P5,LEON 1M1,ALTEA 5P1,ALTEA XL 5P5, 5P8,IBIZA V ST 6J8, 6P8,TOLEDO II 1M2,IBIZA V SPORTCOUPE 6J1, 6P1,CORDOBA 6L2,TOLEDO III 5P2,TOLEDO IV KG3,IBIZA V KJ1; NISSAN: KUBISTAR Kasten X80,MICRA V K14; OPEL: CORSA B 73_, 78_, 79_; FORD: FIESTA VII; TOYOTA: PROACE Kasten\/Kombi; DACIA: DUSTER,SANDERO,LOGAN MCV KS_,DOKKER,LOGAN LS_,DOKKER Express,LOGAN EXPRESS FS_,LOGAN Pick-up US_,LOGAN II; FIAT: PUNTO 188,SCUDO 270_,SCUDO Kasten 270_,SCUDO Kasten 220L,SCUDO Combinato 220P,SCUDO Pritsche\/Fahrgestell 270_,SCUDO Pritsche\/Fahrgestell 220_; 46756612, 1H0253141, 1H0253141B, 1K0253141K, 18107511597, 18207791251, 46756612, 9401736169, 9456123680, 9456204380, 9685830580, 1423996, 1556171, 1854884, 6151622, 6151637, 8200661295, 46756612, 2067500QAA, 173610, 173631, 99611110902, 99611111000, 99611111001, 7703083443, 8200661295, 1H0253141, 1H0253141B, 1K0253141K, 1H0253141, 1H0253141B, 1K0253141K, SU001A0634, 1H0253141, 1H0253141B, 1K0253141, 1K0253141K, 1K0253141Q; Putkenliitin, Pakoputkisto<\/p>\n","protected":false},"excerpt":{"rendered":"<p>HJS Pakoputken Kiristin 83 12 2857 Putkenliitin, Pakoputkisto VW,AUDI,SKODA,GOLF IV 1J1,GOLF V 1K1,POLO 9N_,GOLF VI 5K1,GOLF PLUS 5M1, 521<\/p>\n","protected":false},"featured_media":0,"template":"","meta":{"site-sidebar-layout":"default","site-content-layout":"default","ast-global-header-display":"","ast-main-header-display":"","ast-hfb-above-header-display":"","ast-hfb-below-header-display":"","ast-hfb-mobile-header-display":"","site-post-title":"","ast-breadcrumbs-content":"","ast-featured-img":"","footer-sml-layout":"","theme-transparent-header-meta":"","adv-header-id-meta":"","stick-header-meta":"","header-above-stick-meta":"","header-main-stick-meta":"","header-below-stick-meta":""},"pwb-brand":[344],"product_cat":[101],"product_tag":[],"class_list":{"0":"post-31010","1":"product","2":"type-product","3":"status-publish","5":"pwb-brand-hjs","6":"product_cat-pakoputken-asennussarja","7":"desktop-align-left","8":"tablet-align-left","9":"mobile-align-left","11":"first","12":"instock","13":"product-type-external"},"brands":[{"id":344,"name":"HJS","slug":"hjs"}],"_links":{"self":[{"href":"https:\/\/www.autonvaraosahaku.fi\/index.php?rest_route=\/wp\/v2\/product\/31010","targetHints":{"allow":["GET"]}}],"collection":[{"href":"https:\/\/www.autonvaraosahaku.fi\/index.php?rest_route=\/wp\/v2\/product"}],"about":[{"href":"https:\/\/www.autonvaraosahaku.fi\/index.php?rest_route=\/wp\/v2\/types\/product"}],"wp:attachment":[{"href":"https:\/\/www.autonvaraosahaku.fi\/index.php?rest_route=%2Fwp%2Fv2%2Fmedia&parent=31010"}],"wp:term":[{"taxonomy":"pwb-brand","embeddable":true,"href":"https:\/\/www.autonvaraosahaku.fi\/index.php?rest_route=%2Fwp%2Fv2%2Fpwb-brand&post=31010"},{"taxonomy":"product_cat","embeddable":true,"href":"https:\/\/www.autonvaraosahaku.fi\/index.php?rest_route=%2Fwp%2Fv2%2Fproduct_cat&post=31010"},{"taxonomy":"product_tag","embeddable":true,"href":"https:\/\/www.autonvaraosahaku.fi\/index.php?rest_route=%2Fwp%2Fv2%2Fproduct_tag&post=31010"}],"curies":[{"name":"wp","href":"https:\/\/api.w.org\/{rel}","templated":true}]}}