{"id":31031,"date":"2021-02-21T16:08:21","date_gmt":"2021-02-21T16:08:21","guid":{"rendered":"https:\/\/www.autonvaraosahaku.fi\/?product=dt-9-01003-kierretulppa"},"modified":"2021-02-21T16:08:24","modified_gmt":"2021-02-21T16:08:24","slug":"dt-9-01003-kierretulppa","status":"publish","type":"product","link":"https:\/\/www.autonvaraosahaku.fi\/?product=dt-9-01003-kierretulppa","title":{"rendered":"DT 9.01003 Kierretulppa"},"content":{"rendered":"<p>Muoto: A-muoto; Materiaali: Kupari; Paino [g]: 1,9; Sis\u00e4l\u00e4pimitta [mm]: 22; Ulkol\u00e4pimitta [mm]: 27; Paksuus [mm]: 1,5; Tunnusluku: CU; MERCEDES-BENZ: ACTROS MP4 \/ MP5,ANTOS,AROCS,AXOR 2,CITARO (O 530),CONECTO (O 345),OF,TOURO (O 500); OPEL: MOVANO Kasten F9,FRONTERA A Sport 5_SUD2,FRONTERA A 5_MWL4,MOVANO Combi J9,MOVANO Pritsche\/Fahrgestell U9, E9,MOVANO Kipper H9,ARENA Kasten TB, TF; FORD: SCORPIO II GFR, GGR,SCORPIO I GAE, GGE,SCORPIO II Kombi GNR, GGR,SCORPIO I Stufenheck GGE,SCORPIO I Kombi GGE; RENAULT: MASTER II Kasten FD,MASTER II Pritsche\/Fahrgestell ED\/HD\/UD,MASTER II Bus JD,TRAFIC Kasten TXX,TRAFIC Bus TXW,SAFRANE I B54_,MASTER I Kasten T__,MASTER I Bus T__,TRAFIC Pritsche\/Fahrgestell P6,MASTER I Pritsche\/Fahrgestell P__,TRAFIC Pritsche\/Fahrgestell PXX; FIAT: DUCATO Kasten 250,DUCATO Pritsche\/Fahrgestell 250,DUCATO Pritsche\/Fahrgestell 230,DUCATO Bus 250,DUCATO Bus 230,DUCATO Kasten 244,DUCATO Pritsche\/Fahrgestell 244,DUCATO Kasten 230L,DUCATO Bus 244, Z_,CROMA 154; PEUGEOT: BOXER Kasten,BOXER Kasten 230L,BOXER Kasten 244,BOXER Bus,BOXER Pritsche\/Fahrgestell,BOXER Bus 230P,BOXER Bus 244, Z_,BOXER Pritsche\/Fahrgestell ZCT_,BOXER Pritsche\/Fahrgestell 244; CITRO\u00cbN: JUMPER Kasten,JUMPER Kasten 244,JUMPER Bus,JUMPER Pritsche\/Fahrgestell,JUMPER Kasten 230L,JUMPER Bus 244, Z_,JUMPER Bus 230P,JUMPER Pritsche\/Fahrgestell 244,JUMPER Pritsche\/Fahrgestell 230; VOLVO: A,B12,B6,FH12,FL12,FL6,FL7,FM12,FS7,NH12; ALFA ROMEO: 147 937,156 Sportwagon 932,156 932,GT 937,SPIDER 916S_,166 936,SPIDER 115,GTV 916C_,75 162B,164 164,145 930,155 167,146 930,SPIDER 105,GIULIA,GT,33 907A,GTV 116,ALFETTA GT 116,1750-2000,33 905,ALFASUD Sprint 902.A,ALFETTA 116,ALFASUD 901,GIULIETTA 116,33 Sportwagon 907B,GIULIA GT,33 Sportwagon 905A,6 119,GIULIETTA Sprint,90 162,SZ,GIULIA SPIDER 101,RZ,GTA Coupe,ALFASUD Giardinetta 904,ARNA 920; IVECO: DAILY IV Kasten\/Kombi,DAILY III Pritsche\/Fahrgestell,DAILY III Kasten\/Kombi,DAILY IV Pritsche\/Fahrgestell,DAILY II Pritsche\/Fahrgestell,DAILY V Kasten\/Kombi,DAILY II Kasten\/Kombi,DAILY I Pritsche\/Fahrgestell,DAILY V Pritsche\/Fahrgestell,MASSIF Station Wagon,DAILY IV Bus,DAILY IV Kipper,DAILY II Bus,DAILY I Kasten\/Kombi,DAILY II Kipper,DAILY V Kipper,MASSIF Single Cab,MASSIF Pick-up,DAILY VI Kasten\/Kombi,DAILY III Bus,DAILY VI Pritsche\/Fahrgestell,DAILY TOURYS Bus,DAILY CITYS,CITYCLASS,EUROTECH MH,EUROTRAKKER,MK,STRALIS,TRAKKER; 234032243, N0138271, 07119963354, 016484, 0119133, 119133, 10263450, 16508460, 60800580, 1669199, 10263460, 16508460, 06561900718, 000000001085, 007603022102, 662261, 016484, 90012301120, 0003143409, 0003143480, 0021323045, 7701039179, 0003143409, 0003143480, 0021323045, 7701039179, N0138271, N0138271, 681430, 947627, N0138271, N138271; Tiiviste, \u00d6ljynlaskutulppa<\/p>\n","protected":false},"excerpt":{"rendered":"<p>DT \u00d6ljytulpan Tiiviste 9.01003 Tiiviste, \u00d6ljynlaskutulppa MERCEDES-BENZ,OPEL,FORD,ACTROS MP4 \/ MP5,ANTOS,AROCS,AXOR 2,CITARO (O 530),CONECTO (O 345)<\/p>\n","protected":false},"featured_media":0,"template":"","meta":{"site-sidebar-layout":"default","site-content-layout":"default","ast-global-header-display":"","ast-main-header-display":"","ast-hfb-above-header-display":"","ast-hfb-below-header-display":"","ast-hfb-mobile-header-display":"","site-post-title":"","ast-breadcrumbs-content":"","ast-featured-img":"","footer-sml-layout":"","theme-transparent-header-meta":"","adv-header-id-meta":"","stick-header-meta":"","header-above-stick-meta":"","header-main-stick-meta":"","header-below-stick-meta":""},"pwb-brand":[75],"product_cat":[40],"product_tag":[],"class_list":{"0":"post-31031","1":"product","2":"type-product","3":"status-publish","5":"pwb-brand-dt","6":"product_cat-kierretulppa","7":"desktop-align-left","8":"tablet-align-left","9":"mobile-align-left","11":"first","12":"instock","13":"product-type-external"},"brands":[{"id":75,"name":"DT","slug":"dt"}],"_links":{"self":[{"href":"https:\/\/www.autonvaraosahaku.fi\/index.php?rest_route=\/wp\/v2\/product\/31031","targetHints":{"allow":["GET"]}}],"collection":[{"href":"https:\/\/www.autonvaraosahaku.fi\/index.php?rest_route=\/wp\/v2\/product"}],"about":[{"href":"https:\/\/www.autonvaraosahaku.fi\/index.php?rest_route=\/wp\/v2\/types\/product"}],"wp:attachment":[{"href":"https:\/\/www.autonvaraosahaku.fi\/index.php?rest_route=%2Fwp%2Fv2%2Fmedia&parent=31031"}],"wp:term":[{"taxonomy":"pwb-brand","embeddable":true,"href":"https:\/\/www.autonvaraosahaku.fi\/index.php?rest_route=%2Fwp%2Fv2%2Fpwb-brand&post=31031"},{"taxonomy":"product_cat","embeddable":true,"href":"https:\/\/www.autonvaraosahaku.fi\/index.php?rest_route=%2Fwp%2Fv2%2Fproduct_cat&post=31031"},{"taxonomy":"product_tag","embeddable":true,"href":"https:\/\/www.autonvaraosahaku.fi\/index.php?rest_route=%2Fwp%2Fv2%2Fproduct_tag&post=31031"}],"curies":[{"name":"wp","href":"https:\/\/api.w.org\/{rel}","templated":true}]}}