{"id":31039,"date":"2021-02-21T16:08:26","date_gmt":"2021-02-21T16:08:26","guid":{"rendered":"https:\/\/www.autonvaraosahaku.fi\/?product=mahle-original-kl-915-polttoainesuodatin"},"modified":"2021-02-21T16:08:26","modified_gmt":"2021-02-21T16:08:26","slug":"mahle-original-kl-915-polttoainesuodatin","status":"publish","type":"product","link":"https:\/\/www.autonvaraosahaku.fi\/?product=mahle-original-kl-915-polttoainesuodatin","title":{"rendered":"MAHLE ORIGINAL KL 915 Polttoainesuodatin"},"content":{"rendered":"<p>Suodatintyyppi: Letkusuodatin; Kopan l\u00e4pimitta (mm): 55,0; Korkeus (mm): 248,4; L\u00e4pimitta 2 [mm]: 9,2; L\u00e4pimitta 3 [mm]: 11,3; OE-numerolle: 4G0 127 400C; Valmistusvuoteen: 04\/2014; AUDI: A6 Avant 4G5, C7, 4GD,A5 8T3,A6 4G2, C7, 4GC,A7 Sportback 4GA, 4GF,A6 Allroad 4GH, 4GJ,A4 Avant 8W5, B9,A4 8W2, B9,Q5 FY,A5 Sportback F5A,A5 F53,A5 Cabriolet F57; 4G0127400C, 8T0127401A, 4G0127400C, 8T0127401A<\/p>\n","protected":false},"excerpt":{"rendered":"<p>MAHLE ORIGINAL Polttoainesuodatin KL 915  AUDI,A6 Avant 4G5, C7, 4GD,A5 8T3,A6 4G2, C7, 4GC,A7 Sportback 4GA, 4GF,A6 Allroad 4GH, 4GJ,A4 Avant 8W5, B9<\/p>\n","protected":false},"featured_media":0,"template":"","meta":{"site-sidebar-layout":"default","site-content-layout":"default","ast-global-header-display":"","ast-main-header-display":"","ast-hfb-above-header-display":"","ast-hfb-below-header-display":"","ast-hfb-mobile-header-display":"","site-post-title":"","ast-breadcrumbs-content":"","ast-featured-img":"","footer-sml-layout":"","theme-transparent-header-meta":"","adv-header-id-meta":"","stick-header-meta":"","header-above-stick-meta":"","header-main-stick-meta":"","header-below-stick-meta":""},"pwb-brand":[153],"product_cat":[29],"product_tag":[],"class_list":{"0":"post-31039","1":"product","2":"type-product","3":"status-publish","5":"pwb-brand-mahle-original","6":"product_cat-polttoainesuodatin","7":"desktop-align-left","8":"tablet-align-left","9":"mobile-align-left","11":"first","12":"instock","13":"product-type-external"},"brands":[{"id":153,"name":"MAHLE ORIGINAL","slug":"mahle-original"}],"_links":{"self":[{"href":"https:\/\/www.autonvaraosahaku.fi\/index.php?rest_route=\/wp\/v2\/product\/31039","targetHints":{"allow":["GET"]}}],"collection":[{"href":"https:\/\/www.autonvaraosahaku.fi\/index.php?rest_route=\/wp\/v2\/product"}],"about":[{"href":"https:\/\/www.autonvaraosahaku.fi\/index.php?rest_route=\/wp\/v2\/types\/product"}],"wp:attachment":[{"href":"https:\/\/www.autonvaraosahaku.fi\/index.php?rest_route=%2Fwp%2Fv2%2Fmedia&parent=31039"}],"wp:term":[{"taxonomy":"pwb-brand","embeddable":true,"href":"https:\/\/www.autonvaraosahaku.fi\/index.php?rest_route=%2Fwp%2Fv2%2Fpwb-brand&post=31039"},{"taxonomy":"product_cat","embeddable":true,"href":"https:\/\/www.autonvaraosahaku.fi\/index.php?rest_route=%2Fwp%2Fv2%2Fproduct_cat&post=31039"},{"taxonomy":"product_tag","embeddable":true,"href":"https:\/\/www.autonvaraosahaku.fi\/index.php?rest_route=%2Fwp%2Fv2%2Fproduct_tag&post=31039"}],"curies":[{"name":"wp","href":"https:\/\/api.w.org\/{rel}","templated":true}]}}