{"id":31113,"date":"2021-02-21T16:08:41","date_gmt":"2021-02-21T16:08:41","guid":{"rendered":"https:\/\/www.autonvaraosahaku.fi\/?product=japanparts-pp-k06af-jarrupalat"},"modified":"2021-02-21T16:08:43","modified_gmt":"2021-02-21T16:08:43","slug":"japanparts-pp-k06af-jarrupalat","status":"publish","type":"product","link":"https:\/\/www.autonvaraosahaku.fi\/?product=japanparts-pp-k06af-jarrupalat","title":{"rendered":"JAPANPARTS PP-K06AF Jarrupalat"},"content":{"rendered":"<p>Asennuspuoli: Taka-akseli; Jarrutyyppi: Levyjarru; Pituus (mm): 100; Korkeus (mm): 41; Paksuus [mm]: 16; WVA-numero: 24934, 24935, 24936, 25337, 25338, 25339; Tarkistuskilpi: ECE R90 APPROVED; M\u00e4\u00e4r\u00e4yksikk\u00f6: Akselisarja; Valmistusvuoteen: 04\/2013; HYUNDAI: TUCSON JM,i40 CW VF,i30 GD,i30 CW GD,SONATA V NF,VELOSTER FS,i40 VF,GRANDEUR TG,i10 IA,i20 GB,ACCENT IV Stufenheck RB,i30 PDE,GRANDEUR HG,i20 ACTIVE GB; KIA: RIO III UB,SOUL AM,OPTIMA,RIO III Stufenheck UB; SSANGYONG: KORANDO; 58101B9A30, 583020AA10, 583021RA30, 583021WA30, 583022EA31, 583022HA50, 583022HA51, 583022KA00, 583022KA10, 583022TA60, 583022VA30, 583022VA35, 583022VA50, 583023FA01, 583023FA11, 583023KA31, 583023KA35, 583023KA62, 583023KA63, 583023LA10, 583023LA20, 583023QA10, 583023RA70, 583023XA30, 583023ZA10, 583023ZA16, 583023ZA70, 583023ZA76, 58302A6A20, 58302A6A30, 58302A6A31, 58302A7B30, 58302AGA20, 58302B4A30, 58302C8A30, 58302D7A70, 58302E6A50, 583020AA10, 583021RA30, 583021WA30, 583021WA35, 583022HA51, 583022KA00, 583022KA10, 583022KA50, 583022PA00, 583022TA40, 583022TA60, 583022TA70, 583022XA00, 583023FA01, 583023FA11, 583023KA62, 583023KA63, 583023LA10, 583023LA20, 583023QA10, 583023XA30, 583023ZA00, 583023ZA70, 58302A4B00, 58302A4B10, 58302A4B60, 58302A6A20, 58302B2A00, 58302B2A10, 58302D4A55, 58302D4A65, 58302E4A00, 58302E4A10, 48413341A0, 48413350B0; Jarrupalasarja,Jarrupala, Levyjarru<\/p>\n","protected":false},"excerpt":{"rendered":"<p>JAPANPARTS Jarrupalat PP-K06AF Jarrupalasarja,Jarrupala, Levyjarru HYUNDAI,KIA,SSANGYONG,TUCSON JM,i40 CW VF,i30 GD,i30 CW GD,SONATA V NF,VELOSTER FS<\/p>\n","protected":false},"featured_media":0,"template":"","meta":{"site-sidebar-layout":"default","site-content-layout":"default","ast-global-header-display":"","ast-main-header-display":"","ast-hfb-above-header-display":"","ast-hfb-below-header-display":"","ast-hfb-mobile-header-display":"","site-post-title":"","ast-breadcrumbs-content":"","ast-featured-img":"","footer-sml-layout":"","theme-transparent-header-meta":"","adv-header-id-meta":"","stick-header-meta":"","header-above-stick-meta":"","header-main-stick-meta":"","header-below-stick-meta":""},"pwb-brand":[334],"product_cat":[100],"product_tag":[],"class_list":{"0":"post-31113","1":"product","2":"type-product","3":"status-publish","5":"pwb-brand-japanparts","6":"product_cat-jarrupalat","7":"desktop-align-left","8":"tablet-align-left","9":"mobile-align-left","11":"first","12":"instock","13":"product-type-external"},"brands":[{"id":334,"name":"JAPANPARTS","slug":"japanparts"}],"_links":{"self":[{"href":"https:\/\/www.autonvaraosahaku.fi\/index.php?rest_route=\/wp\/v2\/product\/31113","targetHints":{"allow":["GET"]}}],"collection":[{"href":"https:\/\/www.autonvaraosahaku.fi\/index.php?rest_route=\/wp\/v2\/product"}],"about":[{"href":"https:\/\/www.autonvaraosahaku.fi\/index.php?rest_route=\/wp\/v2\/types\/product"}],"wp:attachment":[{"href":"https:\/\/www.autonvaraosahaku.fi\/index.php?rest_route=%2Fwp%2Fv2%2Fmedia&parent=31113"}],"wp:term":[{"taxonomy":"pwb-brand","embeddable":true,"href":"https:\/\/www.autonvaraosahaku.fi\/index.php?rest_route=%2Fwp%2Fv2%2Fpwb-brand&post=31113"},{"taxonomy":"product_cat","embeddable":true,"href":"https:\/\/www.autonvaraosahaku.fi\/index.php?rest_route=%2Fwp%2Fv2%2Fproduct_cat&post=31113"},{"taxonomy":"product_tag","embeddable":true,"href":"https:\/\/www.autonvaraosahaku.fi\/index.php?rest_route=%2Fwp%2Fv2%2Fproduct_tag&post=31113"}],"curies":[{"name":"wp","href":"https:\/\/api.w.org\/{rel}","templated":true}]}}