{"id":31114,"date":"2021-02-21T16:08:41","date_gmt":"2021-02-21T16:08:41","guid":{"rendered":"https:\/\/www.autonvaraosahaku.fi\/?product=vegaz-ftg-115-pakoputken-asennussarja"},"modified":"2021-02-21T16:08:43","modified_gmt":"2021-02-21T16:08:43","slug":"vegaz-ftg-115-pakoputken-asennussarja","status":"publish","type":"product","link":"https:\/\/www.autonvaraosahaku.fi\/?product=vegaz-ftg-115-pakoputken-asennussarja","title":{"rendered":"VEGAZ FTG-115 Pakoputken asennussarja"},"content":{"rendered":"<p>L\u00e4pimitta [mm]: 11,3, 11,3; Akseliv\u00e4li (mm): 56; Katalysaattorimalli: f\u00fcr Fahrzeuge mit Katalysator; IVECO: DAILY IV Kasten\/Kombi,DAILY III Pritsche\/Fahrgestell,DAILY III Kasten\/Kombi,DAILY IV Pritsche\/Fahrgestell,DAILY IV Bus,DAILY IV Kipper; LANCIA: DELTA II 836,DEDRA 835,DEDRA SW 835; FIAT: COUPE FA\/175,BRAVO I 182,BRAVA 182,MAREA Weekend 185,TIPO 160,MAREA 185,TEMPRA 159,TEMPRA S.W. 159; ALFA ROMEO: 147 937,145 930,155 167,146 930; 60812449, 60695841, 6695841, 7749062, 500329485, 504131271, 5801329740<\/p>\n","protected":false},"excerpt":{"rendered":"<p>VEGAZ Pidike, Pakoputkisto FTG-115  IVECO,LANCIA,FIAT,DAILY IV Kasten\/Kombi,DAILY III Pritsche\/Fahrgestell,DAILY III Kasten\/Kombi<\/p>\n","protected":false},"featured_media":0,"template":"","meta":{"site-sidebar-layout":"default","site-content-layout":"default","ast-global-header-display":"","ast-main-header-display":"","ast-hfb-above-header-display":"","ast-hfb-below-header-display":"","ast-hfb-mobile-header-display":"","site-post-title":"","ast-breadcrumbs-content":"","ast-featured-img":"","footer-sml-layout":"","theme-transparent-header-meta":"","adv-header-id-meta":"","stick-header-meta":"","header-above-stick-meta":"","header-main-stick-meta":"","header-below-stick-meta":""},"pwb-brand":[306],"product_cat":[101],"product_tag":[],"class_list":{"0":"post-31114","1":"product","2":"type-product","3":"status-publish","5":"pwb-brand-vegaz","6":"product_cat-pakoputken-asennussarja","7":"desktop-align-left","8":"tablet-align-left","9":"mobile-align-left","11":"first","12":"instock","13":"product-type-external"},"brands":[{"id":306,"name":"VEGAZ","slug":"vegaz"}],"_links":{"self":[{"href":"https:\/\/www.autonvaraosahaku.fi\/index.php?rest_route=\/wp\/v2\/product\/31114","targetHints":{"allow":["GET"]}}],"collection":[{"href":"https:\/\/www.autonvaraosahaku.fi\/index.php?rest_route=\/wp\/v2\/product"}],"about":[{"href":"https:\/\/www.autonvaraosahaku.fi\/index.php?rest_route=\/wp\/v2\/types\/product"}],"wp:attachment":[{"href":"https:\/\/www.autonvaraosahaku.fi\/index.php?rest_route=%2Fwp%2Fv2%2Fmedia&parent=31114"}],"wp:term":[{"taxonomy":"pwb-brand","embeddable":true,"href":"https:\/\/www.autonvaraosahaku.fi\/index.php?rest_route=%2Fwp%2Fv2%2Fpwb-brand&post=31114"},{"taxonomy":"product_cat","embeddable":true,"href":"https:\/\/www.autonvaraosahaku.fi\/index.php?rest_route=%2Fwp%2Fv2%2Fproduct_cat&post=31114"},{"taxonomy":"product_tag","embeddable":true,"href":"https:\/\/www.autonvaraosahaku.fi\/index.php?rest_route=%2Fwp%2Fv2%2Fproduct_tag&post=31114"}],"curies":[{"name":"wp","href":"https:\/\/api.w.org\/{rel}","templated":true}]}}