{"id":31170,"date":"2021-02-21T16:08:55","date_gmt":"2021-02-21T16:08:55","guid":{"rendered":"https:\/\/www.autonvaraosahaku.fi\/?product=ravenol-1211113-001-01-999-vaihteistooljy"},"modified":"2021-02-21T16:08:57","modified_gmt":"2021-02-21T16:08:57","slug":"ravenol-1211113-001-01-999-vaihteistooljy","status":"publish","type":"product","link":"https:\/\/www.autonvaraosahaku.fi\/?product=ravenol-1211113-001-01-999-vaihteistooljy","title":{"rendered":"RAVENOL 1211113-001-01-999 Vaihteisto\u00f6ljy"},"content":{"rendered":"<p>Kemialliset ominaisuudet: synteettinen; Valmistajan hyv\u00e4ksym\u00e4: Honda DPFII (DPSF),, 08293-99904,, DPSF2, Ultra 4WD Rear,, 08200-9007; Tilavuus (litra): 1; Tuotelinja: TDG SAE 75W-110, TDG SAE 75W-110; HONDA: CR-V III RE,CR-V II RD_; ACURA: MDX YD2; Vaihdelaatikon \u00d6ljy<\/p>\n","protected":false},"excerpt":{"rendered":"<p>RAVENOL Vaihteisto\u00f6ljy 1211113-001-01-999 Vaihdelaatikon \u00d6ljy HONDA,ACURA,CR-V III RE,CR-V II RD_,MDX YD2<\/p>\n","protected":false},"featured_media":0,"template":"","meta":{"site-sidebar-layout":"default","site-content-layout":"default","ast-global-header-display":"","ast-main-header-display":"","ast-hfb-above-header-display":"","ast-hfb-below-header-display":"","ast-hfb-mobile-header-display":"","site-post-title":"","ast-breadcrumbs-content":"","ast-featured-img":"","footer-sml-layout":"","theme-transparent-header-meta":"","adv-header-id-meta":"","stick-header-meta":"","header-above-stick-meta":"","header-main-stick-meta":"","header-below-stick-meta":""},"pwb-brand":[130],"product_cat":[58],"product_tag":[],"class_list":{"0":"post-31170","1":"product","2":"type-product","3":"status-publish","5":"pwb-brand-ravenol","6":"product_cat-vaihteistooljy","7":"desktop-align-left","8":"tablet-align-left","9":"mobile-align-left","11":"first","12":"instock","13":"product-type-external"},"brands":[{"id":130,"name":"RAVENOL","slug":"ravenol"}],"_links":{"self":[{"href":"https:\/\/www.autonvaraosahaku.fi\/index.php?rest_route=\/wp\/v2\/product\/31170","targetHints":{"allow":["GET"]}}],"collection":[{"href":"https:\/\/www.autonvaraosahaku.fi\/index.php?rest_route=\/wp\/v2\/product"}],"about":[{"href":"https:\/\/www.autonvaraosahaku.fi\/index.php?rest_route=\/wp\/v2\/types\/product"}],"wp:attachment":[{"href":"https:\/\/www.autonvaraosahaku.fi\/index.php?rest_route=%2Fwp%2Fv2%2Fmedia&parent=31170"}],"wp:term":[{"taxonomy":"pwb-brand","embeddable":true,"href":"https:\/\/www.autonvaraosahaku.fi\/index.php?rest_route=%2Fwp%2Fv2%2Fpwb-brand&post=31170"},{"taxonomy":"product_cat","embeddable":true,"href":"https:\/\/www.autonvaraosahaku.fi\/index.php?rest_route=%2Fwp%2Fv2%2Fproduct_cat&post=31170"},{"taxonomy":"product_tag","embeddable":true,"href":"https:\/\/www.autonvaraosahaku.fi\/index.php?rest_route=%2Fwp%2Fv2%2Fproduct_tag&post=31170"}],"curies":[{"name":"wp","href":"https:\/\/api.w.org\/{rel}","templated":true}]}}