{"id":31171,"date":"2021-02-21T16:08:55","date_gmt":"2021-02-21T16:08:55","guid":{"rendered":"https:\/\/www.autonvaraosahaku.fi\/?product=trw-jgm1131t-iskunvaimennin"},"modified":"2021-02-21T16:08:57","modified_gmt":"2021-02-21T16:08:57","slug":"trw-jgm1131t-iskunvaimennin","status":"publish","type":"product","link":"https:\/\/www.autonvaraosahaku.fi\/?product=trw-jgm1131t-iskunvaimennin","title":{"rendered":"TRW JGM1131T Iskunvaimennin"},"content":{"rendered":"<p>Lukum\u00e4\u00e4r\u00e4 akselille: 1; Asennuspuoli: Etuakseli; Iskunvaimennin tyyppi: Kaasupaine; Iskunvaimennin malli: Joustintuki; Iskunvaimennusj\u00e4rjestelm\u00e4: Kaksiputki; Iskunvaimennin asennustapa: Tappi ylh\u00e4\u00e4ll\u00e4; Pituus 1 (mm): 443; Pituus 2 (mm): 357; L\u00e4pimitta [mm]: 52; Jousijalan l\u00e4pimitta [mm]: 22; Huomioi tekniset tiedot: ; Tuotelinja: TWIN; Alustarakenne: f\u00fcr Fahrzeuge mit Sportfahrwerk; BMW: 1 E87,1 E81,1 Cabriolet E88,1 Coupe E82; 31316782857, 31316782858, 31316783991, 31316783992, 31316784001, 31316784002, 31316786023, 31316786024, 31316786027, 31316786028, 31316786031, 31316786032, 6782857, 6782858, 6783991, 6783992, 6784001, 6784002, 6786023, 6786024, 6786027, 6786028, 6786031, 6786032; Iskarit,Iskunvaimennin<\/p>\n","protected":false},"excerpt":{"rendered":"<p>TRW Iskunvaimentimet JGM1131T Iskarit,Iskunvaimennin BMW,1 E87,1 E81,1 Cabriolet E88,1 Coupe E82<\/p>\n","protected":false},"featured_media":0,"template":"","meta":{"site-sidebar-layout":"default","site-content-layout":"default","ast-global-header-display":"","ast-main-header-display":"","ast-hfb-above-header-display":"","ast-hfb-below-header-display":"","ast-hfb-mobile-header-display":"","site-post-title":"","ast-breadcrumbs-content":"","ast-featured-img":"","footer-sml-layout":"","theme-transparent-header-meta":"","adv-header-id-meta":"","stick-header-meta":"","header-above-stick-meta":"","header-main-stick-meta":"","header-below-stick-meta":""},"pwb-brand":[332],"product_cat":[80],"product_tag":[],"class_list":{"0":"post-31171","1":"product","2":"type-product","3":"status-publish","5":"pwb-brand-trw","6":"product_cat-iskunvaimennin","7":"desktop-align-left","8":"tablet-align-left","9":"mobile-align-left","11":"first","12":"instock","13":"product-type-external"},"brands":[{"id":332,"name":"TRW","slug":"trw"}],"_links":{"self":[{"href":"https:\/\/www.autonvaraosahaku.fi\/index.php?rest_route=\/wp\/v2\/product\/31171","targetHints":{"allow":["GET"]}}],"collection":[{"href":"https:\/\/www.autonvaraosahaku.fi\/index.php?rest_route=\/wp\/v2\/product"}],"about":[{"href":"https:\/\/www.autonvaraosahaku.fi\/index.php?rest_route=\/wp\/v2\/types\/product"}],"wp:attachment":[{"href":"https:\/\/www.autonvaraosahaku.fi\/index.php?rest_route=%2Fwp%2Fv2%2Fmedia&parent=31171"}],"wp:term":[{"taxonomy":"pwb-brand","embeddable":true,"href":"https:\/\/www.autonvaraosahaku.fi\/index.php?rest_route=%2Fwp%2Fv2%2Fpwb-brand&post=31171"},{"taxonomy":"product_cat","embeddable":true,"href":"https:\/\/www.autonvaraosahaku.fi\/index.php?rest_route=%2Fwp%2Fv2%2Fproduct_cat&post=31171"},{"taxonomy":"product_tag","embeddable":true,"href":"https:\/\/www.autonvaraosahaku.fi\/index.php?rest_route=%2Fwp%2Fv2%2Fproduct_tag&post=31171"}],"curies":[{"name":"wp","href":"https:\/\/api.w.org\/{rel}","templated":true}]}}