{"id":31181,"date":"2021-02-21T16:09:00","date_gmt":"2021-02-21T16:09:00","guid":{"rendered":"https:\/\/www.autonvaraosahaku.fi\/?product=dt-4-63781-muut-luokat"},"modified":"2021-02-21T16:09:01","modified_gmt":"2021-02-21T16:09:01","slug":"dt-4-63781-muut-luokat","status":"publish","type":"product","link":"https:\/\/www.autonvaraosahaku.fi\/?product=dt-4-63781-muut-luokat","title":{"rendered":"DT 4.63781 Muut luokat"},"content":{"rendered":"<p>Paino [g]: 5; Sis\u00e4l\u00e4pimitta [mm]: 16; Ulkol\u00e4pimitta [mm]: 18; Pituus (mm): 31,5; VW: PASSAT Variant 3B6,PASSAT Variant 3B5,PASSAT 3B2,PASSAT 3B3,LT 28-46 II Kasten 2DA, 2DD, 2DH,LT 28-35 II Bus 2DB, 2DE, 2DK,LT 28-46 II Pritsche\/Fahrgestell 2DC, 2DF, 2DG, 2DL, 2DM; AUDI: A4 8D2, B5,A4 Avant 8D5, B5,100 4A, C4,100 44, 44Q, C3,A6 Avant 4A, C4,A6 4A, C4,100 Avant 4A, C4,100 Avant 44, 44Q, C3,200 44, 44Q,200 Avant 44, 44Q; SKODA: SUPERB 3U4; MERCEDES-BENZ: ACTROS,ACTROS MP2 \/ MP3,ANTOS,ATEGO,ATEGO 2,AXOR,AXOR 2,CITARO (O 530),CONECTO (O 345),ECONIC,INTEGRO (O 550),INTOURO,LK\/LN2,MK,NG,O 303,O 304,O 305,O 307,O 330,O 340,O 403,O 404,O 405,O 407,O 408,OF,OH,SK,T2\/L,TOURISMO (O 350),TOURO (O 500),TRAVEGO (O 580),UNIMOG,ZETROS; IVECO: DAILY IV Kasten\/Kombi,DAILY III Pritsche\/Fahrgestell,DAILY III Kasten\/Kombi,DAILY IV Pritsche\/Fahrgestell,DAILY II Pritsche\/Fahrgestell,DAILY V Kasten\/Kombi,DAILY II Kasten\/Kombi,DAILY V Pritsche\/Fahrgestell,DAILY II Bus,DAILY VI Kasten\/Kombi,DAILY III Bus,DAILY VI Pritsche\/Fahrgestell,EUROCARGO I-III,EUROFIRE,EUROSTAR,EUROTECH MH,EUROTECH MP,EUROTECH MT,EUROTRAKKER,M,MK,P\/PA,P\/PA-Haubenfahrzeuge,STRALIS,TRAKKER,TURBOSTAR,TURBOTECH; VOLVO: 7700,7900,8500,8700,8900,9500,9700,9900,B10,B11,B12,B6,B7,B9,F10,F12,F16,FE,FE II,FH,FH II,FH12,FH16,FH16 II,FL,FL II,FL10,FL12,FL6,FL7,FM,FM12,FM7,FM9,FMX,FMX II,FS7,NH12; SETRA: Series 400; SCANIA: 3 &#8211; series,3 &#8211; series bus,4 &#8211; series,K &#8211; series,P,G,R,T &#8211; series,TOURING; RENAULT TRUCKS: C,G,KERAX,MAGNUM,MANAGER,MAXTER,MIDLINER,MIDLUM,PREMIUM,PREMIUM 2,R,TR; NEOPLAN: Cityliner,Skyliner,Starliner; 0669714, 1315694, 1504991, 669714, 42061639, 81259370005, 81259370011, 0009922129, 3555420273, 9755420050, 5000790126, 5010143086, 5021170308, 7401196983, 5000790126, 5010143086, 5021170308, 7401196983, 1196983, 2V5614173, 443927817<\/p>\n","protected":false},"excerpt":{"rendered":"<p>DT Pidike, Nopeusanturi 4.63781  VW,AUDI,SKODA,PASSAT Variant 3B6,PASSAT Variant 3B5,PASSAT 3B2,PASSAT 3B3,LT 28-46 II Kasten 2DA, 2DD, 2DH<\/p>\n","protected":false},"featured_media":0,"template":"","meta":{"site-sidebar-layout":"default","site-content-layout":"default","ast-global-header-display":"","ast-main-header-display":"","ast-hfb-above-header-display":"","ast-hfb-below-header-display":"","ast-hfb-mobile-header-display":"","site-post-title":"","ast-breadcrumbs-content":"","ast-featured-img":"","footer-sml-layout":"","theme-transparent-header-meta":"","adv-header-id-meta":"","stick-header-meta":"","header-above-stick-meta":"","header-main-stick-meta":"","header-below-stick-meta":""},"pwb-brand":[75],"product_cat":[37],"product_tag":[],"class_list":{"0":"post-31181","1":"product","2":"type-product","3":"status-publish","5":"pwb-brand-dt","6":"product_cat-muut-luokat","7":"desktop-align-left","8":"tablet-align-left","9":"mobile-align-left","11":"first","12":"instock","13":"product-type-external"},"brands":[{"id":75,"name":"DT","slug":"dt"}],"_links":{"self":[{"href":"https:\/\/www.autonvaraosahaku.fi\/index.php?rest_route=\/wp\/v2\/product\/31181","targetHints":{"allow":["GET"]}}],"collection":[{"href":"https:\/\/www.autonvaraosahaku.fi\/index.php?rest_route=\/wp\/v2\/product"}],"about":[{"href":"https:\/\/www.autonvaraosahaku.fi\/index.php?rest_route=\/wp\/v2\/types\/product"}],"wp:attachment":[{"href":"https:\/\/www.autonvaraosahaku.fi\/index.php?rest_route=%2Fwp%2Fv2%2Fmedia&parent=31181"}],"wp:term":[{"taxonomy":"pwb-brand","embeddable":true,"href":"https:\/\/www.autonvaraosahaku.fi\/index.php?rest_route=%2Fwp%2Fv2%2Fpwb-brand&post=31181"},{"taxonomy":"product_cat","embeddable":true,"href":"https:\/\/www.autonvaraosahaku.fi\/index.php?rest_route=%2Fwp%2Fv2%2Fproduct_cat&post=31181"},{"taxonomy":"product_tag","embeddable":true,"href":"https:\/\/www.autonvaraosahaku.fi\/index.php?rest_route=%2Fwp%2Fv2%2Fproduct_tag&post=31181"}],"curies":[{"name":"wp","href":"https:\/\/api.w.org\/{rel}","templated":true}]}}