{"id":31276,"date":"2021-02-21T16:09:19","date_gmt":"2021-02-21T16:09:19","guid":{"rendered":"https:\/\/www.autonvaraosahaku.fi\/?product=beru-z158-sytytystulpat"},"modified":"2021-02-21T16:09:22","modified_gmt":"2021-02-21T16:09:22","slug":"beru-z158-sytytystulpat","status":"publish","type":"product","link":"https:\/\/www.autonvaraosahaku.fi\/?product=beru-z158-sytytystulpat","title":{"rendered":"BERU Z158 Sytytystulpat"},"content":{"rendered":"<p>K\u00e4rkiv\u00e4li (mm): 1,1; Liittimet: SAE\/M4; Kierremitta: M14x1,25; Avainv\u00e4li: 16 mm; Sytytystulppa: 1-maaelektroodi, suoralla istukalla; Kierteen pituus (mm): 19; Teknisten tietojen numero: 14 FR-7 LUX; Itsepalvelupakattu, katso osaluettelo: ; Kiristysmomentti > [Nm]: 20; Kiristysmomentti enint\u00e4\u00e4n [Nm]: 30; Tuotelinja: ULTRA; Tarvittava kappalem\u00e4\u00e4r\u00e4: 4; VW: LT 28-46 II Kasten 2DA, 2DD, 2DH,LT 28-35 II Bus 2DB, 2DE, 2DK,LT 28-46 II Pritsche\/Fahrgestell 2DC, 2DF, 2DG, 2DL, 2DM; MAZDA: 323 F VI BJ,PREMACY CP,MPV II LW,626 IV Hatchback GE,FAMILIA VI BJ,B-SERIE UN,XEDOS 9 TA,MX-6 GE,626 III GD,626 III Hatchback GD,626 III Coupe GD,626 III Station Wagon GV,929 III HC,B-SERIE UF,MPV I LV; BMW: 8 E31; CHEVROLET: ORLANDO J309,CRUZE J300,CRUZE Schr\u00e4gheck J305; JEEP: GRAND CHEROKEE III WH, WK,CHEROKEE KJ,COMMANDER XK,CHEROKEE KK; KIA: CEE&#8217;D SW ED,CEE&#8217;D Schr\u00e4gheck ED,CARNIVAL II GQ,PRO CEE&#8217;D ED,CERATO Stufenheck LD,CARNIVAL I UP; FORD USA: PROBE II ECP,PROBE I; HONDA: CR-V III RE,CIVIC VII Hatchback EU, EP, EV,CR-V II RD_,CIVIC VI Hatchback EJ, EK,FR-V BE,ACCORD VI CG, CK,CIVIC VI Fastback MA, MB,LOGO GA3,CIVIC VI Aerodeck MB, MC,STREAM RN,CR-V I RD,HR-V GH,CIVIC V Hatchback EG,PRELUDE V BB,CIVIC VII Coupe EM2,ACCORD VI Hatchback CH,ACCORD VI Coupe CG,ACCORD V CE, CF,CIVIC VI Stufenheck EJ, EK,PRELUDE IV BB,CIVIC VI Coupe EJ, EM1,SHUTTLE RA,CIVIC V Coupe EJ,CIVIC VII Stufenheck ES,ACCORD IV CB,CIVIC V Stufenheck EG, EH,ACCORD V Aerodeck CE,ACCORD V CC, CD,ACCORD V Coupe CD,ACCORD IV Aerodeck CB,ACCORD IV Coupe CB, CC; HYUNDAI: i30 FD,i20 PB, PBT,i30 CW FD; ROVER: 600 RH; 980795614E, 980795614G, 980795614P, 1882911050, 1882911050, F20118101, F28518110, F28618110, F28718110, F28818110, 1214145; Tulpat,Sytytystulppa<\/p>\n","protected":false},"excerpt":{"rendered":"<p>BERU Sytytystulpat Z158 Tulpat,Sytytystulppa VW,MAZDA,BMW,LT 28-46 II Kasten 2DA, 2DD, 2DH,LT 28-35 II Bus 2DB, 2DE, 2DK<\/p>\n","protected":false},"featured_media":0,"template":"","meta":{"site-sidebar-layout":"default","site-content-layout":"default","ast-global-header-display":"","ast-main-header-display":"","ast-hfb-above-header-display":"","ast-hfb-below-header-display":"","ast-hfb-mobile-header-display":"","site-post-title":"","ast-breadcrumbs-content":"","ast-featured-img":"","footer-sml-layout":"","theme-transparent-header-meta":"","adv-header-id-meta":"","stick-header-meta":"","header-above-stick-meta":"","header-main-stick-meta":"","header-below-stick-meta":""},"pwb-brand":[327],"product_cat":[165],"product_tag":[],"class_list":{"0":"post-31276","1":"product","2":"type-product","3":"status-publish","5":"pwb-brand-beru","6":"product_cat-sytytystulpat","7":"desktop-align-left","8":"tablet-align-left","9":"mobile-align-left","11":"first","12":"instock","13":"product-type-external"},"brands":[{"id":327,"name":"BERU","slug":"beru"}],"_links":{"self":[{"href":"https:\/\/www.autonvaraosahaku.fi\/index.php?rest_route=\/wp\/v2\/product\/31276","targetHints":{"allow":["GET"]}}],"collection":[{"href":"https:\/\/www.autonvaraosahaku.fi\/index.php?rest_route=\/wp\/v2\/product"}],"about":[{"href":"https:\/\/www.autonvaraosahaku.fi\/index.php?rest_route=\/wp\/v2\/types\/product"}],"wp:attachment":[{"href":"https:\/\/www.autonvaraosahaku.fi\/index.php?rest_route=%2Fwp%2Fv2%2Fmedia&parent=31276"}],"wp:term":[{"taxonomy":"pwb-brand","embeddable":true,"href":"https:\/\/www.autonvaraosahaku.fi\/index.php?rest_route=%2Fwp%2Fv2%2Fpwb-brand&post=31276"},{"taxonomy":"product_cat","embeddable":true,"href":"https:\/\/www.autonvaraosahaku.fi\/index.php?rest_route=%2Fwp%2Fv2%2Fproduct_cat&post=31276"},{"taxonomy":"product_tag","embeddable":true,"href":"https:\/\/www.autonvaraosahaku.fi\/index.php?rest_route=%2Fwp%2Fv2%2Fproduct_tag&post=31276"}],"curies":[{"name":"wp","href":"https:\/\/api.w.org\/{rel}","templated":true}]}}