{"id":31311,"date":"2021-02-21T16:09:28","date_gmt":"2021-02-21T16:09:28","guid":{"rendered":"https:\/\/www.autonvaraosahaku.fi\/?product=ufi-27-606-00-ilmansuodatin"},"modified":"2021-02-21T16:09:30","modified_gmt":"2021-02-21T16:09:30","slug":"ufi-27-606-00-ilmansuodatin","status":"publish","type":"product","link":"https:\/\/www.autonvaraosahaku.fi\/?product=ufi-27-606-00-ilmansuodatin","title":{"rendered":"UFI 27.606.00 Ilmansuodatin"},"content":{"rendered":"<p>Ulkol\u00e4pimitta [mm]: 192,0; Sis\u00e4l\u00e4pimitta 1 [mm]: 108,0; Sis\u00e4l\u00e4pimitta 2 [mm]: 108,0; Ulkol\u00e4pimitta 1 [mm]: 142,0; Leveys, sis\u00e4 (mm): 54,0; Korkeus (mm): 245,0; ALFA ROMEO: 159 Sportwagon 939,159 939,BRERA,SPIDER 939; 55183562, 71773167<\/p>\n","protected":false},"excerpt":{"rendered":"<p>UFI Ilmansuodatin 27.606.00  ALFA ROMEO,159 Sportwagon 939,159 939,BRERA,SPIDER 939<\/p>\n","protected":false},"featured_media":0,"template":"","meta":{"site-sidebar-layout":"default","site-content-layout":"default","ast-global-header-display":"","ast-main-header-display":"","ast-hfb-above-header-display":"","ast-hfb-below-header-display":"","ast-hfb-mobile-header-display":"","site-post-title":"","ast-breadcrumbs-content":"","ast-featured-img":"","footer-sml-layout":"","theme-transparent-header-meta":"","adv-header-id-meta":"","stick-header-meta":"","header-above-stick-meta":"","header-main-stick-meta":"","header-below-stick-meta":""},"pwb-brand":[109],"product_cat":[31],"product_tag":[],"class_list":{"0":"post-31311","1":"product","2":"type-product","3":"status-publish","5":"pwb-brand-ufi","6":"product_cat-ilmansuodatin","7":"desktop-align-left","8":"tablet-align-left","9":"mobile-align-left","11":"first","12":"instock","13":"product-type-external"},"brands":[{"id":109,"name":"UFI","slug":"ufi"}],"_links":{"self":[{"href":"https:\/\/www.autonvaraosahaku.fi\/index.php?rest_route=\/wp\/v2\/product\/31311","targetHints":{"allow":["GET"]}}],"collection":[{"href":"https:\/\/www.autonvaraosahaku.fi\/index.php?rest_route=\/wp\/v2\/product"}],"about":[{"href":"https:\/\/www.autonvaraosahaku.fi\/index.php?rest_route=\/wp\/v2\/types\/product"}],"wp:attachment":[{"href":"https:\/\/www.autonvaraosahaku.fi\/index.php?rest_route=%2Fwp%2Fv2%2Fmedia&parent=31311"}],"wp:term":[{"taxonomy":"pwb-brand","embeddable":true,"href":"https:\/\/www.autonvaraosahaku.fi\/index.php?rest_route=%2Fwp%2Fv2%2Fpwb-brand&post=31311"},{"taxonomy":"product_cat","embeddable":true,"href":"https:\/\/www.autonvaraosahaku.fi\/index.php?rest_route=%2Fwp%2Fv2%2Fproduct_cat&post=31311"},{"taxonomy":"product_tag","embeddable":true,"href":"https:\/\/www.autonvaraosahaku.fi\/index.php?rest_route=%2Fwp%2Fv2%2Fproduct_tag&post=31311"}],"curies":[{"name":"wp","href":"https:\/\/api.w.org\/{rel}","templated":true}]}}