{"id":31314,"date":"2021-02-21T16:09:28","date_gmt":"2021-02-21T16:09:28","guid":{"rendered":"https:\/\/www.autonvaraosahaku.fi\/?product=ufi-23-265-00-oljynsuodatin"},"modified":"2021-02-21T16:09:31","modified_gmt":"2021-02-21T16:09:31","slug":"ufi-23-265-00-oljynsuodatin","status":"publish","type":"product","link":"https:\/\/www.autonvaraosahaku.fi\/?product=ufi-23-265-00-oljynsuodatin","title":{"rendered":"UFI 23.265.00 \u00d6ljynsuodatin"},"content":{"rendered":"<p>Ulkol\u00e4pimitta [mm]: 68,0; Sis\u00e4l\u00e4pimitta 1 [mm]: 56,0; Ulkol\u00e4pimitta 2 [mm]: 64,0; Ulkol\u00e4pimitta 1 [mm]: 72,0; Kierremitta: M 20 X 1,5; Korkeus (mm): 87,5; Avauspaine ohitusventtiili [bar]: 1,0; Korvaava tuote\/korvaava tiedote 2: yhdell\u00e4 peruutuksenestoventtiilill\u00e4; Valmistusvuosi alkaen: 06\/1990; MAZDA: FAMILIA V BA,626 IV Hatchback GE,MX-3 EC,XEDOS 6 CA,XEDOS 9 TA,MX-6 GE,E-SERIE Kasten SR2,626 II GC,626 II Hatchback GC,929 III HC,MPV I LV,929 II Coupe HB,929 II HB,929 I LA,RX 5; KIA: PICANTO BA,CARNIVAL II GQ,CARNIVAL I UP; FORD USA: PROBE II ECP; HONDA: CIVIC VIII Hatchback FN, FK,JAZZ II GD,CR-V III RE,CIVIC VII Hatchback EU, EP, EV,JAZZ III GE,ACCORD VII CL,FR-V BE,CR-V IV RE,ACCORD VIII CU,ACCORD VII Tourer CM,CIVIC IX FK,ACCORD VIII Kombi,STREAM RN,HR-V GH,CIVIC VII Coupe EM2,CIVIC VIII Stufenheck FD, FA,INSIGHT ZE_,S2000 AP,CR-Z ZF1,CIVIC VII Stufenheck ES,LEGEND III KA9,CIVIC IX Stufenheck FB, FG,LEGEND IV KB_,ACCORD VII CM,CIVIC IX Tourer FK,CITY Stufenheck GM,HR-V RU,JAZZ IV GK; HYUNDAI: i10 PA,i20 PB, PBT,ATOS MX,i10 IA,i20 GB,i20 Coupe; VOLVO: V40 Kombi VW,S40 I VS; OPEL: CORSA B 73_, 78_, 79_,COMBO 71_,CORSA B Kasten 73_,CORSA B Kombi F35; CHRYSLER: SEBRING JR; FIAT: FULLBACK Pick-up 502_, 503_; CITRO\u00cbN: C-CROSSER EP_,C4 AIRCROSS,C-CROSSER ENTERPRISE; 1109AE, 1109CG, 1109Q3, 6000605218, 76547883, 3803268, F32Z6731A, 15400PH1F01, 15400PH1F02, 15400PH1F03, 15400PLC003, 15400PLC004, 15400PLMA01, 15400PLMA02, 15400RAFT01, 15400RBAF01, 15400RTA003, 15400RTA004, 2630002750, 2630002751, 2630002752, 8943142633, 8943687270, 8943687280, 8944551030, 2630002751, JEY014302, JEY0143029A, JEY014302A, 30A4000100, 30A4000101, 30A4000102, MD135737, MD332687, MD360935, MD365876, MZ690070, MZ690115, SMD360935, TS200004, 1520831U00, 1520831U01, 1520831U0A, 1520831U0B, 1520831U1B, 649012, 649013, 649020, 1109AC, 1109CG, PW510577, VOF156, VOF225, 30866266, 308662667<\/p>\n","protected":false},"excerpt":{"rendered":"<p>UFI \u00d6ljynsuodatin 23.265.00  MAZDA,KIA,FORD USA,FAMILIA V BA,626 IV Hatchback GE,MX-3 EC,XEDOS 6 CA,XEDOS 9 TA,MX-6 GE,E-SERIE Kasten SR2,626 II GC<\/p>\n","protected":false},"featured_media":0,"template":"","meta":{"site-sidebar-layout":"default","site-content-layout":"default","ast-global-header-display":"","ast-main-header-display":"","ast-hfb-above-header-display":"","ast-hfb-below-header-display":"","ast-hfb-mobile-header-display":"","site-post-title":"","ast-breadcrumbs-content":"","ast-featured-img":"","footer-sml-layout":"","theme-transparent-header-meta":"","adv-header-id-meta":"","stick-header-meta":"","header-above-stick-meta":"","header-main-stick-meta":"","header-below-stick-meta":""},"pwb-brand":[109],"product_cat":[30],"product_tag":[],"class_list":{"0":"post-31314","1":"product","2":"type-product","3":"status-publish","5":"pwb-brand-ufi","6":"product_cat-oljynsuodatin","7":"desktop-align-left","8":"tablet-align-left","9":"mobile-align-left","11":"first","12":"instock","13":"product-type-external"},"brands":[{"id":109,"name":"UFI","slug":"ufi"}],"_links":{"self":[{"href":"https:\/\/www.autonvaraosahaku.fi\/index.php?rest_route=\/wp\/v2\/product\/31314","targetHints":{"allow":["GET"]}}],"collection":[{"href":"https:\/\/www.autonvaraosahaku.fi\/index.php?rest_route=\/wp\/v2\/product"}],"about":[{"href":"https:\/\/www.autonvaraosahaku.fi\/index.php?rest_route=\/wp\/v2\/types\/product"}],"wp:attachment":[{"href":"https:\/\/www.autonvaraosahaku.fi\/index.php?rest_route=%2Fwp%2Fv2%2Fmedia&parent=31314"}],"wp:term":[{"taxonomy":"pwb-brand","embeddable":true,"href":"https:\/\/www.autonvaraosahaku.fi\/index.php?rest_route=%2Fwp%2Fv2%2Fpwb-brand&post=31314"},{"taxonomy":"product_cat","embeddable":true,"href":"https:\/\/www.autonvaraosahaku.fi\/index.php?rest_route=%2Fwp%2Fv2%2Fproduct_cat&post=31314"},{"taxonomy":"product_tag","embeddable":true,"href":"https:\/\/www.autonvaraosahaku.fi\/index.php?rest_route=%2Fwp%2Fv2%2Fproduct_tag&post=31314"}],"curies":[{"name":"wp","href":"https:\/\/api.w.org\/{rel}","templated":true}]}}