{"id":31339,"date":"2021-02-21T16:09:38","date_gmt":"2021-02-21T16:09:38","guid":{"rendered":"https:\/\/www.autonvaraosahaku.fi\/?product=monroe-v4510-iskunvaimennin"},"modified":"2021-02-21T16:09:38","modified_gmt":"2021-02-21T16:09:38","slug":"monroe-v4510-iskunvaimennin","status":"publish","type":"product","link":"https:\/\/www.autonvaraosahaku.fi\/?product=monroe-v4510-iskunvaimennin","title":{"rendered":"MONROE V4510 Iskunvaimennin"},"content":{"rendered":"<p>Iskunvaimennin tyyppi: Kaasupaine; Iskunvaimennin malli: Joustintuki; Iskunvaimennusj\u00e4rjestelm\u00e4: Kaksiputki; Paino [kg]: 6,500; Reik\u00e4-\u00d8 [mm]: 35; suurin pituus [mm]: 440; v\u00e4h. pituus [mm]: 260; Pakkauspituus [cm]: 62; Pakkausleveys [cm]: 13,8; Pakkauskorkeus [mm]: 13,8; Tullitariffinumero: 87088035; Tappil\u00e4pimitta [mm]: 28; Asennuspuoli: Vorderachse; VW: CRAFTER 30-50 Kasten 2E_,CRAFTER 30-35 Bus 2E_,CRAFTER 30-50 Pritsche\/Fahrgestell 2F_; MERCEDES-BENZ: SPRINTER 3,5-t Kasten 906,SPRINTER 3,5-t Bus 906,SPRINTER 3-t Kasten 906,SPRINTER 3,5-t Pritsche\/Fahrgestell 906,SPRINTER 3-t Bus 906,SPRINTER 3-t Pritsche\/Fahrgestell 906; 9063200433, 9063200533, 9063200733, 9063200833, 9063204430, 9063204530, 9063204830, 9063205530, 9063205630, 9063205930, 9063206030, 9063206130, 9063206230, 9063206330, 9063206530, 9063206630, 9063206730, 9063207630, A9063200433, A9063200733, A9063200833, A9063204430, A9063204530, A9063204830, A9063205530, A9063205630, A9063205930, A9063206030, A9063206130, A9063206530, A9063206630, A9063206730, A9063207630, 2E0413023, 2E0413023AG, 2E0413023AH, 2E0413023AM, 2E0413023AN, 2E0413023AR, 2E0413023BR, 2E0413023CB, 2E3413023; Iskarit,Iskunvaimennin<\/p>\n","protected":false},"excerpt":{"rendered":"<p>MONROE Iskunvaimentimet VAN-MAGNUM V4510 Iskarit,Iskunvaimennin VW,MERCEDES-BENZ,CRAFTER 30-50 Kasten 2E_,CRAFTER 30-35 Bus 2E_<\/p>\n","protected":false},"featured_media":0,"template":"","meta":{"site-sidebar-layout":"default","site-content-layout":"default","ast-global-header-display":"","ast-main-header-display":"","ast-hfb-above-header-display":"","ast-hfb-below-header-display":"","ast-hfb-mobile-header-display":"","site-post-title":"","ast-breadcrumbs-content":"","ast-featured-img":"","footer-sml-layout":"","theme-transparent-header-meta":"","adv-header-id-meta":"","stick-header-meta":"","header-above-stick-meta":"","header-main-stick-meta":"","header-below-stick-meta":""},"pwb-brand":[79],"product_cat":[80],"product_tag":[],"class_list":{"0":"post-31339","1":"product","2":"type-product","3":"status-publish","5":"pwb-brand-monroe","6":"product_cat-iskunvaimennin","7":"desktop-align-left","8":"tablet-align-left","9":"mobile-align-left","11":"first","12":"instock","13":"product-type-external"},"brands":[{"id":79,"name":"MONROE","slug":"monroe"}],"_links":{"self":[{"href":"https:\/\/www.autonvaraosahaku.fi\/index.php?rest_route=\/wp\/v2\/product\/31339","targetHints":{"allow":["GET"]}}],"collection":[{"href":"https:\/\/www.autonvaraosahaku.fi\/index.php?rest_route=\/wp\/v2\/product"}],"about":[{"href":"https:\/\/www.autonvaraosahaku.fi\/index.php?rest_route=\/wp\/v2\/types\/product"}],"wp:attachment":[{"href":"https:\/\/www.autonvaraosahaku.fi\/index.php?rest_route=%2Fwp%2Fv2%2Fmedia&parent=31339"}],"wp:term":[{"taxonomy":"pwb-brand","embeddable":true,"href":"https:\/\/www.autonvaraosahaku.fi\/index.php?rest_route=%2Fwp%2Fv2%2Fpwb-brand&post=31339"},{"taxonomy":"product_cat","embeddable":true,"href":"https:\/\/www.autonvaraosahaku.fi\/index.php?rest_route=%2Fwp%2Fv2%2Fproduct_cat&post=31339"},{"taxonomy":"product_tag","embeddable":true,"href":"https:\/\/www.autonvaraosahaku.fi\/index.php?rest_route=%2Fwp%2Fv2%2Fproduct_tag&post=31339"}],"curies":[{"name":"wp","href":"https:\/\/api.w.org\/{rel}","templated":true}]}}