{"id":31360,"date":"2021-02-21T16:09:42","date_gmt":"2021-02-21T16:09:42","guid":{"rendered":"https:\/\/www.autonvaraosahaku.fi\/?product=ridex-830c0053-jaahdytysnesteen-lampotila-anturi"},"modified":"2021-02-21T16:09:43","modified_gmt":"2021-02-21T16:09:43","slug":"ridex-830c0053-jaahdytysnesteen-lampotila-anturi","status":"publish","type":"product","link":"https:\/\/www.autonvaraosahaku.fi\/?product=ridex-830c0053-jaahdytysnesteen-lampotila-anturi","title":{"rendered":"RIDEX 830C0053 J\u00e4\u00e4hdytysnesteen l\u00e4mp\u00f6tila anturi"},"content":{"rendered":"<p>Napojen m\u00e4\u00e4r\u00e4: 2; Liittimen v\u00e4ri: Valkoinen; Pistokkeen kotelon muoto: suorakulmainen (rectangular); Ulkokierre [mm]: M 12&#215;1,5; Avainv\u00e4li: 21; OPEL: MOVANO Kasten F9,MOVANO Combi J9,MOVANO Pritsche\/Fahrgestell U9, E9,MOVANO Kipper H9; VOLVO: 480 E,440 K 445,460 L 464; RENAULT: TWINGO I C06_,ESPACE III JE0_,MEGANE Scenic JA0\/1_,MEGANE I BA0\/1_,MASTER II Kasten FD,MEGANE I Grandtour KA0\/1_,MEGANE I Cabriolet EA0\/1_,LAGUNA I B56_, 556_,CLIO I B\/C57_, 5\/357_,LAGUNA I Grandtour K56_,TWINGO I Kasten S06_,MEGANE I Classic LA0\/1_,MASTER II Pritsche\/Fahrgestell ED\/HD\/UD,MEGANE I Coach DA0\/1_,MASTER II Bus JD,ESPACE II J\/S63_,19 II B\/C53_,19 II Cabriolet D53_, 853_,SUPER 5 B\/C40_,RAPID Kasten F40_, G40_,19 I B\/C53_,SAFRANE II B54_,TRAFIC Kasten TXX,TRAFIC Bus TXW,SAFRANE I B54_,19 II Chamade L53_,21 Stufenheck L48_,25 B29_,19 I Chamade L53_,MASTER I Kasten T__,CLIO I Kasten S57_,19 I Cabriolet D53_,21 Kombi K48_,21 B48_,MASTER I Bus T__,19 II Kasten S53_,MASTER I Pritsche\/Fahrgestell P__,TRAFIC Pritsche\/Fahrgestell PXX,21 Kasten S48_; ALPINE: V6; 9109810, 04401810, 09109810, 4401810, 9109810, 7700737571, 7700869343, 7700737571, 7700869343, 9109810, 3344169, 3345511; J\u00e4\u00e4hdytysnestel\u00e4mp\u00f6tilan Sensori<\/p>\n","protected":false},"excerpt":{"rendered":"<p>RIDEX J\u00e4\u00e4hdytysnesteen L\u00e4mp\u00f6tila Anturi 830C0053 J\u00e4\u00e4hdytysnestel\u00e4mp\u00f6tilan Sensori OPEL,VOLVO,RENAULT,MOVANO Kasten F9,MOVANO Combi J9<\/p>\n","protected":false},"featured_media":0,"template":"","meta":{"site-sidebar-layout":"default","site-content-layout":"default","ast-global-header-display":"","ast-main-header-display":"","ast-hfb-above-header-display":"","ast-hfb-below-header-display":"","ast-hfb-mobile-header-display":"","site-post-title":"","ast-breadcrumbs-content":"","ast-featured-img":"","footer-sml-layout":"","theme-transparent-header-meta":"","adv-header-id-meta":"","stick-header-meta":"","header-above-stick-meta":"","header-main-stick-meta":"","header-below-stick-meta":""},"pwb-brand":[157],"product_cat":[200],"product_tag":[],"class_list":{"0":"post-31360","1":"product","2":"type-product","3":"status-publish","5":"pwb-brand-ridex","6":"product_cat-jaahdytysnesteen-lampotila-anturi","7":"desktop-align-left","8":"tablet-align-left","9":"mobile-align-left","11":"first","12":"instock","13":"product-type-external"},"brands":[{"id":157,"name":"RIDEX","slug":"ridex"}],"_links":{"self":[{"href":"https:\/\/www.autonvaraosahaku.fi\/index.php?rest_route=\/wp\/v2\/product\/31360","targetHints":{"allow":["GET"]}}],"collection":[{"href":"https:\/\/www.autonvaraosahaku.fi\/index.php?rest_route=\/wp\/v2\/product"}],"about":[{"href":"https:\/\/www.autonvaraosahaku.fi\/index.php?rest_route=\/wp\/v2\/types\/product"}],"wp:attachment":[{"href":"https:\/\/www.autonvaraosahaku.fi\/index.php?rest_route=%2Fwp%2Fv2%2Fmedia&parent=31360"}],"wp:term":[{"taxonomy":"pwb-brand","embeddable":true,"href":"https:\/\/www.autonvaraosahaku.fi\/index.php?rest_route=%2Fwp%2Fv2%2Fpwb-brand&post=31360"},{"taxonomy":"product_cat","embeddable":true,"href":"https:\/\/www.autonvaraosahaku.fi\/index.php?rest_route=%2Fwp%2Fv2%2Fproduct_cat&post=31360"},{"taxonomy":"product_tag","embeddable":true,"href":"https:\/\/www.autonvaraosahaku.fi\/index.php?rest_route=%2Fwp%2Fv2%2Fproduct_tag&post=31360"}],"curies":[{"name":"wp","href":"https:\/\/api.w.org\/{rel}","templated":true}]}}