{"id":31365,"date":"2021-02-21T16:09:42","date_gmt":"2021-02-21T16:09:42","guid":{"rendered":"https:\/\/www.autonvaraosahaku.fi\/?product=ridex-3940t0002-kaasulapan-asentotunnistin"},"modified":"2021-02-21T16:09:44","modified_gmt":"2021-02-21T16:09:44","slug":"ridex-3940t0002-kaasulapan-asentotunnistin","status":"publish","type":"product","link":"https:\/\/www.autonvaraosahaku.fi\/?product=ridex-3940t0002-kaasulapan-asentotunnistin","title":{"rendered":"RIDEX 3940T0002 Kaasul\u00e4p\u00e4n asentotunnistin"},"content":{"rendered":"<p>Napojen m\u00e4\u00e4r\u00e4: 3; J\u00e4nnite (V): 12; Alustanumerosta: L1019855; KIA: CARENS II FJ,CARNIVAL II GQ,RIO Kombi DC,SPORTAGE K00,RIO Stufenheck DC_,SHUMA II FB,CARENS I FC,RETONA CE,SHUMA FB,PRIDE DA,SHUMA II Stufenheck FB,CLARUS K9A,CARNIVAL I UP,CLARUS Kombi GC,SEPHIA Stufenheck FA,SEPHIA FA,PRIDE Kombi,SEPHIA FB,AVELLA,PRIDE Van DA; LANCIA: KAPPA 838A,THEMA 834,KAPPA SW 838B,ZETA 220,KAPPA Coupe 838,THEMA SW 834; OPEL: OMEGA A 16_, 17_, 19_,VECTRA B 36_,ASTRA F CC 53_, 54_, 58_, 59_,OMEGA B Caravan 21_, 22_, 23_,OMEGA B 25_, 26_, 27_,VECTRA B Caravan 31_,ASTRA F Caravan 51_, 52_,CALIBRA A 85_,VECTRA B CC 38_,VECTRA A 86_, 87_,ASTRA F Cabriolet 53_B,ASTRA F 56_, 57_,KADETT E CC 33_, 34_, 43_, 44_,SINTRA,FRONTERA A Sport 5_SUD2,CORSA A CC 93_, 94_, 98_, 99_,FRONTERA A 5_MWL4,VECTRA A CC 88_, 89_,KADETT E Cabriolet 43B_,SENATOR B 29_,OMEGA A Caravan 66_, 67_,KADETT E 39_, 49_,ASCONA C CC 84_, 89_,KADETT E Caravan 35_, 36_, 45_, 46_; TOYOTA: AVENSIS _T22_,COROLLA Liftback _E11_,COROLLA Compact _E11_,AVENSIS Station Wagon _T22_,AVENSIS Liftback _T22_,CARINA E _T19_,COROLLA _E11_,CARINA E Stufenheck _T19_,COROLLA Wagon __E11_,CARINA E Sportswagon _T19_; HYUNDAI: TUCSON JM,SANTA F\u00c9 I SM,COUPE GK,TRAJET FO,SONATA IV EF,COUPE RD,H-1 \/ STAREX,ACCENT I X-3,LANTRA II Wagon J-2,LANTRA II J-2,ACCENT Stufenheck X-3,S COUPE SLC; VOLVO: V70 II SW,V70 I LV,850 Kombi LW,XC70 CROSS COUNTRY,C70 I Cabriolet,C70 I Coupe,850 LS,960 II Kombi 965,240 P242, P244,480 E,440 K 445,S70 LS,960 II 964,460 L 464,V90 Kombi,960 Kombi 965,960 964,S90; SAAB: 9000 Schr\u00e4gheck,900 I Cabriolet,900 I Combi Coupe,900 II Cabriolet,900 II,900 I AC4, AM4,9000,900 II Coupe; ALFA ROMEO: 156 Sportwagon 932,156 932,SPIDER 916S_,GTV 916C_,164 164,145 930,155 167,146 930,33 907A,33 Sportwagon 907B; RENAULT: 19 II B\/C53_,SAFRANE II B54_,19 I Chamade L53_; FIAT: PUNTO 176,COUPE FA\/175,BRAVO I 182,ULYSSE 220,MAREA Weekend 185,CROMA 154,MAREA 185; 60549359, 60811198, 7637025, 9946862, 16281E, 1628L1, 1920Z4, 96038938, 1292636, 60808043, 7637025, 9603893880, 9617220680, 9625299980, 9946862, 9947132, 90323839, 0K9A518911, 3517022001, 3517022010, 3517023000, 0000008029510, 8029510, 0K01118911, 0K24718911, 0K30A18911, 0K9A518911, 3517022001, 7637025, 9603893880, 9625299980, 9947132, 826924, 16281E, 1628L1, 1920Z4, 94460611600, 94460611601, 7701034407, 7701047921, 4661062, 8857195, 8945205010, 1336385, 13363858, 3450030; Kaasul\u00e4p\u00e4n Anturi,Tunnistin, Kaasul\u00e4pp\u00e4<\/p>\n","protected":false},"excerpt":{"rendered":"<p>RIDEX Kaasul\u00e4p\u00e4n Asentotunnistin 3940T0002 Kaasul\u00e4p\u00e4n Anturi,Tunnistin, Kaasul\u00e4pp\u00e4 KIA,LANCIA,OPEL,CARENS II FJ,CARNIVAL II GQ,RIO Kombi DC<\/p>\n","protected":false},"featured_media":0,"template":"","meta":{"site-sidebar-layout":"default","site-content-layout":"default","ast-global-header-display":"","ast-main-header-display":"","ast-hfb-above-header-display":"","ast-hfb-below-header-display":"","ast-hfb-mobile-header-display":"","site-post-title":"","ast-breadcrumbs-content":"","ast-featured-img":"","footer-sml-layout":"","theme-transparent-header-meta":"","adv-header-id-meta":"","stick-header-meta":"","header-above-stick-meta":"","header-main-stick-meta":"","header-below-stick-meta":""},"pwb-brand":[157],"product_cat":[465],"product_tag":[],"class_list":{"0":"post-31365","1":"product","2":"type-product","3":"status-publish","5":"pwb-brand-ridex","6":"product_cat-kaasulapan-asentotunnistin","7":"desktop-align-left","8":"tablet-align-left","9":"mobile-align-left","11":"first","12":"instock","13":"product-type-external"},"brands":[{"id":157,"name":"RIDEX","slug":"ridex"}],"_links":{"self":[{"href":"https:\/\/www.autonvaraosahaku.fi\/index.php?rest_route=\/wp\/v2\/product\/31365","targetHints":{"allow":["GET"]}}],"collection":[{"href":"https:\/\/www.autonvaraosahaku.fi\/index.php?rest_route=\/wp\/v2\/product"}],"about":[{"href":"https:\/\/www.autonvaraosahaku.fi\/index.php?rest_route=\/wp\/v2\/types\/product"}],"wp:attachment":[{"href":"https:\/\/www.autonvaraosahaku.fi\/index.php?rest_route=%2Fwp%2Fv2%2Fmedia&parent=31365"}],"wp:term":[{"taxonomy":"pwb-brand","embeddable":true,"href":"https:\/\/www.autonvaraosahaku.fi\/index.php?rest_route=%2Fwp%2Fv2%2Fpwb-brand&post=31365"},{"taxonomy":"product_cat","embeddable":true,"href":"https:\/\/www.autonvaraosahaku.fi\/index.php?rest_route=%2Fwp%2Fv2%2Fproduct_cat&post=31365"},{"taxonomy":"product_tag","embeddable":true,"href":"https:\/\/www.autonvaraosahaku.fi\/index.php?rest_route=%2Fwp%2Fv2%2Fproduct_tag&post=31365"}],"curies":[{"name":"wp","href":"https:\/\/api.w.org\/{rel}","templated":true}]}}