{"id":31401,"date":"2021-02-21T16:09:52","date_gmt":"2021-02-21T16:09:52","guid":{"rendered":"https:\/\/www.autonvaraosahaku.fi\/?product=hella-8ma-376-755-101-paisuntasailio"},"modified":"2021-02-21T16:09:52","modified_gmt":"2021-02-21T16:09:52","slug":"hella-8ma-376-755-101-paisuntasailio","status":"publish","type":"product","link":"https:\/\/www.autonvaraosahaku.fi\/?product=hella-8ma-376-755-101-paisuntasailio","title":{"rendered":"HELLA 8MA 376 755-101 Paisuntas\u00e4ili\u00f6"},"content":{"rendered":"<p>Korkeus (mm): 109; Pituus (mm): 362; Leveys (mm): 122; BMW: 3 E46,3 Touring E46,3 Compact E46,3 Coupe E46,X5 E53,3 Cabriolet E46; 1436255, 17111436255, 17112249365, 17117573780, 17137573780, 17137787040, 2249365, 7573780, 7787040; Nestes\u00e4ili\u00f6, J\u00e4\u00e4hdytysneste<\/p>\n","protected":false},"excerpt":{"rendered":"<p>HELLA Paisuntas\u00e4ili\u00f6 8MA 376 755-101 Nestes\u00e4ili\u00f6, J\u00e4\u00e4hdytysneste BMW,3 E46,3 Touring E46,3 Compact E46,3 Coupe E46,X5 E53,3 Cabriolet E46<\/p>\n","protected":false},"featured_media":0,"template":"","meta":{"site-sidebar-layout":"default","site-content-layout":"default","ast-global-header-display":"","ast-main-header-display":"","ast-hfb-above-header-display":"","ast-hfb-below-header-display":"","ast-hfb-mobile-header-display":"","site-post-title":"","ast-breadcrumbs-content":"","ast-featured-img":"","footer-sml-layout":"","theme-transparent-header-meta":"","adv-header-id-meta":"","stick-header-meta":"","header-above-stick-meta":"","header-main-stick-meta":"","header-below-stick-meta":""},"pwb-brand":[24],"product_cat":[127],"product_tag":[],"class_list":{"0":"post-31401","1":"product","2":"type-product","3":"status-publish","5":"pwb-brand-hella","6":"product_cat-paisuntasailio","7":"desktop-align-left","8":"tablet-align-left","9":"mobile-align-left","11":"first","12":"instock","13":"product-type-external"},"brands":[{"id":24,"name":"HELLA","slug":"hella"}],"_links":{"self":[{"href":"https:\/\/www.autonvaraosahaku.fi\/index.php?rest_route=\/wp\/v2\/product\/31401","targetHints":{"allow":["GET"]}}],"collection":[{"href":"https:\/\/www.autonvaraosahaku.fi\/index.php?rest_route=\/wp\/v2\/product"}],"about":[{"href":"https:\/\/www.autonvaraosahaku.fi\/index.php?rest_route=\/wp\/v2\/types\/product"}],"wp:attachment":[{"href":"https:\/\/www.autonvaraosahaku.fi\/index.php?rest_route=%2Fwp%2Fv2%2Fmedia&parent=31401"}],"wp:term":[{"taxonomy":"pwb-brand","embeddable":true,"href":"https:\/\/www.autonvaraosahaku.fi\/index.php?rest_route=%2Fwp%2Fv2%2Fpwb-brand&post=31401"},{"taxonomy":"product_cat","embeddable":true,"href":"https:\/\/www.autonvaraosahaku.fi\/index.php?rest_route=%2Fwp%2Fv2%2Fproduct_cat&post=31401"},{"taxonomy":"product_tag","embeddable":true,"href":"https:\/\/www.autonvaraosahaku.fi\/index.php?rest_route=%2Fwp%2Fv2%2Fproduct_tag&post=31401"}],"curies":[{"name":"wp","href":"https:\/\/api.w.org\/{rel}","templated":true}]}}