{"id":31417,"date":"2021-02-21T16:09:52","date_gmt":"2021-02-21T16:09:52","guid":{"rendered":"https:\/\/www.autonvaraosahaku.fi\/?product=trw-df4381-jarrulevyt"},"modified":"2021-02-21T16:09:55","modified_gmt":"2021-02-21T16:09:55","slug":"trw-df4381-jarrulevyt","status":"publish","type":"product","link":"https:\/\/www.autonvaraosahaku.fi\/?product=trw-df4381-jarrulevyt","title":{"rendered":"TRW DF4381 Jarrulevyt"},"content":{"rendered":"<p>Jarrulevytyyppi: Vakiomalli; Ulkol\u00e4pimitta [mm]: 259; Jarrulevyn paksuus (mm): 12; keskitt\u00e4misl\u00e4pimitta [mm]: 61; Korkeus (mm): 40,9; Reikien m\u00e4\u00e4r\u00e4: 4; Kierremitta: 13,5; Reik\u00e4ympyr\u00e4-\u00d8 [mm]: 100; V\u00e4himm\u00e4ispaksuus (mm): 10,6; V\u00e4ri: Musta; Pinta: Lakattu; Tarkistuskilpi: E190R 0202C0190\/0260; Asennuspuoli: Vorderachse; DACIA: SANDERO,LOGAN MCV KS_,SANDERO II,LOGAN LS_,LOGAN EXPRESS FS_,LOGAN II; SMART: FORTWO Coupe 453,FORTWO Cabriolet 453; RENAULT: TWINGO I C06_,TWINGO II CN0_,TWINGO I Kasten S06_,SANDERO\/STEPWAY I,TWINGO III,LOGAN I LS_,SANDERO\/STEPWAY II,LOGAN II; 6001547683, 7701208252, 402065236R, 6001547683, 7701208252, 8200123117, 4534200000, A4534200000; Jarrulevy<\/p>\n","protected":false},"excerpt":{"rendered":"<p>TRW Jarrulevyt DF4381 Jarrulevy DACIA,SMART,RENAULT,SANDERO,LOGAN MCV KS_,SANDERO II,LOGAN LS_,LOGAN EXPRESS FS_,LOGAN II,FORTWO Coupe 453<\/p>\n","protected":false},"featured_media":0,"template":"","meta":{"site-sidebar-layout":"default","site-content-layout":"default","ast-global-header-display":"","ast-main-header-display":"","ast-hfb-above-header-display":"","ast-hfb-below-header-display":"","ast-hfb-mobile-header-display":"","site-post-title":"","ast-breadcrumbs-content":"","ast-featured-img":"","footer-sml-layout":"","theme-transparent-header-meta":"","adv-header-id-meta":"","stick-header-meta":"","header-above-stick-meta":"","header-main-stick-meta":"","header-below-stick-meta":""},"pwb-brand":[332],"product_cat":[66],"product_tag":[],"class_list":{"0":"post-31417","1":"product","2":"type-product","3":"status-publish","5":"pwb-brand-trw","6":"product_cat-jarrulevyt","7":"desktop-align-left","8":"tablet-align-left","9":"mobile-align-left","11":"first","12":"instock","13":"product-type-external"},"brands":[{"id":332,"name":"TRW","slug":"trw"}],"_links":{"self":[{"href":"https:\/\/www.autonvaraosahaku.fi\/index.php?rest_route=\/wp\/v2\/product\/31417","targetHints":{"allow":["GET"]}}],"collection":[{"href":"https:\/\/www.autonvaraosahaku.fi\/index.php?rest_route=\/wp\/v2\/product"}],"about":[{"href":"https:\/\/www.autonvaraosahaku.fi\/index.php?rest_route=\/wp\/v2\/types\/product"}],"wp:attachment":[{"href":"https:\/\/www.autonvaraosahaku.fi\/index.php?rest_route=%2Fwp%2Fv2%2Fmedia&parent=31417"}],"wp:term":[{"taxonomy":"pwb-brand","embeddable":true,"href":"https:\/\/www.autonvaraosahaku.fi\/index.php?rest_route=%2Fwp%2Fv2%2Fpwb-brand&post=31417"},{"taxonomy":"product_cat","embeddable":true,"href":"https:\/\/www.autonvaraosahaku.fi\/index.php?rest_route=%2Fwp%2Fv2%2Fproduct_cat&post=31417"},{"taxonomy":"product_tag","embeddable":true,"href":"https:\/\/www.autonvaraosahaku.fi\/index.php?rest_route=%2Fwp%2Fv2%2Fproduct_tag&post=31417"}],"curies":[{"name":"wp","href":"https:\/\/api.w.org\/{rel}","templated":true}]}}