{"id":31422,"date":"2021-02-21T16:09:56","date_gmt":"2021-02-21T16:09:56","guid":{"rendered":"https:\/\/www.autonvaraosahaku.fi\/?product=japanparts-pa-k09af-jarrupalat"},"modified":"2021-02-21T16:09:57","modified_gmt":"2021-02-21T16:09:57","slug":"japanparts-pa-k09af-jarrupalat","status":"publish","type":"product","link":"https:\/\/www.autonvaraosahaku.fi\/?product=japanparts-pa-k09af-jarrupalat","title":{"rendered":"JAPANPARTS PA-K09AF Jarrupalat"},"content":{"rendered":"<p>Asennuspuoli: Etuakseli; Jarrutyyppi: Levyjarru; Pituus (mm): 130; Korkeus (mm): 58,1; Paksuus [mm]: 16,7; Tarkistuskilpi: ECE R90 APPROVED; WVA-numero: 23966, 23987, 23988; M\u00e4\u00e4r\u00e4yksikk\u00f6: Akselisarja; Jarruj\u00e4rjestelm\u00e4: 15; HYUNDAI: i30 FD,i30 CW FD,i30 GD,i30 CW GD,i30 Coupe; KIA: CEE&#8217;D SW ED,CEE&#8217;D Schr\u00e4gheck ED,CARENS II FJ,CEE&#8217;D JD,CEE`D Sportswagon JD,PRO CEE&#8217;D ED,PRO CEE\u00b4D JD,CERATO II Stufenheck TD; 0K2FA3328Z, 581011HA00, 581011HA10, 581011HA20, 581012LA00, 58101M0A00, 02KJA3328Z, 0K2FA3328Z, 0K2JA3328Z, 0K2JA3328ZA, 581011HA00, 581011HA10, 581011HA20, 581011MA00, 581011MA01, 581011MA20; Jarrupalasarja,Jarrupala, Levyjarru<\/p>\n","protected":false},"excerpt":{"rendered":"<p>JAPANPARTS Jarrupalat PA-K09AF Jarrupalasarja,Jarrupala, Levyjarru HYUNDAI,KIA,i30 FD,i30 CW FD,i30 GD,i30 CW GD,i30 Coupe,CEE&#8217;D SW ED<\/p>\n","protected":false},"featured_media":0,"template":"","meta":{"site-sidebar-layout":"default","site-content-layout":"default","ast-global-header-display":"","ast-main-header-display":"","ast-hfb-above-header-display":"","ast-hfb-below-header-display":"","ast-hfb-mobile-header-display":"","site-post-title":"","ast-breadcrumbs-content":"","ast-featured-img":"","footer-sml-layout":"","theme-transparent-header-meta":"","adv-header-id-meta":"","stick-header-meta":"","header-above-stick-meta":"","header-main-stick-meta":"","header-below-stick-meta":""},"pwb-brand":[334],"product_cat":[100],"product_tag":[],"class_list":{"0":"post-31422","1":"product","2":"type-product","3":"status-publish","5":"pwb-brand-japanparts","6":"product_cat-jarrupalat","7":"desktop-align-left","8":"tablet-align-left","9":"mobile-align-left","11":"first","12":"instock","13":"product-type-external"},"brands":[{"id":334,"name":"JAPANPARTS","slug":"japanparts"}],"_links":{"self":[{"href":"https:\/\/www.autonvaraosahaku.fi\/index.php?rest_route=\/wp\/v2\/product\/31422","targetHints":{"allow":["GET"]}}],"collection":[{"href":"https:\/\/www.autonvaraosahaku.fi\/index.php?rest_route=\/wp\/v2\/product"}],"about":[{"href":"https:\/\/www.autonvaraosahaku.fi\/index.php?rest_route=\/wp\/v2\/types\/product"}],"wp:attachment":[{"href":"https:\/\/www.autonvaraosahaku.fi\/index.php?rest_route=%2Fwp%2Fv2%2Fmedia&parent=31422"}],"wp:term":[{"taxonomy":"pwb-brand","embeddable":true,"href":"https:\/\/www.autonvaraosahaku.fi\/index.php?rest_route=%2Fwp%2Fv2%2Fpwb-brand&post=31422"},{"taxonomy":"product_cat","embeddable":true,"href":"https:\/\/www.autonvaraosahaku.fi\/index.php?rest_route=%2Fwp%2Fv2%2Fproduct_cat&post=31422"},{"taxonomy":"product_tag","embeddable":true,"href":"https:\/\/www.autonvaraosahaku.fi\/index.php?rest_route=%2Fwp%2Fv2%2Fproduct_tag&post=31422"}],"curies":[{"name":"wp","href":"https:\/\/api.w.org\/{rel}","templated":true}]}}