{"id":31426,"date":"2021-02-21T16:09:56","date_gmt":"2021-02-21T16:09:56","guid":{"rendered":"https:\/\/www.autonvaraosahaku.fi\/?product=japanparts-faa-mi7-raitisilmasuodatin"},"modified":"2021-02-21T16:09:58","modified_gmt":"2021-02-21T16:09:58","slug":"japanparts-faa-mi7-raitisilmasuodatin","status":"publish","type":"product","link":"https:\/\/www.autonvaraosahaku.fi\/?product=japanparts-faa-mi7-raitisilmasuodatin","title":{"rendered":"JAPANPARTS FAA-MI7 Raitisilmasuodatin"},"content":{"rendered":"<p>Pituus (mm): 215; Leveys (mm): 201; Korkeus (mm): 30; NISSAN: X-TRAIL T30; FIAT: FULLBACK Pick-up 502_, 503_; CITRO\u00cbN: C-CROSSER EP_,C4 AIRCROSS,C-CROSSER ENTERPRISE; PEUGEOT: 4007 GP_; MITSUBISHI: ASX GA_W_,OUTLANDER XL II CW_W,OUTLANDER III GG_W, GF_W, ZJ,LANCER SPORTBACK CX_A,LANCER Stufenheck CY\/Z_A,L200 KJ_; ISUZU: D-MAX TFR, TFS; 6447ZY, 6479E9, 7803A004, 7803A005, 7803A043, 7803A045, 7803A109, 7803A112, MZ690961, TS200001, 27277CL025, 999M1VS251, 6447ZX, 6479E9; Sis\u00e4ilmansuodatin,Suodatin, Sis\u00e4ilma<\/p>\n","protected":false},"excerpt":{"rendered":"<p>JAPANPARTS Raitisilmasuodatin FAA-MI7 Sis\u00e4ilmansuodatin,Suodatin, Sis\u00e4ilma NISSAN,FIAT,CITRO\u00cbN,X-TRAIL T30,FULLBACK Pick-up 502_, 503_,C-CROSSER EP_<\/p>\n","protected":false},"featured_media":0,"template":"","meta":{"site-sidebar-layout":"default","site-content-layout":"default","ast-global-header-display":"","ast-main-header-display":"","ast-hfb-above-header-display":"","ast-hfb-below-header-display":"","ast-hfb-mobile-header-display":"","site-post-title":"","ast-breadcrumbs-content":"","ast-featured-img":"","footer-sml-layout":"","theme-transparent-header-meta":"","adv-header-id-meta":"","stick-header-meta":"","header-above-stick-meta":"","header-main-stick-meta":"","header-below-stick-meta":""},"pwb-brand":[334],"product_cat":[19],"product_tag":[],"class_list":{"0":"post-31426","1":"product","2":"type-product","3":"status-publish","5":"pwb-brand-japanparts","6":"product_cat-raitisilmasuodatin","7":"desktop-align-left","8":"tablet-align-left","9":"mobile-align-left","11":"first","12":"instock","13":"product-type-external"},"brands":[{"id":334,"name":"JAPANPARTS","slug":"japanparts"}],"_links":{"self":[{"href":"https:\/\/www.autonvaraosahaku.fi\/index.php?rest_route=\/wp\/v2\/product\/31426","targetHints":{"allow":["GET"]}}],"collection":[{"href":"https:\/\/www.autonvaraosahaku.fi\/index.php?rest_route=\/wp\/v2\/product"}],"about":[{"href":"https:\/\/www.autonvaraosahaku.fi\/index.php?rest_route=\/wp\/v2\/types\/product"}],"wp:attachment":[{"href":"https:\/\/www.autonvaraosahaku.fi\/index.php?rest_route=%2Fwp%2Fv2%2Fmedia&parent=31426"}],"wp:term":[{"taxonomy":"pwb-brand","embeddable":true,"href":"https:\/\/www.autonvaraosahaku.fi\/index.php?rest_route=%2Fwp%2Fv2%2Fpwb-brand&post=31426"},{"taxonomy":"product_cat","embeddable":true,"href":"https:\/\/www.autonvaraosahaku.fi\/index.php?rest_route=%2Fwp%2Fv2%2Fproduct_cat&post=31426"},{"taxonomy":"product_tag","embeddable":true,"href":"https:\/\/www.autonvaraosahaku.fi\/index.php?rest_route=%2Fwp%2Fv2%2Fproduct_tag&post=31426"}],"curies":[{"name":"wp","href":"https:\/\/api.w.org\/{rel}","templated":true}]}}