{"id":31433,"date":"2021-02-21T16:09:56","date_gmt":"2021-02-21T16:09:56","guid":{"rendered":"https:\/\/www.autonvaraosahaku.fi\/?product=trw-jgm5845t-iskunvaimennin"},"modified":"2021-02-21T16:09:59","modified_gmt":"2021-02-21T16:09:59","slug":"trw-jgm5845t-iskunvaimennin","status":"publish","type":"product","link":"https:\/\/www.autonvaraosahaku.fi\/?product=trw-jgm5845t-iskunvaimennin","title":{"rendered":"TRW JGM5845T Iskunvaimennin"},"content":{"rendered":"<p>Lukum\u00e4\u00e4r\u00e4 akselille: 1; Asennuspuoli: Etuakseli; Iskunvaimennin tyyppi: Kaasupaine; Iskunvaimennin malli: Joustintuki; Iskunvaimennusj\u00e4rjestelm\u00e4: Kaksiputki; Iskunvaimennin asennustapa: Tappi ylh\u00e4\u00e4ll\u00e4; L\u00e4pimitta [mm]: 52; Kierremitta: M14x1,5; Pituus 1 (mm): 525; Pituus 2 (mm): 356; M\u00e4nn\u00e4nvarren l\u00e4pimitta [mm]: 22; Huomioi tekniset tiedot: ; Tuotelinja: TWIN; Alustarakenne: f\u00fcr Fahrzeuge mit verst\u00e4rktem Fahrwerk; OPEL: ASTRA G CC F48_, F08_,ASTRA G Caravan F35_,VECTRA C Caravan,SIGNUM,VECTRA C,VECTRA C GTS,ASTRA G Stufenheck F69_; FIAT: CROMA 194; VAUXHALL: VECTRA Mk II C CC,VECTRA Mk II C Estate,ASTRA Mk IV G CC,VECTRA Mk II C,SIGNUM,ASTRA Mk IV G Sedan,ASTRA Mk IV G Estate; 51782165, 51782168, 51805142, 51805143, 51839112, 51839113, 344065, 344066, 344068, 344069, 344070, 344071, 344080, 344081, 344082, 344083, 344084, 344085, 882435, 93171476, 93171477, 93171478, 93171479, 93171480, 93171481, 93174077, 93174078, 93174080, 93174081, 93174083, 93174084, 93178084, 344080, 344081, 344082, 344083, 344084, 344085, 882435, 93171476, 93171477, 93171478, 93171479, 93171480, 93171481, 93174077, 93174078, 93174080, 93174081, 93174083, 93174084, 93178084; Iskarit,Iskunvaimennin<\/p>\n","protected":false},"excerpt":{"rendered":"<p>TRW Iskunvaimentimet JGM5845T Iskarit,Iskunvaimennin OPEL,FIAT,VAUXHALL,ASTRA G CC F48_, F08_,ASTRA G Caravan F35_,VECTRA C Caravan,SIGNUM,VECTRA C<\/p>\n","protected":false},"featured_media":0,"template":"","meta":{"site-sidebar-layout":"default","site-content-layout":"default","ast-global-header-display":"","ast-main-header-display":"","ast-hfb-above-header-display":"","ast-hfb-below-header-display":"","ast-hfb-mobile-header-display":"","site-post-title":"","ast-breadcrumbs-content":"","ast-featured-img":"","footer-sml-layout":"","theme-transparent-header-meta":"","adv-header-id-meta":"","stick-header-meta":"","header-above-stick-meta":"","header-main-stick-meta":"","header-below-stick-meta":""},"pwb-brand":[332],"product_cat":[80],"product_tag":[],"class_list":{"0":"post-31433","1":"product","2":"type-product","3":"status-publish","5":"pwb-brand-trw","6":"product_cat-iskunvaimennin","7":"desktop-align-left","8":"tablet-align-left","9":"mobile-align-left","11":"first","12":"instock","13":"product-type-external"},"brands":[{"id":332,"name":"TRW","slug":"trw"}],"_links":{"self":[{"href":"https:\/\/www.autonvaraosahaku.fi\/index.php?rest_route=\/wp\/v2\/product\/31433","targetHints":{"allow":["GET"]}}],"collection":[{"href":"https:\/\/www.autonvaraosahaku.fi\/index.php?rest_route=\/wp\/v2\/product"}],"about":[{"href":"https:\/\/www.autonvaraosahaku.fi\/index.php?rest_route=\/wp\/v2\/types\/product"}],"wp:attachment":[{"href":"https:\/\/www.autonvaraosahaku.fi\/index.php?rest_route=%2Fwp%2Fv2%2Fmedia&parent=31433"}],"wp:term":[{"taxonomy":"pwb-brand","embeddable":true,"href":"https:\/\/www.autonvaraosahaku.fi\/index.php?rest_route=%2Fwp%2Fv2%2Fpwb-brand&post=31433"},{"taxonomy":"product_cat","embeddable":true,"href":"https:\/\/www.autonvaraosahaku.fi\/index.php?rest_route=%2Fwp%2Fv2%2Fproduct_cat&post=31433"},{"taxonomy":"product_tag","embeddable":true,"href":"https:\/\/www.autonvaraosahaku.fi\/index.php?rest_route=%2Fwp%2Fv2%2Fproduct_tag&post=31433"}],"curies":[{"name":"wp","href":"https:\/\/api.w.org\/{rel}","templated":true}]}}