{"id":31440,"date":"2021-02-21T16:10:01","date_gmt":"2021-02-21T16:10:01","guid":{"rendered":"https:\/\/www.autonvaraosahaku.fi\/?product=febi-bilstein-18164-muut-luokat"},"modified":"2021-02-21T16:10:01","modified_gmt":"2021-02-21T16:10:01","slug":"febi-bilstein-18164-muut-luokat","status":"publish","type":"product","link":"https:\/\/www.autonvaraosahaku.fi\/?product=febi-bilstein-18164-muut-luokat","title":{"rendered":"FEBI BILSTEIN 18164 Muut luokat"},"content":{"rendered":"<p>Laatu \/ luokka: 10.9; Avainv\u00e4li: 19; Ruuvin pituus ilman p\u00e4\u00e4t\u00e4: 78; Paino [kg]: 0,094, 0,094; Huomioi tekniset tiedot: ; VW: GOLF IV 1J1,GOLF V 1K1,PASSAT Variant 3C5,PASSAT Variant 3B6,TRANSPORTER IV Bus 70XB, 70XC, 7DB, 7DW,PASSAT 3C2,GOLF III 1H1,PASSAT Variant 365,GOLF IV Variant 1J5,SHARAN 7M8, 7M9, 7M6,PASSAT Variant 3B5,TRANSPORTER V Bus 7HB, 7HJ, 7EB, 7EJ, 7EF,TOUAREG 7LA, 7L6, 7L7,MULTIVAN V 7HM, 7HN, 7HF, 7EF, 7EM, 7EN,PASSAT Variant 3A5, 35I,BORA 1J2,PASSAT 3B2,TRANSPORTER IV Kasten 70XA,EOS 1F7, 1F8,TRANSPORTER V Kasten 7HA, 7HH, 7EA, 7EH,PASSAT CC 357,NEW BEETLE 9C1, 1C1,PASSAT 3B3,PHAETON 3D_,BORA Kombi 1J6,GOLF III Variant 1H5,TOUAREG 7P5,PASSAT 3A2, 35I,CORRADO 53I,TRANSPORTER IV Pritsche\/Fahrgestell 70XD,PASSAT 362,VENTO 1H2,CC 358,TRANSPORTER V Pritsche\/Fahrgestell 7JD, 7JE, 7JL, 7JY, 7JZ,,PASSAT A32; AUDI: A3 8P1,A3 Sportback 8PA,Q7 4L,TT 8N3,TT 8J3,TT Roadster 8N9,TT Roadster 8J9; SKODA: SUPERB Kombi 3T5,SUPERB 3T4; SEAT: LEON 1M1,ALHAMBRA 7V8, 7V9,TOLEDO II 1M2; FORD: GALAXY WGR; N90365801, 1005338, N903658VX01, N90365801, N90365801, N90365801<\/p>\n","protected":false},"excerpt":{"rendered":"<p>FEBI BILSTEIN Ruuvi, Kampiakselin Laakeripes\u00e4 18164  VW,AUDI,SKODA,GOLF IV 1J1,GOLF V 1K1,PASSAT Variant 3C5,PASSAT Variant 3B6<\/p>\n","protected":false},"featured_media":0,"template":"","meta":{"site-sidebar-layout":"default","site-content-layout":"default","ast-global-header-display":"","ast-main-header-display":"","ast-hfb-above-header-display":"","ast-hfb-below-header-display":"","ast-hfb-mobile-header-display":"","site-post-title":"","ast-breadcrumbs-content":"","ast-featured-img":"","footer-sml-layout":"","theme-transparent-header-meta":"","adv-header-id-meta":"","stick-header-meta":"","header-above-stick-meta":"","header-main-stick-meta":"","header-below-stick-meta":""},"pwb-brand":[50],"product_cat":[37],"product_tag":[],"class_list":{"0":"post-31440","1":"product","2":"type-product","3":"status-publish","5":"pwb-brand-febi-bilstein","6":"product_cat-muut-luokat","7":"desktop-align-left","8":"tablet-align-left","9":"mobile-align-left","11":"first","12":"instock","13":"product-type-external"},"brands":[{"id":50,"name":"FEBI BILSTEIN","slug":"febi-bilstein"}],"_links":{"self":[{"href":"https:\/\/www.autonvaraosahaku.fi\/index.php?rest_route=\/wp\/v2\/product\/31440","targetHints":{"allow":["GET"]}}],"collection":[{"href":"https:\/\/www.autonvaraosahaku.fi\/index.php?rest_route=\/wp\/v2\/product"}],"about":[{"href":"https:\/\/www.autonvaraosahaku.fi\/index.php?rest_route=\/wp\/v2\/types\/product"}],"wp:attachment":[{"href":"https:\/\/www.autonvaraosahaku.fi\/index.php?rest_route=%2Fwp%2Fv2%2Fmedia&parent=31440"}],"wp:term":[{"taxonomy":"pwb-brand","embeddable":true,"href":"https:\/\/www.autonvaraosahaku.fi\/index.php?rest_route=%2Fwp%2Fv2%2Fpwb-brand&post=31440"},{"taxonomy":"product_cat","embeddable":true,"href":"https:\/\/www.autonvaraosahaku.fi\/index.php?rest_route=%2Fwp%2Fv2%2Fproduct_cat&post=31440"},{"taxonomy":"product_tag","embeddable":true,"href":"https:\/\/www.autonvaraosahaku.fi\/index.php?rest_route=%2Fwp%2Fv2%2Fproduct_tag&post=31440"}],"curies":[{"name":"wp","href":"https:\/\/api.w.org\/{rel}","templated":true}]}}