{"id":31451,"date":"2021-02-21T16:10:01","date_gmt":"2021-02-21T16:10:01","guid":{"rendered":"https:\/\/www.autonvaraosahaku.fi\/?product=febi-bilstein-14075-jarrulevyt"},"modified":"2021-02-21T16:10:03","modified_gmt":"2021-02-21T16:10:03","slug":"febi-bilstein-14075-jarrulevyt","status":"publish","type":"product","link":"https:\/\/www.autonvaraosahaku.fi\/?product=febi-bilstein-14075-jarrulevyt","title":{"rendered":"FEBI BILSTEIN 14075 Jarrulevyt"},"content":{"rendered":"<p>Jarrulevyn paksuus (mm): 22; Kiinnitysreikien lukum\u00e4\u00e4r\u00e4: 5, 1; Paksuus [mm]: 43,6; Ulkol\u00e4pimitta [mm]: 284,0; Reik\u00e4ympyr\u00e4-\u00d8 [mm]: 98; Pinta: pinnoitettu; Jarrulevytyyppi: Tuuletettu, sis\u00e4; Asennuspuoli: Etuakseli; V\u00e4himm\u00e4ispaksuus (mm): 20,2; Paino [kg]: 6,25; keskitt\u00e4misl\u00e4pimitta [mm]: 59, 59; Valmistusvuoteen: 12\/1992; OPEL: COMBO Kasten\/Kombi X12,COMBO Tour X12; LANCIA: THEMA 834,THEMA SW 834; FIAT: DOBLO Kasten\/Kombi 263,500L,DOBLO Gro\u00dfraumlimousine 152, 263,DOBLO Pritsche\/Fahrgestell 263,CROMA 154,TIPO Schr\u00e4gheck 356_,TIPO Kombi 356_,TIPO Stufenheck 356_; ALFA ROMEO: 147 937,156 Sportwagon 932,156 932,GT 937,SPIDER 916S_,GTV 916C_,164 164,SZ,RZ; VAUXHALL: COMBO Mk III D Kasten\/Kombi; 164102202300, 60551775, 60552375, 60569386, 60571548, 60578093, 60622077, 60653478, 60658565, 60699518, 60801722, 60813443, 60815938, 71711434, 71711447, 71739567, 71739568, 71772267, 82410539, 46445006, 51884303, 51937217, 51937218, 51990127, 51996238, 52015291, 60569163, 60569386, 60571548, 60578093, 60622077, 60801722, 71711434, 71739568, 82427592, 82450539, 60569163, 60571548, 60622077, 60801722, 71711434, 71739568, 0569095, 569095, 095511282, 095515331, 95511282, 95515331; Jarrulevy<\/p>\n","protected":false},"excerpt":{"rendered":"<p>FEBI BILSTEIN Jarrulevyt 14075 Jarrulevy OPEL,LANCIA,FIAT,COMBO Kasten\/Kombi X12,COMBO Tour X12,THEMA 834,THEMA SW 834,DOBLO Kasten\/Kombi 263,500L<\/p>\n","protected":false},"featured_media":0,"template":"","meta":{"site-sidebar-layout":"default","site-content-layout":"default","ast-global-header-display":"","ast-main-header-display":"","ast-hfb-above-header-display":"","ast-hfb-below-header-display":"","ast-hfb-mobile-header-display":"","site-post-title":"","ast-breadcrumbs-content":"","ast-featured-img":"","footer-sml-layout":"","theme-transparent-header-meta":"","adv-header-id-meta":"","stick-header-meta":"","header-above-stick-meta":"","header-main-stick-meta":"","header-below-stick-meta":""},"pwb-brand":[50],"product_cat":[66],"product_tag":[],"class_list":{"0":"post-31451","1":"product","2":"type-product","3":"status-publish","5":"pwb-brand-febi-bilstein","6":"product_cat-jarrulevyt","7":"desktop-align-left","8":"tablet-align-left","9":"mobile-align-left","11":"first","12":"instock","13":"product-type-external"},"brands":[{"id":50,"name":"FEBI BILSTEIN","slug":"febi-bilstein"}],"_links":{"self":[{"href":"https:\/\/www.autonvaraosahaku.fi\/index.php?rest_route=\/wp\/v2\/product\/31451","targetHints":{"allow":["GET"]}}],"collection":[{"href":"https:\/\/www.autonvaraosahaku.fi\/index.php?rest_route=\/wp\/v2\/product"}],"about":[{"href":"https:\/\/www.autonvaraosahaku.fi\/index.php?rest_route=\/wp\/v2\/types\/product"}],"wp:attachment":[{"href":"https:\/\/www.autonvaraosahaku.fi\/index.php?rest_route=%2Fwp%2Fv2%2Fmedia&parent=31451"}],"wp:term":[{"taxonomy":"pwb-brand","embeddable":true,"href":"https:\/\/www.autonvaraosahaku.fi\/index.php?rest_route=%2Fwp%2Fv2%2Fpwb-brand&post=31451"},{"taxonomy":"product_cat","embeddable":true,"href":"https:\/\/www.autonvaraosahaku.fi\/index.php?rest_route=%2Fwp%2Fv2%2Fproduct_cat&post=31451"},{"taxonomy":"product_tag","embeddable":true,"href":"https:\/\/www.autonvaraosahaku.fi\/index.php?rest_route=%2Fwp%2Fv2%2Fproduct_tag&post=31451"}],"curies":[{"name":"wp","href":"https:\/\/api.w.org\/{rel}","templated":true}]}}