{"id":31463,"date":"2021-02-21T16:10:06","date_gmt":"2021-02-21T16:10:06","guid":{"rendered":"https:\/\/www.autonvaraosahaku.fi\/?product=febi-bilstein-05657-kallistuksenvakaajan-puslat"},"modified":"2021-02-21T16:10:07","modified_gmt":"2021-02-21T16:10:07","slug":"febi-bilstein-05657-kallistuksenvakaajan-puslat","status":"publish","type":"product","link":"https:\/\/www.autonvaraosahaku.fi\/?product=febi-bilstein-05657-kallistuksenvakaajan-puslat","title":{"rendered":"FEBI BILSTEIN 05657 Kallistuksenvakaajan puslat"},"content":{"rendered":"<p>Pituus (mm): 30; Sis\u00e4l\u00e4pimitta [mm]: 12,0; Ulkol\u00e4pimitta [mm]: 30,0; Materiaali: Kumi-metalli; Asennuspuoli: Etuakseli, Taka-akseli; Paino [kg]: 0,045; Huomioi huolto-ohjeet: , ; Alustanumerosta: 852362; MERCEDES-BENZ: G-CLASS W463,G-CLASS W460,G-CLASS W461,T2\/L Kasten\/Kombi,T2\/LN1 Kasten\/Kombi,T2\/L Pritsche\/Fahrgestell,G-CLASS Cabrio W463,T2\/LN1 Pritsche\/Fahrgestell,T2\/L Kipper,ATEGO,ATEGO 2,ATEGO 3,LK\/LN2,LP,O 301,O 309,O 402,TOURINO (O 510),UNIMOG; 3093200073, 3143260053, 3143260153, 3143260181, 3143260481, A3093200073, A3143260053, A3143260153, A3143260181, A3143260481; Kallistuksenvakaajan Kumit,Vakaajan Hela<\/p>\n","protected":false},"excerpt":{"rendered":"<p>FEBI BILSTEIN Kallistuksenvakaajan Puslat 05657 Kallistuksenvakaajan Kumit,Vakaajan Hela MERCEDES-BENZ,G-CLASS W463,G-CLASS W460,G-CLASS W461<\/p>\n","protected":false},"featured_media":0,"template":"","meta":{"site-sidebar-layout":"default","site-content-layout":"default","ast-global-header-display":"","ast-main-header-display":"","ast-hfb-above-header-display":"","ast-hfb-below-header-display":"","ast-hfb-mobile-header-display":"","site-post-title":"","ast-breadcrumbs-content":"","ast-featured-img":"","footer-sml-layout":"","theme-transparent-header-meta":"","adv-header-id-meta":"","stick-header-meta":"","header-above-stick-meta":"","header-main-stick-meta":"","header-below-stick-meta":""},"pwb-brand":[50],"product_cat":[82],"product_tag":[],"class_list":{"0":"post-31463","1":"product","2":"type-product","3":"status-publish","5":"pwb-brand-febi-bilstein","6":"product_cat-kallistuksenvakaajan-puslat","7":"desktop-align-left","8":"tablet-align-left","9":"mobile-align-left","11":"first","12":"instock","13":"product-type-external"},"brands":[{"id":50,"name":"FEBI BILSTEIN","slug":"febi-bilstein"}],"_links":{"self":[{"href":"https:\/\/www.autonvaraosahaku.fi\/index.php?rest_route=\/wp\/v2\/product\/31463","targetHints":{"allow":["GET"]}}],"collection":[{"href":"https:\/\/www.autonvaraosahaku.fi\/index.php?rest_route=\/wp\/v2\/product"}],"about":[{"href":"https:\/\/www.autonvaraosahaku.fi\/index.php?rest_route=\/wp\/v2\/types\/product"}],"wp:attachment":[{"href":"https:\/\/www.autonvaraosahaku.fi\/index.php?rest_route=%2Fwp%2Fv2%2Fmedia&parent=31463"}],"wp:term":[{"taxonomy":"pwb-brand","embeddable":true,"href":"https:\/\/www.autonvaraosahaku.fi\/index.php?rest_route=%2Fwp%2Fv2%2Fpwb-brand&post=31463"},{"taxonomy":"product_cat","embeddable":true,"href":"https:\/\/www.autonvaraosahaku.fi\/index.php?rest_route=%2Fwp%2Fv2%2Fproduct_cat&post=31463"},{"taxonomy":"product_tag","embeddable":true,"href":"https:\/\/www.autonvaraosahaku.fi\/index.php?rest_route=%2Fwp%2Fv2%2Fproduct_tag&post=31463"}],"curies":[{"name":"wp","href":"https:\/\/api.w.org\/{rel}","templated":true}]}}