{"id":31468,"date":"2021-02-21T16:10:06","date_gmt":"2021-02-21T16:10:06","guid":{"rendered":"https:\/\/www.autonvaraosahaku.fi\/?product=febi-bilstein-30017-muut-luokat"},"modified":"2021-02-21T16:10:07","modified_gmt":"2021-02-21T16:10:07","slug":"febi-bilstein-30017-muut-luokat","status":"publish","type":"product","link":"https:\/\/www.autonvaraosahaku.fi\/?product=febi-bilstein-30017-muut-luokat","title":{"rendered":"FEBI BILSTEIN 30017 Muut luokat"},"content":{"rendered":"<p>V\u00e4ri: Punainen; Tilavuus (litra): 5; Erittely: Suffix A, MAN 339 Z1, MB 236.6, MB 236.2, Ford WSS-M2C186-A, MB 236.7, MB 236.1, MB 236.5, Ford WSS-M2C166-H, MAN 339 V1, Allison C3\/C4, Dexron II D, Ford WSS-M2C185-A, Ford WSS-M2C138-CJ; Paino [kg]: 4,88; Huomioi huolto-ohjeet: , ; VW: TRANSPORTER IV Bus 70XB, 70XC, 7DB, 7DW,GOLF II 19E, 1G1,PASSAT Variant 3A5, 35I,TRANSPORTER IV Kasten 70XA,TRANSPORTER III Bus,TRANSPORTER IV Pritsche\/Fahrgestell 70XD,VENTO 1H2,JETTA II 19E, 1G2, 165,PASSAT Variant 32B,TRANSPORTER III Kasten,TRANSPORTER III Pritsche\/Fahrgestell,PASSAT 32B,PASSAT Stufenheck 32B; AUDI: 100 44, 44Q, C3; MERCEDES-BENZ: C-CLASS W202,190 W201,SLK R170,E-CLASS W210,M-CLASS W163,Stufenheck W124,E-CLASS Kombi S210,CLK C208,SL R129,C-CLASS Kombi S202,Stufenheck W123,S-CLASS W126,KOMBI Kombi S124,E-CLASS W124,G-CLASS W463,COUPE C124,G-CLASS W460,E-CLASS Kombi S124,COUPE C123,SPRINTER 3-t Kasten 903,SPRINTER 2-t Bus 901, 902,S-CLASS W116,G-CLASS W461,SPRINTER 2-t Kasten 901, 902,SPRINTER 3-t Bus 903,KOMBI Kombi S123,SPRINTER 3-t Pritsche\/Fahrgestell 903,100 Bus 631,E-CLASS Cabriolet A124,E-CLASS Coupe C124,100 Kasten 631,SPRINTER 4-t Pritsche\/Fahrgestell 904,T2\/LN1 Kasten\/Kombi,VARIO Kasten\/Kombi,SPRINTER 2-t Pritsche\/Fahrgestell 901, 902,100 Pritsche\/Fahrgestell 631,VARIO Pritsche\/Fahrgestell,SPRINTER 4-t Kasten 904,CABRIOLET A124,T1\/TN Pritsche\/Fahrgestell,G-CLASS Cabrio W463,VARIO Kipper,T2\/LN1 Pritsche\/Fahrgestell,T1\/TN Kasten\/Kombi,SPRINTER 4-t Bus 904,VARIO Bus,T2\/LN1 Kipper,VARIO Triebkopf,T2\/LN1 Triebkopf,ACTROS,ACTROS MP2 \/ MP3,ANTOS,AROCS,ATEGO,ATEGO 2,ATEGO 3,AXOR,AXOR 2,CITARO (O 530),CONECTO (O 345),ECONIC,ECONIC 2,LK\/LN2,UNIMOG; BMW: 3 Touring E91,3 E90,5 E39,5 E60,5 Touring E61,5 Touring E39,3 E36,X5 E53,3 Coupe E92,3 Cabriolet E93,7 E65, E66, E67,7 E32,Z8 E52; OPEL: OMEGA A 16_, 17_, 19_,VECTRA B 36_,ASTRA F CC 53_, 54_, 58_, 59_,ANTARA,VECTRA B Caravan 31_,ASTRA F Caravan 51_, 52_,CALIBRA A 85_,VECTRA B CC 38_,VECTRA A 86_, 87_,ASTRA F Cabriolet 53_B,ASTRA F 56_, 57_,KADETT E CC 33_, 34_, 43_, 44_,TIGRA 95_,VECTRA A CC 88_, 89_,KADETT E Cabriolet 43B_,OMEGA A Caravan 66_, 67_,ASTRA F CLASSIC CC,ASTRA F CLASSIC Stufenheck,ASTRA F CLASSIC Caravan,KADETT E 39_, 49_,KADETT E Caravan 35_, 36_, 45_, 46_,ASTRA F Van 55_,KADETT E Kasten 37_, 47_,KADETT E Combo 38_, 48_; FORD: ESCORT VII GAL, AAL, ABL,ESCORT IV Cabriolet ALF,MONDEO I Kombi BNP,SIERRA GBG, GB4,MONDEO I GBP,ESCORT VII Kombi GAL, ANL,ESCORT VII Cabriolet ALL,ESCORT VI Cabriolet ALL,ESCORT VI GAL,SIERRA Schr\u00e4gheck GBC, GBG,ESCORT IV GAF, AWF, ABFT,FIESTA II FBD,SCORPIO I GAE, GGE,MONDEO I Stufenheck GBP,SCORPIO I Stufenheck GGE,ESCORT V GAL,ESCORT VII Stufenheck GAL, AFL,SIERRA Kombi BNG,ESCORT VI Kombi GAL,ESCORT VI Stufenheck GAL,SCORPIO I Kombi GGE,ESCORT IV Kombi AWF, AVF,ESCORT V Kombi GAL, AVL,ORION III GAL; RENAULT: CLIO II BB0\/1\/2_, CB0\/1\/2_,KANGOO KC0\/1_,ESPACE IV JK0\/1_,LAGUNA II Grandtour KG0\/1_,SC\u00c9NIC I JA0\/1_,ESPACE III JE0_,MEGANE Scenic JA0\/1_,LAGUNA II BG0\/1_,TRAFIC II Bus JL,MEGANE I BA0\/1_,MASTER II Kasten FD,TRAFIC II Kasten FL,KANGOO Express FC0\/1_,MEGANE I Grandtour KA0\/1_,MEGANE I Cabriolet EA0\/1_,LAGUNA I B56_, 556_,CLIO I B\/C57_, 5\/357_,LAGUNA I Grandtour K56_,MEGANE I Classic LA0\/1_,MASTER II Pritsche\/Fahrgestell ED\/HD\/UD,MEGANE I Coach DA0\/1_,VEL SATIS BJ0_,MASTER II Bus JD,CLIO II Kasten SB0\/1\/2_,ESPACE II J\/S63_,19 II B\/C53_,19 II Cabriolet D53_, 853_,SUPER 5 B\/C40_,RAPID Kasten F40_, G40_,19 I B\/C53_,SAFRANE II B54_,AVANTIME DE0_,19 II Chamade L53_,ESPACE I J11_,19 I Chamade L53_,THALIA I LB0\/1\/2_,CLIO I Kasten S57_,19 I Cabriolet D53_,TRAFIC II Pritsche\/Fahrgestell EL,19 II Kasten S53_,19 I Kasten S53_,SUPER 5 Kasten S40_; FIAT: PUNTO 188,DUCATO Kasten 244,BARCHETTA 183,DOBLO Cargo 223,PUNTO 176,DOBLO 119,DUCATO Pritsche\/Fahrgestell 244,CINQUECENTO 170,DUCATO Bus 244, Z_,MULTIPLA 186,BRAVO I 182,BRAVA 182,PUNTO Cabriolet 176C,MAREA Weekend 185,UNO 146A\/E,PALIO Weekend 178DX,LINEA 323,TIPO 160,MAREA 185,PUNTO Van 176L,PALIO 178BX; PEUGEOT: 106 II 1,406 Break 8E\/F,106 I 1A, 1C,205 II 20A\/C,406 Coupe 8C,406 8B,205 I Cabriolet 741B, 20D,309 II 3C, 3A,205 I 741A\/C,309 I 10C, 10A,205 Kasten; TOYOTA: STARLET EP91,AVENSIS _T22_,COROLLA Liftback _E11_,COROLLA Compact _E11_,AVENSIS Station Wagon _T22_,AVENSIS Liftback _T22_,STARLET _P8_,COROLLA Compact _E10_,CARINA E _T19_,LAND CRUISER 100 UZJ100,COROLLA _E11_,CARINA E Stufenheck _T19_,COROLLA Wagon __E11_,PREVIA TCR2_, TCR1_,STARLET _P7_,COROLLA Liftback _E10_,COROLLA Liftback _E9_,HIACE IV Bus LH1_,COROLLA _E10_,HIACE IV Kasten LXH1_, RZH1_, LH1_,COROLLA Compact _E9_,COROLLA Wagon _E10_,COROLLA Station Wagon _E9_,COROLLA _E9_; 81229400272, 81229407558, M2C138CJ, M2C166H, 0009896503, 0009896503S1, 0009899203, 0009899203S1, A0009896503, A0009899203, 1940700, 1940700S1, 090350342, 90350342, 1161744, 1161744SK; Hydrauli\u00f6ljy,\u00d6ljyt<\/p>\n","protected":false},"excerpt":{"rendered":"<p>FEBI BILSTEIN Hydrauliikka\u00f6ljy 30017 Hydrauli\u00f6ljy,\u00d6ljyt VW,AUDI,MERCEDES-BENZ,TRANSPORTER IV Bus 70XB, 70XC, 7DB, 7DW,GOLF II 19E, 1G1<\/p>\n","protected":false},"featured_media":0,"template":"","meta":{"site-sidebar-layout":"default","site-content-layout":"default","ast-global-header-display":"","ast-main-header-display":"","ast-hfb-above-header-display":"","ast-hfb-below-header-display":"","ast-hfb-mobile-header-display":"","site-post-title":"","ast-breadcrumbs-content":"","ast-featured-img":"","footer-sml-layout":"","theme-transparent-header-meta":"","adv-header-id-meta":"","stick-header-meta":"","header-above-stick-meta":"","header-main-stick-meta":"","header-below-stick-meta":""},"pwb-brand":[50],"product_cat":[37],"product_tag":[],"class_list":{"0":"post-31468","1":"product","2":"type-product","3":"status-publish","5":"pwb-brand-febi-bilstein","6":"product_cat-muut-luokat","7":"desktop-align-left","8":"tablet-align-left","9":"mobile-align-left","11":"first","12":"instock","13":"product-type-external"},"brands":[{"id":50,"name":"FEBI BILSTEIN","slug":"febi-bilstein"}],"_links":{"self":[{"href":"https:\/\/www.autonvaraosahaku.fi\/index.php?rest_route=\/wp\/v2\/product\/31468","targetHints":{"allow":["GET"]}}],"collection":[{"href":"https:\/\/www.autonvaraosahaku.fi\/index.php?rest_route=\/wp\/v2\/product"}],"about":[{"href":"https:\/\/www.autonvaraosahaku.fi\/index.php?rest_route=\/wp\/v2\/types\/product"}],"wp:attachment":[{"href":"https:\/\/www.autonvaraosahaku.fi\/index.php?rest_route=%2Fwp%2Fv2%2Fmedia&parent=31468"}],"wp:term":[{"taxonomy":"pwb-brand","embeddable":true,"href":"https:\/\/www.autonvaraosahaku.fi\/index.php?rest_route=%2Fwp%2Fv2%2Fpwb-brand&post=31468"},{"taxonomy":"product_cat","embeddable":true,"href":"https:\/\/www.autonvaraosahaku.fi\/index.php?rest_route=%2Fwp%2Fv2%2Fproduct_cat&post=31468"},{"taxonomy":"product_tag","embeddable":true,"href":"https:\/\/www.autonvaraosahaku.fi\/index.php?rest_route=%2Fwp%2Fv2%2Fproduct_tag&post=31468"}],"curies":[{"name":"wp","href":"https:\/\/api.w.org\/{rel}","templated":true}]}}