{"id":31518,"date":"2021-02-21T16:10:15","date_gmt":"2021-02-21T16:10:15","guid":{"rendered":"https:\/\/www.autonvaraosahaku.fi\/?product=mahle-original-ox-205-2d-oljynsuodatin"},"modified":"2021-02-21T16:10:18","modified_gmt":"2021-02-21T16:10:18","slug":"mahle-original-ox-205-2d-oljynsuodatin","status":"publish","type":"product","link":"https:\/\/www.autonvaraosahaku.fi\/?product=mahle-original-ox-205-2d-oljynsuodatin","title":{"rendered":"MAHLE ORIGINAL OX 205\/2D \u00d6ljynsuodatin"},"content":{"rendered":"<p>Suodatintyyppi: Suodatinpanos; Korkeus (mm): 151,1; Korkeus 1 (mm): 139,0; L\u00e4pimitta [mm]: 88,5; Ulkol\u00e4pimitta 1 [mm]: 82,5; Sis\u00e4l\u00e4pimitta 1 [mm]: 28,55; L\u00e4pimitta 3 [mm]: 28,55; L\u00e4pimitta 4 [mm]: 10,8; Tiivisteen l\u00e4pimitta [mm]: 28,55; LAND ROVER: RANGE ROVER SPORT LS,DISCOVERY III TAA,DISCOVERY IV LA; JAGUAR: S-TYPE CCX,XF _J05_, CC9,XJ X350, X358; CITRO\u00cbN: C5 III Break TD_,C5 III RD_,C6 TD_; PEUGEOT: 407 SW 6E_,607 9D, 9U,407 6D_,407 Coupe 6C_; 1109AW, 1109X7, 1109X8, 1311289, 4R8Q6744AA, 4S7Q6744BC, S74Q6744BC, 2C229685, 4R8Q6744AA, C2S29685, 1311289, 1109AW, 1109X7, 1109X8, E149235, 1311289<\/p>\n","protected":false},"excerpt":{"rendered":"<p>MAHLE ORIGINAL \u00d6ljynsuodatin OX 205\/2D  LAND ROVER,JAGUAR,CITRO\u00cbN,RANGE ROVER SPORT LS,DISCOVERY III TAA,DISCOVERY IV LA,S-TYPE CCX,XF _J05_, CC9<\/p>\n","protected":false},"featured_media":0,"template":"","meta":{"site-sidebar-layout":"default","site-content-layout":"default","ast-global-header-display":"","ast-main-header-display":"","ast-hfb-above-header-display":"","ast-hfb-below-header-display":"","ast-hfb-mobile-header-display":"","site-post-title":"","ast-breadcrumbs-content":"","ast-featured-img":"","footer-sml-layout":"","theme-transparent-header-meta":"","adv-header-id-meta":"","stick-header-meta":"","header-above-stick-meta":"","header-main-stick-meta":"","header-below-stick-meta":""},"pwb-brand":[153],"product_cat":[30],"product_tag":[],"class_list":{"0":"post-31518","1":"product","2":"type-product","3":"status-publish","5":"pwb-brand-mahle-original","6":"product_cat-oljynsuodatin","7":"desktop-align-left","8":"tablet-align-left","9":"mobile-align-left","11":"first","12":"instock","13":"product-type-external"},"brands":[{"id":153,"name":"MAHLE ORIGINAL","slug":"mahle-original"}],"_links":{"self":[{"href":"https:\/\/www.autonvaraosahaku.fi\/index.php?rest_route=\/wp\/v2\/product\/31518","targetHints":{"allow":["GET"]}}],"collection":[{"href":"https:\/\/www.autonvaraosahaku.fi\/index.php?rest_route=\/wp\/v2\/product"}],"about":[{"href":"https:\/\/www.autonvaraosahaku.fi\/index.php?rest_route=\/wp\/v2\/types\/product"}],"wp:attachment":[{"href":"https:\/\/www.autonvaraosahaku.fi\/index.php?rest_route=%2Fwp%2Fv2%2Fmedia&parent=31518"}],"wp:term":[{"taxonomy":"pwb-brand","embeddable":true,"href":"https:\/\/www.autonvaraosahaku.fi\/index.php?rest_route=%2Fwp%2Fv2%2Fpwb-brand&post=31518"},{"taxonomy":"product_cat","embeddable":true,"href":"https:\/\/www.autonvaraosahaku.fi\/index.php?rest_route=%2Fwp%2Fv2%2Fproduct_cat&post=31518"},{"taxonomy":"product_tag","embeddable":true,"href":"https:\/\/www.autonvaraosahaku.fi\/index.php?rest_route=%2Fwp%2Fv2%2Fproduct_tag&post=31518"}],"curies":[{"name":"wp","href":"https:\/\/api.w.org\/{rel}","templated":true}]}}