{"id":31526,"date":"2021-02-21T16:10:20","date_gmt":"2021-02-21T16:10:20","guid":{"rendered":"https:\/\/www.autonvaraosahaku.fi\/?product=jp-group-1187500100-keskuslukitus"},"modified":"2021-02-21T16:10:21","modified_gmt":"2021-02-21T16:10:21","slug":"jp-group-1187500100-keskuslukitus","status":"publish","type":"product","link":"https:\/\/www.autonvaraosahaku.fi\/?product=jp-group-1187500100-keskuslukitus","title":{"rendered":"JP GROUP 1187500100 Keskuslukitus"},"content":{"rendered":"<p>Asennuspuoli: Edess\u00e4 ja takana; V\u00e4ri: Musta, Musta; Materiaali: Muovi, Muovi; Paino [kg]: 0,002; Tarvittava kappalem\u00e4\u00e4r\u00e4: 2; VW: GOLF III 1H1,GOLF II 19E, 1G1,POLO 86C, 80,POLO Coupe 86C, 80,CORRADO 53I,SCIROCCO 53B,JETTA II 19E, 1G2, 165,PASSAT Variant 32B,PASSAT 32B,POLO Kasten 86CF,PASSAT Stufenheck 32B; 191837187<\/p>\n","protected":false},"excerpt":{"rendered":"<p>JP GROUP Lukitusnuppi JP Group 1187500100  VW,GOLF III 1H1,GOLF II 19E, 1G1,POLO 86C, 80,POLO Coupe 86C, 80,CORRADO 53I,SCIROCCO 53B<\/p>\n","protected":false},"featured_media":0,"template":"","meta":{"site-sidebar-layout":"default","site-content-layout":"default","ast-global-header-display":"","ast-main-header-display":"","ast-hfb-above-header-display":"","ast-hfb-below-header-display":"","ast-hfb-mobile-header-display":"","site-post-title":"","ast-breadcrumbs-content":"","ast-featured-img":"","footer-sml-layout":"","theme-transparent-header-meta":"","adv-header-id-meta":"","stick-header-meta":"","header-above-stick-meta":"","header-main-stick-meta":"","header-below-stick-meta":""},"pwb-brand":[131],"product_cat":[202],"product_tag":[],"class_list":{"0":"post-31526","1":"product","2":"type-product","3":"status-publish","5":"pwb-brand-jp-group","6":"product_cat-keskuslukitus","7":"desktop-align-left","8":"tablet-align-left","9":"mobile-align-left","11":"first","12":"instock","13":"product-type-external"},"brands":[{"id":131,"name":"JP GROUP","slug":"jp-group"}],"_links":{"self":[{"href":"https:\/\/www.autonvaraosahaku.fi\/index.php?rest_route=\/wp\/v2\/product\/31526","targetHints":{"allow":["GET"]}}],"collection":[{"href":"https:\/\/www.autonvaraosahaku.fi\/index.php?rest_route=\/wp\/v2\/product"}],"about":[{"href":"https:\/\/www.autonvaraosahaku.fi\/index.php?rest_route=\/wp\/v2\/types\/product"}],"wp:attachment":[{"href":"https:\/\/www.autonvaraosahaku.fi\/index.php?rest_route=%2Fwp%2Fv2%2Fmedia&parent=31526"}],"wp:term":[{"taxonomy":"pwb-brand","embeddable":true,"href":"https:\/\/www.autonvaraosahaku.fi\/index.php?rest_route=%2Fwp%2Fv2%2Fpwb-brand&post=31526"},{"taxonomy":"product_cat","embeddable":true,"href":"https:\/\/www.autonvaraosahaku.fi\/index.php?rest_route=%2Fwp%2Fv2%2Fproduct_cat&post=31526"},{"taxonomy":"product_tag","embeddable":true,"href":"https:\/\/www.autonvaraosahaku.fi\/index.php?rest_route=%2Fwp%2Fv2%2Fproduct_tag&post=31526"}],"curies":[{"name":"wp","href":"https:\/\/api.w.org\/{rel}","templated":true}]}}