{"id":31540,"date":"2021-02-21T16:10:24","date_gmt":"2021-02-21T16:10:24","guid":{"rendered":"https:\/\/www.autonvaraosahaku.fi\/?product=febi-bilstein-46693-pyoranpultit"},"modified":"2021-02-21T16:10:25","modified_gmt":"2021-02-21T16:10:25","slug":"febi-bilstein-46693-pyoranpultit","status":"publish","type":"product","link":"https:\/\/www.autonvaraosahaku.fi\/?product=febi-bilstein-46693-pyoranpultit","title":{"rendered":"FEBI BILSTEIN 46693 Py\u00f6r\u00e4npultit"},"content":{"rendered":"<p>Paksuus [mm]: 17,0; Ulkol\u00e4pimitta [mm]: 22,0; Sis\u00e4kierre (mm): M12 x 1,25; Laatu \/ luokka: 8; Avainv\u00e4li: 19; Ruuvikanta\/mutteriprofiili: Kuusioruuvi \/-mutteri; Py\u00f6r\u00e4n kiinnitys: Kartiolaippa F; Materiaali: Ter\u00e4s; Pinta: Sinkitetty; Asennuspuoli: Etuakseli, Taka-akseli; Paino [kg]: 0,02; Huomioi huolto-ohjeet: , ; Alustanumeroon: 3G999999; OPEL: AGILA A H00; NISSAN: PIXO UA0; SUZUKI: SWIFT III MZ, EZ,SWIFT IV FZ, NZ,SX4 EY, GY,SAMURAI SJ,WAGON R+ MM,IGNIS FH,ALTO HA25, HA35,LIANA Schr\u00e4gheck,SJ 413,LIANA ER,WAGON R+ EM,LJ 80,KIZASHI FR,BALENO Kombi EG,BALENO EG,SX4 Stufenheck GY,BALENO Schr\u00e4gheck EG,SJ 410 Cabrio,ALTO HA12, HA23,SJ 410,ALTO HA11,WAGON R,CARRY Kasten FD,CARRY Kasten ST90V,CELERIO,CARRY Pick-up FD; VAUXHALL: AGILA Mk I A; 09140M12040, 361814A0A2, 402244A00B, 009207054, 09207054, 4705171, 9207054, 0060583031000, 0914012013, 0914012013000, 0914012026, 0914012026000, 0914012040, 0914012040000, 0914012042, 0914012042000, 0914084CA0000, 09140M12026, 09140M12040, 009207055, 09207055, 9207055; Py\u00f6r\u00e4n Mutteri<\/p>\n","protected":false},"excerpt":{"rendered":"<p>FEBI BILSTEIN Py\u00f6r\u00e4nmutterit 46693 Py\u00f6r\u00e4n Mutteri OPEL,NISSAN,SUZUKI,AGILA A H00,PIXO UA0,SWIFT III MZ, EZ,SWIFT IV FZ, NZ,SX4 EY, GY,SAMURAI SJ<\/p>\n","protected":false},"featured_media":0,"template":"","meta":{"site-sidebar-layout":"default","site-content-layout":"default","ast-global-header-display":"","ast-main-header-display":"","ast-hfb-above-header-display":"","ast-hfb-below-header-display":"","ast-hfb-mobile-header-display":"","site-post-title":"","ast-breadcrumbs-content":"","ast-featured-img":"","footer-sml-layout":"","theme-transparent-header-meta":"","adv-header-id-meta":"","stick-header-meta":"","header-above-stick-meta":"","header-main-stick-meta":"","header-below-stick-meta":""},"pwb-brand":[50],"product_cat":[51],"product_tag":[],"class_list":{"0":"post-31540","1":"product","2":"type-product","3":"status-publish","5":"pwb-brand-febi-bilstein","6":"product_cat-pyoranpultit","7":"desktop-align-left","8":"tablet-align-left","9":"mobile-align-left","11":"first","12":"instock","13":"product-type-external"},"brands":[{"id":50,"name":"FEBI BILSTEIN","slug":"febi-bilstein"}],"_links":{"self":[{"href":"https:\/\/www.autonvaraosahaku.fi\/index.php?rest_route=\/wp\/v2\/product\/31540","targetHints":{"allow":["GET"]}}],"collection":[{"href":"https:\/\/www.autonvaraosahaku.fi\/index.php?rest_route=\/wp\/v2\/product"}],"about":[{"href":"https:\/\/www.autonvaraosahaku.fi\/index.php?rest_route=\/wp\/v2\/types\/product"}],"wp:attachment":[{"href":"https:\/\/www.autonvaraosahaku.fi\/index.php?rest_route=%2Fwp%2Fv2%2Fmedia&parent=31540"}],"wp:term":[{"taxonomy":"pwb-brand","embeddable":true,"href":"https:\/\/www.autonvaraosahaku.fi\/index.php?rest_route=%2Fwp%2Fv2%2Fpwb-brand&post=31540"},{"taxonomy":"product_cat","embeddable":true,"href":"https:\/\/www.autonvaraosahaku.fi\/index.php?rest_route=%2Fwp%2Fv2%2Fproduct_cat&post=31540"},{"taxonomy":"product_tag","embeddable":true,"href":"https:\/\/www.autonvaraosahaku.fi\/index.php?rest_route=%2Fwp%2Fv2%2Fproduct_tag&post=31540"}],"curies":[{"name":"wp","href":"https:\/\/api.w.org\/{rel}","templated":true}]}}