{"id":31564,"date":"2021-02-21T16:10:29","date_gmt":"2021-02-21T16:10:29","guid":{"rendered":"https:\/\/www.autonvaraosahaku.fi\/?product=ridex-82b0043-jarrulevyt"},"modified":"2021-02-21T16:10:30","modified_gmt":"2021-02-21T16:10:30","slug":"ridex-82b0043-jarrulevyt","status":"publish","type":"product","link":"https:\/\/www.autonvaraosahaku.fi\/?product=ridex-82b0043-jarrulevyt","title":{"rendered":"RIDEX 82B0043 Jarrulevyt"},"content":{"rendered":"<p>Asennuspuoli: Taka-akseli; L\u00e4pimitta [mm]: 239; Korkeus (mm): 48,1; Paino [kg]: 6,82; Jarrulevytyyppi: Vakiomalli; Jarrulevyn paksuus (mm): 10; V\u00e4himm\u00e4ispaksuus (mm): 8; keskitt\u00e4misl\u00e4pimitta [mm]: 61; Kiristysmomentti: 110; Reik\u00e4ympyr\u00e4-\u00d8 [mm]: 100; Reik\u00e4kuvio\/-m\u00e4\u00e4r\u00e4: 4\/8; Sis\u00e4l\u00e4pimitta [mm]: 154,5; Reik\u00e4-\u00d8 [mm]: 13; Jarru-\/ajodynamiikka: f\u00fcr Fahrzeuge mit ABS; HONDA: CIVIC VI Hatchback EJ, EK,CIVIC VI Fastback MA, MB,CIVIC VI Aerodeck MB, MC,CRX II ED, EE,CIVIC IV Hatchback EC, ED, EE,CIVIC VI Stufenheck EJ, EK,CIVIC V Coupe EJ,PRELUDE III BA,CIVIC V Stufenheck EG, EH,CONCERTO HW,CIVIC IV Stufenheck ED,ACCORD III CA,CONCERTO Stufenheck HWW,ACCORD III Aerodeck CA,ACCORD III Coupe; ROVER: 25 RF,200 RF,45 Stufenheck RT,45 RT,400 RT,CABRIOLET XW,400 Hatchback RT,STREETWISE,200 Hatchback XW,200 Coupe XW,400 Tourer XW,400 XW,COUPE; MG: MG ZR,MG ZS,MG ZS Hatchback,EXPRESS Kasten; LOTUS: ELISE,EXIGE SCC_,ELISE 340 R; 42510SD2A00, 42510SE0000, 42510SE0010, 42510SH3000, 42510SH3G00, 42510SK3305, 42510SK3E00, 42510SK7A00, 42510SR3000, 42510SR3A10, 42510SR3A11, 42510SR3G00, 42510SR3J00, 42510SR3J01, GBD90817, EGP1254PR, EGP1254, GBD90817; Jarrulevy<\/p>\n","protected":false},"excerpt":{"rendered":"<p>RIDEX Jarrulevyt 82B0043 Jarrulevy HONDA,ROVER,MG,CIVIC VI Hatchback EJ, EK,CIVIC VI Fastback MA, MB,CIVIC VI Aerodeck MB, MC,CRX II ED, EE<\/p>\n","protected":false},"featured_media":0,"template":"","meta":{"site-sidebar-layout":"default","site-content-layout":"default","ast-global-header-display":"","ast-main-header-display":"","ast-hfb-above-header-display":"","ast-hfb-below-header-display":"","ast-hfb-mobile-header-display":"","site-post-title":"","ast-breadcrumbs-content":"","ast-featured-img":"","footer-sml-layout":"","theme-transparent-header-meta":"","adv-header-id-meta":"","stick-header-meta":"","header-above-stick-meta":"","header-main-stick-meta":"","header-below-stick-meta":""},"pwb-brand":[157],"product_cat":[66],"product_tag":[],"class_list":{"0":"post-31564","1":"product","2":"type-product","3":"status-publish","5":"pwb-brand-ridex","6":"product_cat-jarrulevyt","7":"desktop-align-left","8":"tablet-align-left","9":"mobile-align-left","11":"first","12":"instock","13":"product-type-external"},"brands":[{"id":157,"name":"RIDEX","slug":"ridex"}],"_links":{"self":[{"href":"https:\/\/www.autonvaraosahaku.fi\/index.php?rest_route=\/wp\/v2\/product\/31564","targetHints":{"allow":["GET"]}}],"collection":[{"href":"https:\/\/www.autonvaraosahaku.fi\/index.php?rest_route=\/wp\/v2\/product"}],"about":[{"href":"https:\/\/www.autonvaraosahaku.fi\/index.php?rest_route=\/wp\/v2\/types\/product"}],"wp:attachment":[{"href":"https:\/\/www.autonvaraosahaku.fi\/index.php?rest_route=%2Fwp%2Fv2%2Fmedia&parent=31564"}],"wp:term":[{"taxonomy":"pwb-brand","embeddable":true,"href":"https:\/\/www.autonvaraosahaku.fi\/index.php?rest_route=%2Fwp%2Fv2%2Fpwb-brand&post=31564"},{"taxonomy":"product_cat","embeddable":true,"href":"https:\/\/www.autonvaraosahaku.fi\/index.php?rest_route=%2Fwp%2Fv2%2Fproduct_cat&post=31564"},{"taxonomy":"product_tag","embeddable":true,"href":"https:\/\/www.autonvaraosahaku.fi\/index.php?rest_route=%2Fwp%2Fv2%2Fproduct_tag&post=31564"}],"curies":[{"name":"wp","href":"https:\/\/api.w.org\/{rel}","templated":true}]}}