{"id":31573,"date":"2021-02-21T16:10:29","date_gmt":"2021-02-21T16:10:29","guid":{"rendered":"https:\/\/www.autonvaraosahaku.fi\/?product=hella-6pr-008-079-041-anturit-sensorit"},"modified":"2021-02-21T16:10:31","modified_gmt":"2021-02-21T16:10:31","slug":"hella-6pr-008-079-041-anturit-sensorit","status":"publish","type":"product","link":"https:\/\/www.autonvaraosahaku.fi\/?product=hella-6pr-008-079-041-anturit-sensorit","title":{"rendered":"HELLA 6PR 008 079-041 Anturit (sensorit)"},"content":{"rendered":"<p>Lis\u00e4tarvike\/lis\u00e4tieto: Tiivisteill\u00e4; Napojen m\u00e4\u00e4r\u00e4: 3; Moottorinumero: ATM; VW: GOLF IV 1J1,PASSAT Variant 3B6,LUPO 6X1, 6E1,GOLF IV Variant 1J5,SHARAN 7M8, 7M9, 7M6,PASSAT Variant 3B5,TRANSPORTER V Bus 7HB, 7HJ, 7EB, 7EJ, 7EF,TOUAREG 7LA, 7L6, 7L7,MULTIVAN V 7HM, 7HN, 7HF, 7EF, 7EM, 7EN,BORA 1J2,PASSAT 3B2,TRANSPORTER V Kasten 7HA, 7HH, 7EA, 7EH,NEW BEETLE 9C1, 1C1,PASSAT 3B3,PHAETON 3D_,BORA Kombi 1J6,NEW BEETLE Cabriolet 1Y7,POLO Variant 6KV5,POLO CLASSIC 6KV2,TRANSPORTER V Pritsche\/Fahrgestell 7JD, 7JE, 7JL, 7JY, 7JZ,,GOLF IV Van 1J1; AUDI: A3 8L1,A4 8D2, B5,A4 Avant 8ED, B7,A4 Avant 8E5, B6,A6 Avant 4B5, C5,A4 Avant 8D5, B5,A4 8E2, B6,A2 8Z0,A6 4B2, C5,A4 8EC, B7,TT 8N3,A8 4D2, 4D8,TT Roadster 8N9,ALLROAD 4BH, C5; SKODA: FABIA Combi 6Y5,FABIA,FABIA 6Y2,OCTAVIA Combi 1U5,FABIA Combi,ROOMSTER 5J,OCTAVIA 1U2,SUPERB 3U4,FABIA Stufenheck 6Y3,FABIA Praktik; SEAT: IBIZA IV 6L1,AROSA 6H,ALHAMBRA 7V8, 7V9,TOLEDO II 1M2,CORDOBA 6L2; FORD: GALAXY WGR; 1J0907660, 1J0907660A, 1J0907660B, 1119169, YM216C624AA, 1J0907660, 1J0907660A, 1J0907660B, 1J0907660, 1J0907660A, 1J0907660B, 1J0907660, 1J0907660A, 1J0907660B; \u00d6ljyn Tasoanturi,Tunnistin, Moottori\u00f6ljyn Taso<\/p>\n","protected":false},"excerpt":{"rendered":"<p>HELLA \u00d6ljytason Anturi 6PR 008 079-041 \u00d6ljyn Tasoanturi,Tunnistin, Moottori\u00f6ljyn Taso VW,AUDI,SKODA,GOLF IV 1J1,PASSAT Variant 3B6,LUPO 6X1, 6E1<\/p>\n","protected":false},"featured_media":0,"template":"","meta":{"site-sidebar-layout":"default","site-content-layout":"default","ast-global-header-display":"","ast-main-header-display":"","ast-hfb-above-header-display":"","ast-hfb-below-header-display":"","ast-hfb-mobile-header-display":"","site-post-title":"","ast-breadcrumbs-content":"","ast-featured-img":"","footer-sml-layout":"","theme-transparent-header-meta":"","adv-header-id-meta":"","stick-header-meta":"","header-above-stick-meta":"","header-main-stick-meta":"","header-below-stick-meta":""},"pwb-brand":[24],"product_cat":[98],"product_tag":[],"class_list":{"0":"post-31573","1":"product","2":"type-product","3":"status-publish","5":"pwb-brand-hella","6":"product_cat-anturit-sensorit","7":"desktop-align-left","8":"tablet-align-left","9":"mobile-align-left","11":"first","12":"instock","13":"product-type-external"},"brands":[{"id":24,"name":"HELLA","slug":"hella"}],"_links":{"self":[{"href":"https:\/\/www.autonvaraosahaku.fi\/index.php?rest_route=\/wp\/v2\/product\/31573","targetHints":{"allow":["GET"]}}],"collection":[{"href":"https:\/\/www.autonvaraosahaku.fi\/index.php?rest_route=\/wp\/v2\/product"}],"about":[{"href":"https:\/\/www.autonvaraosahaku.fi\/index.php?rest_route=\/wp\/v2\/types\/product"}],"wp:attachment":[{"href":"https:\/\/www.autonvaraosahaku.fi\/index.php?rest_route=%2Fwp%2Fv2%2Fmedia&parent=31573"}],"wp:term":[{"taxonomy":"pwb-brand","embeddable":true,"href":"https:\/\/www.autonvaraosahaku.fi\/index.php?rest_route=%2Fwp%2Fv2%2Fpwb-brand&post=31573"},{"taxonomy":"product_cat","embeddable":true,"href":"https:\/\/www.autonvaraosahaku.fi\/index.php?rest_route=%2Fwp%2Fv2%2Fproduct_cat&post=31573"},{"taxonomy":"product_tag","embeddable":true,"href":"https:\/\/www.autonvaraosahaku.fi\/index.php?rest_route=%2Fwp%2Fv2%2Fproduct_tag&post=31573"}],"curies":[{"name":"wp","href":"https:\/\/api.w.org\/{rel}","templated":true}]}}