{"id":31589,"date":"2021-02-21T16:10:34","date_gmt":"2021-02-21T16:10:34","guid":{"rendered":"https:\/\/www.autonvaraosahaku.fi\/?product=trw-gdb1621-jarrupalat"},"modified":"2021-02-21T16:10:35","modified_gmt":"2021-02-21T16:10:35","slug":"trw-gdb1621-jarrupalat","status":"publish","type":"product","link":"https:\/\/www.autonvaraosahaku.fi\/?product=trw-gdb1621-jarrupalat","title":{"rendered":"TRW GDB1621 Jarrupalat"},"content":{"rendered":"<p>Pituus (mm): 123,1; Paksuus [mm]: 16,6; Korkeus (mm): 52,0; Valmistaja rajaus: ATE; Kulumisenilmaisimen liitos: Ei kulumisenilmaisimelle; Tarkistuskilpi: E9 90R &#8211; 01120\/400 E; Jarrut: ei hiili-keraamisille jarrulevyille, vain ter\u00e4sjarrulevyjen yhteydess\u00e4; Huomioi tekniset tiedot: ; M\u00e4\u00e4r\u00e4yksikk\u00f6: Akselisarja; Tuotelinja: COTEC; Asennuspuoli: Hinterachse; MAZDA: 5 CR19,3 BK,PREMACY CP,3 BL,3 Stufenheck BK,3 Stufenheck BL; NISSAN: PRIMERA Kombi WP12,PRIMERA P12,PRIMERA Hatchback P12; VOLVO: V50 MW,S40 II MS; SAAB: 9-3 YS3F,9-3 Kombi YS3F,9-3 Cabriolet YS3F,9-3X; OPEL: VECTRA C Caravan,SIGNUM,VECTRA C,VECTRA C GTS; CITRO\u00cbN: C5 III Break TD_,C5 III RD_; PEUGEOT: 508 SW,508; RENAULT: ESPACE IV JK0\/1_,LAGUNA II Grandtour KG0\/1_,LAGUNA II BG0\/1_,MEGANE II BM0\/1_, CM0\/1_,VEL SATIS BJ0_,LATITUDE L70_; CADILLAC: CTS GMX322; VAUXHALL: VECTRA Mk II C CC,VECTRA Mk II C Estate,VECTRA Mk II C,SIGNUM; 13322091, 1605065, 1605117, 25814674, 93183140, 93190338, 13322091, 15271565, 1605065, 1605117, 4805473, 93172190, 93176116, 93183140, 93190338, 425405, 4254A8, 1605065, 1605117, 93172190, 93183140, 3M512M008AGLC, BP4K26980A, BP4K26980B, BP4K26990A, BP4K26990B, 44060AV725, 44060BA00F, 13322091, 15271565, 1605065, 1605117, 1605196, 1605200, 1605973, 1605993, 4805473, 93172190, 93176116, 93183140, 93190338, 93192623, 425439, 4254A8, 15271565, 4805473, 440602154R, 440608281R, 7701206609, 7701207968, 7701207996, 1012799240, 13322091, 1605065, 1605117, 93166942, 93172190, 93183140, 93190338, 13322091, 1605065, 1605117, 1605200, 93166942, 93172190, 93176116, 93183140, 93190338, 93192623, 307420310; Jarrupalasarja,Jarrupala, Levyjarru<\/p>\n","protected":false},"excerpt":{"rendered":"<p>TRW Jarrupalat GDB1621 Jarrupalasarja,Jarrupala, Levyjarru MAZDA,NISSAN,VOLVO,5 CR19,3 BK,PREMACY CP,3 BL,3 Stufenheck BK,3 Stufenheck BL<\/p>\n","protected":false},"featured_media":0,"template":"","meta":{"site-sidebar-layout":"default","site-content-layout":"default","ast-global-header-display":"","ast-main-header-display":"","ast-hfb-above-header-display":"","ast-hfb-below-header-display":"","ast-hfb-mobile-header-display":"","site-post-title":"","ast-breadcrumbs-content":"","ast-featured-img":"","footer-sml-layout":"","theme-transparent-header-meta":"","adv-header-id-meta":"","stick-header-meta":"","header-above-stick-meta":"","header-main-stick-meta":"","header-below-stick-meta":""},"pwb-brand":[332],"product_cat":[100],"product_tag":[],"class_list":{"0":"post-31589","1":"product","2":"type-product","3":"status-publish","5":"pwb-brand-trw","6":"product_cat-jarrupalat","7":"desktop-align-left","8":"tablet-align-left","9":"mobile-align-left","11":"first","12":"instock","13":"product-type-external"},"brands":[{"id":332,"name":"TRW","slug":"trw"}],"_links":{"self":[{"href":"https:\/\/www.autonvaraosahaku.fi\/index.php?rest_route=\/wp\/v2\/product\/31589","targetHints":{"allow":["GET"]}}],"collection":[{"href":"https:\/\/www.autonvaraosahaku.fi\/index.php?rest_route=\/wp\/v2\/product"}],"about":[{"href":"https:\/\/www.autonvaraosahaku.fi\/index.php?rest_route=\/wp\/v2\/types\/product"}],"wp:attachment":[{"href":"https:\/\/www.autonvaraosahaku.fi\/index.php?rest_route=%2Fwp%2Fv2%2Fmedia&parent=31589"}],"wp:term":[{"taxonomy":"pwb-brand","embeddable":true,"href":"https:\/\/www.autonvaraosahaku.fi\/index.php?rest_route=%2Fwp%2Fv2%2Fpwb-brand&post=31589"},{"taxonomy":"product_cat","embeddable":true,"href":"https:\/\/www.autonvaraosahaku.fi\/index.php?rest_route=%2Fwp%2Fv2%2Fproduct_cat&post=31589"},{"taxonomy":"product_tag","embeddable":true,"href":"https:\/\/www.autonvaraosahaku.fi\/index.php?rest_route=%2Fwp%2Fv2%2Fproduct_tag&post=31589"}],"curies":[{"name":"wp","href":"https:\/\/api.w.org\/{rel}","templated":true}]}}