{"id":31592,"date":"2021-02-21T16:10:34","date_gmt":"2021-02-21T16:10:34","guid":{"rendered":"https:\/\/www.autonvaraosahaku.fi\/?product=corteco-016220b-kannen-pultit"},"modified":"2021-02-21T16:10:36","modified_gmt":"2021-02-21T16:10:36","slug":"corteco-016220b-kannen-pultit","status":"publish","type":"product","link":"https:\/\/www.autonvaraosahaku.fi\/?product=corteco-016220b-kannen-pultit","title":{"rendered":"CORTECO 016220B Kannen pultit"},"content":{"rendered":"<p>Kierremitta: M9; Kierrenousu 1 [mm]: 1,25; Pituus (mm): 96; M\u00e4\u00e4r\u00e4: 10; Ruuvikanta\/mutteriprofiili: Kuusioruuvi \/-mutteri; TECDOC-moottorinumero: 20928; FORD: KA RU8; FIAT: GRANDE PUNTO 199,PUNTO 188,PANDA 169,500 312,SEICENTO 187,PUNTO EVO 199,DOBLO Cargo 223,500 C 312,PUNTO 176,DOBLO 119,PANDA Van 169,PUNTO 199,CINQUECENTO 170,PANDA 141A_,IDEA,PANDA 312,STRADA Pick-up 178E,QUBO 225,PUNTO Van 188AX,PUNTO Cabriolet 176C,UNO 146A\/E,FIORINO Kasten\/Kombi 225,PALIO Weekend 178DX,LINEA 323,SEICENTO Van 187,TIPO 160,PANDA Van 141_,RITMO I 138A,PUNTO Van 176L,PALIO 178BX,SIENA 178_; LANCIA: YPSILON 843,Y 840A,MUSA 350,YPSILON 312, 846,Y10 156; AUTOBIANCHI: Y10; ZASTAVA: 101 1100,YUGO FLORIDA; 7696197&#215;10, 1549981, W302939; Sylinterikannen Pultit,Syl.Kannen Pulttisarja<\/p>\n","protected":false},"excerpt":{"rendered":"<p>CORTECO Kannen Pultit 016220B Sylinterikannen Pultit,Syl.Kannen Pulttisarja FORD,FIAT,LANCIA,KA RU8,GRANDE PUNTO 199,PUNTO 188,PANDA 169,500 312<\/p>\n","protected":false},"featured_media":0,"template":"","meta":{"site-sidebar-layout":"default","site-content-layout":"default","ast-global-header-display":"","ast-main-header-display":"","ast-hfb-above-header-display":"","ast-hfb-below-header-display":"","ast-hfb-mobile-header-display":"","site-post-title":"","ast-breadcrumbs-content":"","ast-featured-img":"","footer-sml-layout":"","theme-transparent-header-meta":"","adv-header-id-meta":"","stick-header-meta":"","header-above-stick-meta":"","header-main-stick-meta":"","header-below-stick-meta":""},"pwb-brand":[53],"product_cat":[67],"product_tag":[],"class_list":{"0":"post-31592","1":"product","2":"type-product","3":"status-publish","5":"pwb-brand-corteco","6":"product_cat-kannen-pultit","7":"desktop-align-left","8":"tablet-align-left","9":"mobile-align-left","11":"first","12":"instock","13":"product-type-external"},"brands":[{"id":53,"name":"CORTECO","slug":"corteco"}],"_links":{"self":[{"href":"https:\/\/www.autonvaraosahaku.fi\/index.php?rest_route=\/wp\/v2\/product\/31592","targetHints":{"allow":["GET"]}}],"collection":[{"href":"https:\/\/www.autonvaraosahaku.fi\/index.php?rest_route=\/wp\/v2\/product"}],"about":[{"href":"https:\/\/www.autonvaraosahaku.fi\/index.php?rest_route=\/wp\/v2\/types\/product"}],"wp:attachment":[{"href":"https:\/\/www.autonvaraosahaku.fi\/index.php?rest_route=%2Fwp%2Fv2%2Fmedia&parent=31592"}],"wp:term":[{"taxonomy":"pwb-brand","embeddable":true,"href":"https:\/\/www.autonvaraosahaku.fi\/index.php?rest_route=%2Fwp%2Fv2%2Fpwb-brand&post=31592"},{"taxonomy":"product_cat","embeddable":true,"href":"https:\/\/www.autonvaraosahaku.fi\/index.php?rest_route=%2Fwp%2Fv2%2Fproduct_cat&post=31592"},{"taxonomy":"product_tag","embeddable":true,"href":"https:\/\/www.autonvaraosahaku.fi\/index.php?rest_route=%2Fwp%2Fv2%2Fproduct_tag&post=31592"}],"curies":[{"name":"wp","href":"https:\/\/api.w.org\/{rel}","templated":true}]}}